{"id":111647,"date":"2020-11-15T06:12:40","date_gmt":"2020-11-15T05:12:40","guid":{"rendered":"https:\/\/drone-parts-center.com\/produit\/betafpv-beta85x-v2-pusher-kit\/"},"modified":"2025-07-26T23:10:39","modified_gmt":"2025-07-26T21:10:39","slug":"betafpv-beta85x-v2-pusher-kit","status":"publish","type":"product","link":"https:\/\/drone-parts-center.com\/nl\/product\/betafpv-beta85x-v2-pusher-kit\/","title":{"rendered":"BetaFPV - BETA85X V2 Pusher Kit"},"content":{"rendered":"<p>BetaFPV - BETA85X V2 Pusher Kit<\/p>\n<p>Een origineel BetaFPV-product, de <strong>Pusher Kit<\/strong> is speciaal ontworpen om uw <strong>Beta85X <\/strong>om te bouwen naar<strong> Beta85X V2<\/strong>. Gemaakt van koolstofvezel en 3D-onderdelen, het is eenvoudig te installeren en zal uw vliegervaring aanzienlijk verbeteren. <\/p>\n<h2><span style=\"color: #555555; font-size: 100%;\">Inhoud<\/span><\/h2>\n<p>1 * Beta85X Gimble van koolstofvezel<br \/>\n1 * Beta85X Top Platform<br \/>\n3 * Rubberen dumper<br \/>\n1 * 3D-printer voor Insta Go camerabevestiging<br \/>\n1 * 3D-printer voor naakte camerabevestiging<br \/>\n1 * 3D-printer voor 14 mm camerabevestiging<br \/>\n1 * 3D-printer voor houderhouder voor VTX-antenne<br \/>\n1 * Basis camerabevestiging voor GoPro 6<br \/>\n1 * 3-pins GH1.25 30AWG-kabel (90 mm)<br \/>\n1 * 5-pins SH1.25 30AWG-kabel (60 mm)<br \/>\n1 * 150 mm batterijriem<br \/>\n1 * Antislip rubberen pads<br \/>\n1 * Pak M2*7 schroeven<br \/>\n1 * Pak M2*3 schroeven<br \/>\n1 * Pak M1.4*8 schroeven<br \/>\n1 * Pak M2 schroefmoeren<\/p>\n<p><img alt=\"Kit de pi\u00e8ces d\u00e9tach\u00e9es pour le drone Betafpv Beta85X V2 avec divers composants en plastique et m\u00e9tal.\" loading=\"lazy\" decoding=\"async\" class=\"alignnone size-full wp-image-7592\" src=\"https:\/\/drone-parts-center.com\/wp-content\/uploads\/2020\/11\/betafpv-beta85x-v2-pusher-kit-8.jpg\" alt=\"\" width=\"800\" height=\"800\" srcset=\"https:\/\/drone-parts-center.com\/wp-content\/uploads\/2020\/11\/betafpv-beta85x-v2-pusher-kit-8.jpg 800w, https:\/\/drone-parts-center.com\/wp-content\/uploads\/2020\/11\/betafpv-beta85x-v2-pusher-kit-8-280x280.jpg 280w, https:\/\/drone-parts-center.com\/wp-content\/uploads\/2020\/11\/betafpv-beta85x-v2-pusher-kit-8-768x768.jpg 768w, https:\/\/drone-parts-center.com\/wp-content\/uploads\/2020\/11\/betafpv-beta85x-v2-pusher-kit-8-247x247.jpg 247w, https:\/\/drone-parts-center.com\/wp-content\/uploads\/2020\/11\/betafpv-beta85x-v2-pusher-kit-8-510x510.jpg 510w, https:\/\/drone-parts-center.com\/wp-content\/uploads\/2020\/11\/betafpv-beta85x-v2-pusher-kit-8-100x100.jpg 100w\" sizes=\"auto, (max-width: 800px) 100vw, 800px\" \/><\/p>\n","protected":false},"excerpt":{"rendered":"<p>De BETA85X Pusher Kit V2 van BetaFPV verbetert je FPV-ervaring. Door de motoren naar achteren te verplaatsen, zorgt het voor een betere stabiliteit en bescherming van de propellers, voor nog spannendere binnen- en buitenvluchten. <\/p>\n","protected":false},"featured_media":113194,"comment_status":"open","ping_status":"closed","template":"","meta":{"_seopress_robots_primary_cat":"","_seopress_titles_title":"Upgrade je vlucht met BETA85X V2 Pusher Kit","_seopress_titles_desc":"Converteer uw Beta85X naar V2 met de Pusher Kit. Eenvoudige installatie, stevige materialen en verbeterde vliegervaring gegarandeerd! ","_seopress_robots_index":"yes","_seopress_analysis_target_kw":"BetaFPV - BETA85X V2 Pusher Kit"},"product_brand":[19394],"product_cat":[],"product_tag":[17922,17940],"class_list":{"0":"post-111647","1":"product","2":"type-product","3":"status-publish","4":"has-post-thumbnail","6":"product_brand-betafpv","7":"product_tag-betafpv-nl-2","8":"product_tag-kleine-whoop-nl","10":"first","11":"outofstock","12":"sale","13":"taxable","14":"shipping-taxable","15":"purchasable","16":"product-type-simple"},"_links":{"self":[{"href":"https:\/\/drone-parts-center.com\/nl\/wp-json\/wp\/v2\/product\/111647","targetHints":{"allow":["GET"]}}],"collection":[{"href":"https:\/\/drone-parts-center.com\/nl\/wp-json\/wp\/v2\/product"}],"about":[{"href":"https:\/\/drone-parts-center.com\/nl\/wp-json\/wp\/v2\/types\/product"}],"replies":[{"embeddable":true,"href":"https:\/\/drone-parts-center.com\/nl\/wp-json\/wp\/v2\/comments?post=111647"}],"wp:featuredmedia":[{"embeddable":true,"href":"https:\/\/drone-parts-center.com\/nl\/wp-json\/wp\/v2\/media\/113194"}],"wp:attachment":[{"href":"https:\/\/drone-parts-center.com\/nl\/wp-json\/wp\/v2\/media?parent=111647"}],"wp:term":[{"taxonomy":"product_brand","embeddable":true,"href":"https:\/\/drone-parts-center.com\/nl\/wp-json\/wp\/v2\/product_brand?post=111647"},{"taxonomy":"product_cat","embeddable":true,"href":"https:\/\/drone-parts-center.com\/nl\/wp-json\/wp\/v2\/product_cat?post=111647"},{"taxonomy":"product_tag","embeddable":true,"href":"https:\/\/drone-parts-center.com\/nl\/wp-json\/wp\/v2\/product_tag?post=111647"}],"curies":[{"name":"wp","href":"https:\/\/api.w.org\/{rel}","templated":true}]}}