{"id":111312,"date":"2021-01-24T13:23:08","date_gmt":"2021-01-24T12:23:08","guid":{"rendered":"https:\/\/drone-parts-center.com\/geldende-regels-voor-mijn-drone\/"},"modified":"2025-05-11T15:21:56","modified_gmt":"2025-05-11T13:21:56","slug":"geldende-regels-voor-mijn-drone","status":"publish","type":"page","link":"https:\/\/drone-parts-center.com\/nl\/geldende-regels-voor-mijn-drone\/","title":{"rendered":"Drone-regelgeving in de Benelux in 2025: Een complete gids voor piloten"},"content":{"rendered":"\n\t<div id=\"text-3283242565\" class=\"text\">\n\t\t\n\n<h2 class=\"uppercase\">regels voor het gebruik van drones in de europese unie op 1 januari 2021<\/h2>\n<div id=\"gtx-trans\" style=\"position: absolute; left: -57px; top: 50.1094px;\">\n<div class=\"gtx-trans-icon\">&nbsp;<\/div>\n<\/div>\n\t\t\n<style>\n#text-3283242565 {\n  text-align: center;\n}\n<\/style>\n\t<\/div>\n\t\n<div class=\"is-divider divider clearfix\" style=\"height:0px;\"><\/div>\n\n\t<div id=\"text-1841447143\" class=\"text\">\n\t\t\n\n<p class=\"lead\">Heb je net een drone gekocht of overweeg je er een aan te schaffen? Deze informatie zal je helpen. <\/p>\n\t\t\n<style>\n#text-1841447143 {\n  text-align: center;\n}\n<\/style>\n\t<\/div>\n\t\n\t<div id=\"text-3892790764\" class=\"text\">\n\t\t\n\n<p><em>Versie gedateerd 24\/01\/21.  <\/em><\/p>\n<p><em>De webshop kan niet aansprakelijk worden gesteld. We proberen je zo goed mogelijk op de hoogte te houden. Deze pagina is alleen ter informatie.  <\/em><\/p>\n<p><em>Meer informatie en bevestiging kan worden aangevraagd bij de offici\u00eble instantie die verantwoordelijk is voor drones in Belgi\u00eb:  <\/em><\/p>\n<p><em><span style=\"text-decoration: underline; color: #3366ff;\"><a style=\"color: #3366ff;\" href=\"https:\/\/mobilit.belgium.be\/fr\/transport_aerien\/drones\" target=\"_blank\" rel=\"noopener\">Drone portaal<\/a><\/span><\/em><\/p>\n\t\t\n<style>\n#text-3892790764 {\n  text-align: center;\n}\n<\/style>\n\t<\/div>\n\t\n\t<div id=\"text-928036966\" class=\"text\">\n\t\t\n\n<h3 style=\"text-align: left;\">Belangrijke links :<\/h3>\n<ul>\n<li style=\"text-align: left;\">Registreren als operator :&nbsp;<span style=\"text-decoration: underline; color: #3366ff;\"><a style=\"color: #3366ff;\" href=\"https:\/\/login.mobilit.fgov.be\/ui\/login?goto=https:%2F%2Fes.mobilit.fgov.be%2Fdrones%2F&amp;fbclid=IwAR3RBDFSru93wEtLtP5Ulk-hi4-p_eZdktkPiCjAxgZbWAx1FTkSLCTs704\" target=\"_blank\" rel=\"noopener\">Registreer<\/a><\/span><\/li>\n<li style=\"text-align: left;\">Volg de gratis training :&nbsp;<span style=\"text-decoration: underline; color: #3366ff;\"><a style=\"color: #3366ff;\" href=\"https:\/\/mobilit.lmsdokeos.com\/fr\/users\/sign_in?fbclid=IwAR0J9AKaOgN022JlBttM2aVZN6rpXRQNrV4FpfADsyGtetYhPWRLi_rTZ-8\" target=\"_blank\" rel=\"noopener\">Online training<\/a><\/span><\/li>\n<li style=\"text-align: left;\">Het gebied controleren voordat je gaat vliegen :&nbsp;<span style=\"text-decoration: underline;\"><span style=\"color: #3366ff; text-decoration: underline;\"><a style=\"color: #3366ff; text-decoration: underline;\" href=\"https:\/\/map.droneguide.be\/?fbclid=IwAR2tF8gnJGIwiLpkiqBhoo-TCfjW0VvDuhFwXbZmWfV6pR-ope3fszwf3Hg#\/\" target=\"_blank\" rel=\"noopener\">Drone gids<\/a><\/span><\/span><\/li>\n<li style=\"text-align: left;\">Extra controle als VLL gereguleerd gebied :&nbsp;<span style=\"text-decoration: underline;\"><span style=\"color: #3366ff;\"><a style=\"color: #3366ff; text-decoration: underline;\" href=\"https:\/\/skeydrone.aero\/map\/index.html?fbclid=IwAR0KSwI4QCd8F5oX3KoBafPW8vad_JUPGj1Q66BMQ660-d60ic6tjOH3YVE\" target=\"_blank\" rel=\"noopener\">Skeydrone <\/a><\/span><\/span> <\/li>\n<li style=\"text-align: left;\">Online aanvraag voor een VLL-beperkingsgebied :&nbsp;<span style=\"text-decoration: underline; color: #3366ff;\"><a style=\"color: #3366ff;\" href=\"https:\/\/www.skeyes.be\/fr\/services\/drone-service-application\/?utm_source=flexmail&amp;utm_medium=e-mail&amp;utm_campaign=20201223dronesdronesuasgeografischezones&amp;utm_content=skeyes&amp;fbclid=IwAR0KSwI4QCd8F5oX3KoBafPW8vad_JUPGj1Q66BMQ660-d60ic6tjOH3YVE\" target=\"_blank\" rel=\"noopener\">Aanvraag Drone Service<\/a><\/span><\/li>\n<\/ul>\n<p>&nbsp;<\/p>\n\t\t\n<style>\n#text-928036966 {\n  text-align: left;\n}\n<\/style>\n\t<\/div>\n\t\n\t<div id=\"text-1471092875\" class=\"text\">\n\t\t\n\n<h2>Model met Cx-label<\/h2>\n<p><img alt=\"Logos d&#039;identification de classe C0, C1, C2, C3 et C4 sur un fond quadrill\u00e9.\" loading=\"lazy\" decoding=\"async\" class=\"size-full wp-image-8837 aligncenter\" src=\"https:\/\/drone-parts-center.com\/wp-content\/uploads\/2021\/01\/Capture.png\" alt=\"\" width=\"515\" height=\"498\" srcset=\"https:\/\/drone-parts-center.com\/wp-content\/uploads\/2021\/01\/Capture.png 515w, https:\/\/drone-parts-center.com\/wp-content\/uploads\/2021\/01\/Capture-414x400.png 414w, https:\/\/drone-parts-center.com\/wp-content\/uploads\/2021\/01\/Capture-510x493.png 510w\" sizes=\"auto, (max-width: 515px) 100vw, 515px\" \/><\/p>\n<p><em>Aangezien bijna geen van de UAS die momenteel op de markt zijn een klasse-identificatie hebben en om gebruikers niet te verplichten snel een van deze UAS aan te schaffen, voorziet de Europese regelgeving in een overgangsregeling vanaf 31 december 2020.<\/em><\/p>\n<p>Er moet worden opgemerkt dat de meeste vliegtuigen die niet als Cx zijn gelabeld na 01\/01\/23 in categorie A3 zullen worden ingedeeld. De grootste impact hiervan is dat je alleen nog maar binnen 150m van mensen of gebouwen mag vliegen. &nbsp;<\/p>\n\t\t\n<style>\n#text-1471092875 {\n  text-align: center;\n}\n<\/style>\n\t<\/div>\n\t\n<div class=\"is-divider divider clearfix\" style=\"height:0px;\"><\/div>\n\n\n\t\t<div class=\"icon-box featured-box icon-box-left text-left\"  >\n\t\t\t\t\t<div class=\"icon-box-img\" style=\"width: 107px\">\n\t\t\t\t<div class=\"icon\">\n\t\t\t\t\t<div class=\"icon-inner\" style=\"color:rgb(0, 0, 0);\">\n\t\t\t\t\t\t\t\t\t\t\t<\/div>\n\t\t\t\t<\/div>\n\t\t\t<\/div>\n\t\t\t\t<div class=\"icon-box-text last-reset\">\n\t\t\t\t\t\t\t\t\t\n\n<h2 class=\"uppercase\"><strong>DJI RIZE TEllo<\/strong><\/h2>\n<h3>&lt;250g<\/h3>\n<ul>\n<li>Gebruikersregistratie in Belgi\u00eb :&nbsp;<span style=\"text-decoration: underline; color: #3366ff;\"><a style=\"color: #3366ff; text-decoration: underline;\" href=\"https:\/\/login.mobilit.fgov.be\/ui\/login?goto=https:%2F%2Fes.mobilit.fgov.be%2Fdrones%2F&amp;fbclid=IwAR0JMXeu2lNZWlj9da9YZ5180NArBIQz7gZnNLfH13x0Y1JFZXnPSOSmd8o\" target=\"_blank\" rel=\"noopener\">FOD Mobiliteit en Vervoer<\/a><\/span><\/li>\n<li>Gebruikers-ID die op het apparaat moet worden aangebracht<\/li>\n<li>Minimumleeftijd: 14<\/li>\n<li>Categorie A1<\/li>\n<li>Klasse C0<\/li>\n<li>Ik kan over mensen heen vliegen (behalve in groepen)<\/li>\n<li>Geen systeem voor identificatie op afstand<\/li>\n<li>Hoogte beperkt tot 120m&nbsp;<\/li>\n<\/ul>\n\n\t\t<\/div>\n\t<\/div>\n\t\n\t\n<div class=\"is-divider divider clearfix\" style=\"height:0px;\"><\/div>\n\n\n\t\t<div class=\"icon-box featured-box icon-box-left text-left\"  >\n\t\t\t\t\t<div class=\"icon-box-img\" style=\"width: 107px\">\n\t\t\t\t<div class=\"icon\">\n\t\t\t\t\t<div class=\"icon-inner\" style=\"color:rgb(0, 0, 0);\">\n\t\t\t\t\t\t\t\t\t\t\t<\/div>\n\t\t\t\t<\/div>\n\t\t\t<\/div>\n\t\t\t\t<div class=\"icon-box-text last-reset\">\n\t\t\t\t\t\t\t\t\t\n\n<h2 class=\"uppercase\"><strong>DJI Mini &amp; mini 2<\/strong><\/h2>\n<h3>&lt;250g<\/h3>\n<ul>\n<li>Gebruikersregistratie in Belgi\u00eb :&nbsp;<a href=\"https:\/\/login.mobilit.fgov.be\/ui\/login?goto=https:%2F%2Fes.mobilit.fgov.be%2Fdrones%2F&amp;fbclid=IwAR0JMXeu2lNZWlj9da9YZ5180NArBIQz7gZnNLfH13x0Y1JFZXnPSOSmd8o\" target=\"_blank\" rel=\"noopener\"><span style=\"text-decoration: underline; color: #3366ff;\">FOD Mobiliteit en Vervoer<\/span><\/a><\/li>\n<li>Gebruikers-ID die op het apparaat moet worden aangebracht<\/li>\n<li>Minimumleeftijd: 14<\/li>\n<li>Categorie A1<\/li>\n<li>Klasse C0<\/li>\n<li>Ik kan over mensen heen vliegen (behalve in groepen)<\/li>\n<li>Geen systeem voor identificatie op afstand<\/li>\n<li>Hoogte beperkt tot 120m&nbsp;<\/li>\n<\/ul>\n\n\t\t<\/div>\n\t<\/div>\n\t\n\t\n<div class=\"is-divider divider clearfix\" style=\"height:0px;\"><\/div>\n\n\n\t\t<div class=\"icon-box featured-box icon-box-left text-left\"  >\n\t\t\t\t\t<div class=\"icon-box-img\" style=\"width: 107px\">\n\t\t\t\t<div class=\"icon\">\n\t\t\t\t\t<div class=\"icon-inner\" style=\"color:rgb(0, 0, 0);\">\n\t\t\t\t\t\t\t\t\t\t\t<\/div>\n\t\t\t\t<\/div>\n\t\t\t<\/div>\n\t\t\t\t<div class=\"icon-box-text last-reset\">\n\t\t\t\t\t\t\t\t\t\n\n<h2 class=\"uppercase\"><strong>DJI Spark<\/strong><\/h2>\n<h3>&lt;500g<\/h3>\n<ul>\n<li>Gebruikersregistratie in Belgi\u00eb :&nbsp;<a href=\"https:\/\/login.mobilit.fgov.be\/ui\/login?goto=https:%2F%2Fes.mobilit.fgov.be%2Fdrones%2F&amp;fbclid=IwAR0JMXeu2lNZWlj9da9YZ5180NArBIQz7gZnNLfH13x0Y1JFZXnPSOSmd8o\" target=\"_blank\" rel=\"noopener\"><span style=\"text-decoration: underline; color: #3366ff;\">FOD Mobiliteit en Vervoer<\/span><\/a><\/li>\n<li>Gebruikers-ID die op het apparaat moet worden aangebracht<\/li>\n<li>Gratis online training met verplicht examen:&nbsp;<span style=\"text-decoration: underline; color: #3366ff;\"><a style=\"color: #3366ff;\" href=\"https:\/\/mobilit.lmsdokeos.com\/fr\/users\/sign_in\" target=\"_blank\" rel=\"noopener\">CSAM identificatie<\/a><\/span><\/li>\n<li>Minimumleeftijd: 14<\/li>\n<li>Categorie A1<\/li>\n<li>Klasse C0<\/li>\n<li>V\u00f3\u00f3r 01\/01\/23 kan ik in de buurt van mensen vliegen<\/li>\n<li>Na 01\/01\/23, overvliegen van mensen en vliegen op 150m van gebouwen verboden<\/li>\n<li>Geen systeem voor identificatie op afstand<\/li>\n<li>Hoogte beperkt tot 120m&nbsp;<\/li>\n<\/ul>\n\n\t\t<\/div>\n\t<\/div>\n\t\n\t\n<div class=\"is-divider divider clearfix\" style=\"height:0px;\"><\/div>\n\n\n\t\t<div class=\"icon-box featured-box icon-box-left text-left\"  >\n\t\t\t\t\t<div class=\"icon-box-img\" style=\"width: 107px\">\n\t\t\t\t<div class=\"icon\">\n\t\t\t\t\t<div class=\"icon-inner\" style=\"color:rgb(0, 0, 0);\">\n\t\t\t\t\t\t\t\t\t\t\t<\/div>\n\t\t\t\t<\/div>\n\t\t\t<\/div>\n\t\t\t\t<div class=\"icon-box-text last-reset\">\n\t\t\t\t\t\t\t\t\t\n\n<h2 class=\"uppercase\"><strong>DJI Mavic Air<\/strong><\/h2>\n<h3>&lt;500g<\/h3>\n<ul>\n<li>Gebruikersregistratie in Belgi\u00eb :&nbsp;<a href=\"https:\/\/login.mobilit.fgov.be\/ui\/login?goto=https:%2F%2Fes.mobilit.fgov.be%2Fdrones%2F&amp;fbclid=IwAR0JMXeu2lNZWlj9da9YZ5180NArBIQz7gZnNLfH13x0Y1JFZXnPSOSmd8o\" target=\"_blank\" rel=\"noopener\"><span style=\"text-decoration: underline; color: #3366ff;\">FOD Mobiliteit en Vervoer<\/span><\/a><\/li>\n<li>Gebruikers-ID die op het apparaat moet worden aangebracht<\/li>\n<li>Gratis online training met verplicht examen:&nbsp;<span style=\"text-decoration: underline; color: #3366ff;\"><a style=\"color: #3366ff;\" href=\"https:\/\/mobilit.lmsdokeos.com\/fr\/users\/sign_in\" target=\"_blank\" rel=\"noopener\">CSAM identificatie<\/a><\/span><\/li>\n<li>Minimumleeftijd: 14<\/li>\n<li>Categorie A1<\/li>\n<li>Klasse C0<\/li>\n<li>V\u00f3\u00f3r 01\/01\/23 kan ik in de buurt van mensen vliegen<\/li>\n<li>Na 01\/01\/23, overvliegen van mensen en vliegen op 150m van gebouwen verboden<\/li>\n<li>Geen systeem voor identificatie op afstand<\/li>\n<li>Hoogte beperkt tot 120m&nbsp;<\/li>\n<\/ul>\n\n\t\t<\/div>\n\t<\/div>\n\t\n\t\n<div class=\"is-divider divider clearfix\" style=\"height:0px;\"><\/div>\n\n\n\t\t<div class=\"icon-box featured-box icon-box-left text-left\"  >\n\t\t\t\t\t<div class=\"icon-box-img\" style=\"width: 107px\">\n\t\t\t\t<div class=\"icon\">\n\t\t\t\t\t<div class=\"icon-inner\" style=\"color:rgb(0, 0, 0);\">\n\t\t\t\t\t\t\t\t\t\t\t<\/div>\n\t\t\t\t<\/div>\n\t\t\t<\/div>\n\t\t\t\t<div class=\"icon-box-text last-reset\">\n\t\t\t\t\t\t\t\t\t\n\n<h2 class=\"uppercase\"><strong>DJI mavic air 2<\/strong><\/h2>\n<h3>&lt;800g<\/h3>\n<ul>\n<li>Gebruikersregistratie in Belgi\u00eb :&nbsp;<a href=\"https:\/\/login.mobilit.fgov.be\/ui\/login?goto=https:%2F%2Fes.mobilit.fgov.be%2Fdrones%2F&amp;fbclid=IwAR0JMXeu2lNZWlj9da9YZ5180NArBIQz7gZnNLfH13x0Y1JFZXnPSOSmd8o\" target=\"_blank\" rel=\"noopener\"><span style=\"text-decoration: underline; color: #3366ff;\">FOD Mobiliteit en Vervoer<\/span><\/a><\/li>\n<li>Gebruikers-ID die op het apparaat moet worden aangebracht<\/li>\n<li>Gratis online training met verplicht examen:&nbsp;<span style=\"text-decoration: underline; color: #3366ff;\"><a style=\"color: #3366ff;\" href=\"https:\/\/mobilit.lmsdokeos.com\/fr\/users\/sign_in\" target=\"_blank\" rel=\"noopener\">CSAM identificatie<\/a><\/span><\/li>\n<li>Verplicht examen voor piloot op afstand :&nbsp;<span style=\"text-decoration: underline; color: #3366ff;\"><a style=\"color: #3366ff; text-decoration: underline;\" href=\"https:\/\/idp.iamfas.belgium.be\/fasui\/login\/eidservice\" target=\"_blank\" rel=\"noopener\">RPAS<\/a><\/span><\/li>\n<li>Minimumleeftijd: 16<\/li>\n<li>Categorie A2<\/li>\n<li>Klasse C0<\/li>\n<li>Als professional mag ik tot 01\/01\/23 op 50m van mensen vliegen.<\/li>\n<li>Als particulier is het verboden om over mensen en 150 m van gebouwen te vliegen.<\/li>\n<li>Ge\u00efntegreerd elektronisch systeem voor identificatie op afstand<\/li>\n<li>Hoogte beperkt tot 120m&nbsp;<\/li>\n<\/ul>\n\n\t\t<\/div>\n\t<\/div>\n\t\n\t\n<div class=\"is-divider divider clearfix\" style=\"height:0px;\"><\/div>\n\n\n\t\t<div class=\"icon-box featured-box icon-box-left text-left\"  >\n\t\t\t\t\t<div class=\"icon-box-img\" style=\"width: 107px\">\n\t\t\t\t<div class=\"icon\">\n\t\t\t\t\t<div class=\"icon-inner\" style=\"color:rgb(0, 0, 0);\">\n\t\t\t\t\t\t\t\t\t\t\t<\/div>\n\t\t\t\t<\/div>\n\t\t\t<\/div>\n\t\t\t\t<div class=\"icon-box-text last-reset\">\n\t\t\t\t\t\t\t\t\t\n\n<h2 class=\"uppercase\"><strong>DJI Mavic pro &amp; platina<\/strong><\/h2>\n<h3>&lt;800g<\/h3>\n<ul>\n<li>Gebruikersregistratie in Belgi\u00eb :&nbsp;<a href=\"https:\/\/login.mobilit.fgov.be\/ui\/login?goto=https:%2F%2Fes.mobilit.fgov.be%2Fdrones%2F&amp;fbclid=IwAR0JMXeu2lNZWlj9da9YZ5180NArBIQz7gZnNLfH13x0Y1JFZXnPSOSmd8o\" target=\"_blank\" rel=\"noopener\"><span style=\"text-decoration: underline; color: #3366ff;\">FOD Mobiliteit en Vervoer<\/span><\/a><\/li>\n<li>Gebruikers-ID die op het apparaat moet worden aangebracht<\/li>\n<li>Gratis online training met verplicht examen:&nbsp;<span style=\"text-decoration: underline; color: #3366ff;\"><a style=\"color: #3366ff;\" href=\"https:\/\/mobilit.lmsdokeos.com\/fr\/users\/sign_in\" target=\"_blank\" rel=\"noopener\">CSAM identificatie<\/a><\/span><\/li>\n<li>Verplicht examen voor piloot op afstand :&nbsp;<span style=\"text-decoration: underline; color: #3366ff;\"><a style=\"color: #3366ff; text-decoration: underline;\" href=\"https:\/\/idp.iamfas.belgium.be\/fasui\/login\/eidservice\" target=\"_blank\" rel=\"noopener\">RPAS<\/a><\/span><\/li>\n<li>Minimumleeftijd: 16<\/li>\n<li>Categorie A2<\/li>\n<li>Klasse C0<\/li>\n<li>Als professional mag ik tot 01\/01\/23 op 50m van mensen vliegen.<\/li>\n<li>Als particulier is het verboden om over mensen en 150 m van gebouwen te vliegen.<\/li>\n<li>Geen systeem voor identificatie op afstand<\/li>\n<li>Hoogte beperkt tot 120m&nbsp;<\/li>\n<\/ul>\n<div id=\"gtx-trans\" style=\"position: absolute; left: 35px; top: 160.422px;\">\n<div class=\"gtx-trans-icon\">&nbsp;<\/div>\n<\/div>\n\n\t\t<\/div>\n\t<\/div>\n\t\n\t\n<div class=\"is-divider divider clearfix\" style=\"height:0px;\"><\/div>\n\n\n\t\t<div class=\"icon-box featured-box icon-box-left text-left\"  >\n\t\t\t\t\t<div class=\"icon-box-img\" style=\"width: 107px\">\n\t\t\t\t<div class=\"icon\">\n\t\t\t\t\t<div class=\"icon-inner\" style=\"color:rgb(0, 0, 0);\">\n\t\t\t\t\t\t\t\t\t\t\t<\/div>\n\t\t\t\t<\/div>\n\t\t\t<\/div>\n\t\t\t\t<div class=\"icon-box-text last-reset\">\n\t\t\t\t\t\t\t\t\t\n\n<h2 class=\"uppercase\"><strong>DJI Phantom 3 std, 4k, se, adv, pro<\/strong><\/h2>\n<h3>&lt;2kg<\/h3>\n<ul>\n<li>Gebruikersregistratie in Belgi\u00eb :&nbsp;<a href=\"https:\/\/login.mobilit.fgov.be\/ui\/login?goto=https:%2F%2Fes.mobilit.fgov.be%2Fdrones%2F&amp;fbclid=IwAR0JMXeu2lNZWlj9da9YZ5180NArBIQz7gZnNLfH13x0Y1JFZXnPSOSmd8o\" target=\"_blank\" rel=\"noopener\"><span style=\"text-decoration: underline; color: #3366ff;\">FOD Mobiliteit en Vervoer<\/span><\/a><\/li>\n<li>Gebruikers-ID die op het apparaat moet worden aangebracht<\/li>\n<li>Gratis online training met verplicht examen:&nbsp;<span style=\"text-decoration: underline; color: #3366ff;\"><a style=\"color: #3366ff;\" href=\"https:\/\/mobilit.lmsdokeos.com\/fr\/users\/sign_in\" target=\"_blank\" rel=\"noopener\">CSAM identificatie<\/a><\/span><\/li>\n<li>Verplicht examen voor piloot op afstand :&nbsp;<span style=\"text-decoration: underline; color: #3366ff;\"><a style=\"color: #3366ff; text-decoration: underline;\" href=\"https:\/\/idp.iamfas.belgium.be\/fasui\/login\/eidservice\" target=\"_blank\" rel=\"noopener\">RPAS<\/a><\/span><\/li>\n<li>Minimumleeftijd: 16<\/li>\n<li>Categorie A2<\/li>\n<li>Klasse C0<\/li>\n<li>Als professional mag ik tot 01\/01\/23 op 50m van mensen vliegen.<\/li>\n<li>Als particulier is het verboden om over mensen en 150 m van gebouwen te vliegen.<\/li>\n<li>Elektronisch identificatiesysteem op afstand<\/li>\n<li>Hoogte beperkt tot 120m&nbsp;<\/li>\n<\/ul>\n\n\t\t<\/div>\n\t<\/div>\n\t\n\t\n<div class=\"is-divider divider clearfix\" style=\"height:0px;\"><\/div>\n\n\n\t\t<div class=\"icon-box featured-box icon-box-left text-left\"  >\n\t\t\t\t\t<div class=\"icon-box-img\" style=\"width: 107px\">\n\t\t\t\t<div class=\"icon\">\n\t\t\t\t\t<div class=\"icon-inner\" style=\"color:rgb(0, 0, 0);\">\n\t\t\t\t\t\t\t\t\t\t\t<\/div>\n\t\t\t\t<\/div>\n\t\t\t<\/div>\n\t\t\t\t<div class=\"icon-box-text last-reset\">\n\t\t\t\t\t\t\t\t\t\n\n<h2 class=\"uppercase\"><strong>DJI Phantom 4 Std, adv, pro<\/strong><\/h2>\n<h3>&lt;2kg<\/h3>\n<ul>\n<li>Gebruikersregistratie in Belgi\u00eb :&nbsp;<a href=\"https:\/\/login.mobilit.fgov.be\/ui\/login?goto=https:%2F%2Fes.mobilit.fgov.be%2Fdrones%2F&amp;fbclid=IwAR0JMXeu2lNZWlj9da9YZ5180NArBIQz7gZnNLfH13x0Y1JFZXnPSOSmd8o\" target=\"_blank\" rel=\"noopener\"><span style=\"text-decoration: underline; color: #3366ff;\">FOD Mobiliteit en Vervoer<\/span><\/a><\/li>\n<li>Gebruikers-ID die op het apparaat moet worden aangebracht<\/li>\n<li>Gratis online training met verplicht examen:&nbsp;<span style=\"text-decoration: underline; color: #3366ff;\"><a style=\"color: #3366ff;\" href=\"https:\/\/mobilit.lmsdokeos.com\/fr\/users\/sign_in\" target=\"_blank\" rel=\"noopener\">CSAM identificatie<\/a><\/span><\/li>\n<li>Verplicht examen voor piloot op afstand :&nbsp;<span style=\"text-decoration: underline; color: #3366ff;\"><a style=\"color: #3366ff; text-decoration: underline;\" href=\"https:\/\/idp.iamfas.belgium.be\/fasui\/login\/eidservice\" target=\"_blank\" rel=\"noopener\">RPAS<\/a><\/span><\/li>\n<li>Minimumleeftijd: 16<\/li>\n<li>Categorie A2<\/li>\n<li>Klasse C0<\/li>\n<li>Als professional mag ik tot 01\/01\/23 op 50m van mensen vliegen.<\/li>\n<li>Als particulier is het verboden om over mensen en 150 m van gebouwen te vliegen.<\/li>\n<li>Elektronisch identificatiesysteem op afstand<\/li>\n<li>Hoogte beperkt tot 120m&nbsp;<\/li>\n<\/ul>\n\n\t\t<\/div>\n\t<\/div>\n\t\n\t\n<div class=\"is-divider divider clearfix\" style=\"height:0px;\"><\/div>\n\n\n\t\t<div class=\"icon-box featured-box icon-box-left text-left\"  >\n\t\t\t\t\t<div class=\"icon-box-img\" style=\"width: 107px\">\n\t\t\t\t<div class=\"icon\">\n\t\t\t\t\t<div class=\"icon-inner\" style=\"color:rgb(0, 0, 0);\">\n\t\t\t\t\t\t\t\t\t\t\t<\/div>\n\t\t\t\t<\/div>\n\t\t\t<\/div>\n\t\t\t\t<div class=\"icon-box-text last-reset\">\n\t\t\t\t\t\t\t\t\t\n\n<h2 class=\"uppercase\"><strong>DJI Phantom 4 pro v2, rtk, multispectraal<\/strong><\/h2>\n<h3>&lt;2kg<\/h3>\n<ul>\n<li>Gebruikersregistratie in Belgi\u00eb :&nbsp;<a href=\"https:\/\/login.mobilit.fgov.be\/ui\/login?goto=https:%2F%2Fes.mobilit.fgov.be%2Fdrones%2F&amp;fbclid=IwAR0JMXeu2lNZWlj9da9YZ5180NArBIQz7gZnNLfH13x0Y1JFZXnPSOSmd8o\" target=\"_blank\" rel=\"noopener\"><span style=\"text-decoration: underline; color: #3366ff;\">FOD Mobiliteit en Vervoer<\/span><\/a><\/li>\n<li>Gebruikers-ID die op het apparaat moet worden aangebracht<\/li>\n<li>Gratis online training met verplicht examen:&nbsp;<span style=\"text-decoration: underline; color: #3366ff;\"><a style=\"color: #3366ff;\" href=\"https:\/\/mobilit.lmsdokeos.com\/fr\/users\/sign_in\" target=\"_blank\" rel=\"noopener\">CSAM identificatie<\/a><\/span><\/li>\n<li>Verplicht examen voor piloot op afstand :&nbsp;<span style=\"text-decoration: underline; color: #3366ff;\"><a style=\"color: #3366ff; text-decoration: underline;\" href=\"https:\/\/idp.iamfas.belgium.be\/fasui\/login\/eidservice\" target=\"_blank\" rel=\"noopener\">RPAS<\/a><\/span><\/li>\n<li>Minimumleeftijd: 16<\/li>\n<li>Categorie A2<\/li>\n<li>Klasse C0<\/li>\n<li>Als professional mag ik tot 01\/01\/23 op 50m van mensen vliegen.<\/li>\n<li>Als particulier is het verboden om over mensen en 150 m van gebouwen te vliegen.<\/li>\n<li>Ge\u00efntegreerd elektronisch systeem voor identificatie op afstand<\/li>\n<li>Hoogte beperkt tot 120m&nbsp;<\/li>\n<\/ul>\n\n\t\t<\/div>\n\t<\/div>\n\t\n\t\n<div class=\"is-divider divider clearfix\" style=\"height:0px;\"><\/div>\n\n\n\t\t<div class=\"icon-box featured-box icon-box-left text-left\"  >\n\t\t\t\t\t<div class=\"icon-box-img\" style=\"width: 107px\">\n\t\t\t\t<div class=\"icon\">\n\t\t\t\t\t<div class=\"icon-inner\" style=\"color:rgb(0, 0, 0);\">\n\t\t\t\t\t\t\t\t\t\t\t<\/div>\n\t\t\t\t<\/div>\n\t\t\t<\/div>\n\t\t\t\t<div class=\"icon-box-text last-reset\">\n\t\t\t\t\t\t\t\t\t\n\n<h2 class=\"uppercase\"><strong>DJI mavic 2 pro, zoom, onderneming<\/strong><\/h2>\n<h3>&lt;2kg<\/h3>\n<ul>\n<li>Gebruikersregistratie in Belgi\u00eb :&nbsp;<a href=\"https:\/\/login.mobilit.fgov.be\/ui\/login?goto=https:%2F%2Fes.mobilit.fgov.be%2Fdrones%2F&amp;fbclid=IwAR0JMXeu2lNZWlj9da9YZ5180NArBIQz7gZnNLfH13x0Y1JFZXnPSOSmd8o\" target=\"_blank\" rel=\"noopener\"><span style=\"text-decoration: underline; color: #3366ff;\">FOD Mobiliteit en Vervoer<\/span><\/a><\/li>\n<li>Gebruikers-ID die op het apparaat moet worden aangebracht<\/li>\n<li>Gratis online training met verplicht examen:&nbsp;<span style=\"text-decoration: underline; color: #3366ff;\"><a style=\"color: #3366ff;\" href=\"https:\/\/mobilit.lmsdokeos.com\/fr\/users\/sign_in\" target=\"_blank\" rel=\"noopener\">CSAM identificatie<\/a><\/span><\/li>\n<li>Verplicht examen voor piloot op afstand :&nbsp;<span style=\"text-decoration: underline; color: #3366ff;\"><a style=\"color: #3366ff; text-decoration: underline;\" href=\"https:\/\/idp.iamfas.belgium.be\/fasui\/login\/eidservice\" target=\"_blank\" rel=\"noopener\">RPAS<\/a><\/span><\/li>\n<li>Minimumleeftijd: 16<\/li>\n<li>Categorie A2<\/li>\n<li>Klasse C0<\/li>\n<li>Als professional mag ik tot 01\/01\/23 op 50m van mensen vliegen.<\/li>\n<li>Als particulier is het verboden om over mensen en 150 m van gebouwen te vliegen.<\/li>\n<li>Ge\u00efntegreerd elektronisch systeem voor identificatie op afstand<\/li>\n<li>Hoogte beperkt tot 120m&nbsp;<\/li>\n<\/ul>\n\n\t\t<\/div>\n\t<\/div>\n\t\n\t\n<div class=\"is-divider divider clearfix\" style=\"height:0px;\"><\/div>\n\n<div class=\"video video-fit mb\" style=\"padding-top:56.25%;\"><iframe loading=\"lazy\" title=\"EASA Drones - Safe drone operations - Meet Donnie &amp; Paul\" width=\"1020\" height=\"574\" src=\"https:\/\/www.youtube.com\/embed\/l6xHV61jwGo?feature=oembed\" frameborder=\"0\" allow=\"accelerometer; autoplay; clipboard-write; encrypted-media; gyroscope; picture-in-picture; web-share\" referrerpolicy=\"strict-origin-when-cross-origin\" allowfullscreen><\/iframe><\/div>\n\n<p><\/p>\n","protected":false},"excerpt":{"rendered":"","protected":false},"author":1,"featured_media":113249,"parent":0,"menu_order":0,"comment_status":"closed","ping_status":"closed","template":"","meta":{"_seopress_robots_primary_cat":"","_seopress_titles_title":"Drone-regelgeving 2025 - Belgi\u00eb &amp; Luxemburg","_seopress_titles_desc":"Begrijp de huidige regels voor het vliegen met een drone in Belgi\u00eb en Luxemburg: categorie\u00ebn, registratie, Europese wetgeving.","_seopress_robots_index":"","footnotes":""},"class_list":["post-111312","page","type-page","status-publish","has-post-thumbnail","hentry"],"_links":{"self":[{"href":"https:\/\/drone-parts-center.com\/nl\/wp-json\/wp\/v2\/pages\/111312","targetHints":{"allow":["GET"]}}],"collection":[{"href":"https:\/\/drone-parts-center.com\/nl\/wp-json\/wp\/v2\/pages"}],"about":[{"href":"https:\/\/drone-parts-center.com\/nl\/wp-json\/wp\/v2\/types\/page"}],"author":[{"embeddable":true,"href":"https:\/\/drone-parts-center.com\/nl\/wp-json\/wp\/v2\/users\/1"}],"replies":[{"embeddable":true,"href":"https:\/\/drone-parts-center.com\/nl\/wp-json\/wp\/v2\/comments?post=111312"}],"version-history":[{"count":0,"href":"https:\/\/drone-parts-center.com\/nl\/wp-json\/wp\/v2\/pages\/111312\/revisions"}],"wp:featuredmedia":[{"embeddable":true,"href":"https:\/\/drone-parts-center.com\/nl\/wp-json\/wp\/v2\/media\/113249"}],"wp:attachment":[{"href":"https:\/\/drone-parts-center.com\/nl\/wp-json\/wp\/v2\/media?parent=111312"}],"curies":[{"name":"wp","href":"https:\/\/api.w.org\/{rel}","templated":true}]}}