{"id":93739,"date":"2020-11-15T06:12:40","date_gmt":"2020-11-15T05:12:40","guid":{"rendered":"https:\/\/drone-parts-center.com\/produit\/betafpv-beta85x-v2-pusher-kit\/"},"modified":"2025-07-26T23:10:55","modified_gmt":"2025-07-26T21:10:55","slug":"betafpv-beta85x-v2-pusher-kit","status":"publish","type":"product","link":"https:\/\/drone-parts-center.com\/en\/product\/betafpv-beta85x-v2-pusher-kit\/","title":{"rendered":"BetaFPV &#8211; BETA85X V2 Pusher Kit"},"content":{"rendered":"<p>BetaFPV &#8211; BETA85X V2 Pusher Kit<\/p>\n<p>An original BetaFPV product, the <strong>Pusher Kit<\/strong> is specially designed to convert your <strong>Beta85X <\/strong>to<strong> Beta85X V2<\/strong>. Made of carbon fiber and 3D parts, it is easy to install and will significantly improve your flying experience. <\/p>\n<h2><span style=\"color: #555555; font-size: 100%;\">Contents<\/span><\/h2>\n<p>1 * Beta85X Carbon Fiber Gimble<br \/>\n1 * Beta85X Top Platform<br \/>\n3 * Rubber Dumper<br \/>\n1 * 3D Printer for Insta Go Camera Mount<br \/>\n1 * 3D Printer for Naked Camera Mount<br \/>\n1 * 3D Printer for 14mm Camera Mount<br \/>\n1 * 3D Printer for Holder Mount for VTX Antenna<br \/>\n1 * Base Camera Mount for GoPro 6<br \/>\n1 * 3-Pin GH1.25 30AWG Cable(90mm)<br \/>\n1 * 5-Pin SH1.25 30AWG Cable(60mm)<br \/>\n1 * 150mm Battery Strap<br \/>\n1 * No-Slip Rubber Pads<br \/>\n1 * Pack of M2*7 Screws<br \/>\n1 * Pack of M2*3 Screws<br \/>\n1 * Pack of M1.4*8 Screws<br \/>\n1 * Pack of M2 Screw Nuts<\/p>\n<p><img alt=\"Kit de pi\u00e8ces d\u00e9tach\u00e9es pour le drone Betafpv Beta85X V2 avec divers composants en plastique et m\u00e9tal.\" loading=\"lazy\" decoding=\"async\" class=\"alignnone size-full wp-image-7592\" src=\"https:\/\/drone-parts-center.com\/wp-content\/uploads\/2020\/11\/betafpv-beta85x-v2-pusher-kit-8.jpg\" alt=\"\" width=\"800\" height=\"800\" srcset=\"https:\/\/drone-parts-center.com\/wp-content\/uploads\/2020\/11\/betafpv-beta85x-v2-pusher-kit-8.jpg 800w, https:\/\/drone-parts-center.com\/wp-content\/uploads\/2020\/11\/betafpv-beta85x-v2-pusher-kit-8-280x280.jpg 280w, https:\/\/drone-parts-center.com\/wp-content\/uploads\/2020\/11\/betafpv-beta85x-v2-pusher-kit-8-768x768.jpg 768w, https:\/\/drone-parts-center.com\/wp-content\/uploads\/2020\/11\/betafpv-beta85x-v2-pusher-kit-8-247x247.jpg 247w, https:\/\/drone-parts-center.com\/wp-content\/uploads\/2020\/11\/betafpv-beta85x-v2-pusher-kit-8-510x510.jpg 510w, https:\/\/drone-parts-center.com\/wp-content\/uploads\/2020\/11\/betafpv-beta85x-v2-pusher-kit-8-100x100.jpg 100w\" sizes=\"auto, (max-width: 800px) 100vw, 800px\" \/><\/p>\n","protected":false},"excerpt":{"rendered":"<p>The BETA85X V2 pusher kit from BetaFPV enhances your FPV experience. By moving the motors to the rear, it offers better stability and improved protection for the propellers, for even more captivating indoor and outdoor flights. <\/p>\n","protected":false},"featured_media":79469,"comment_status":"open","ping_status":"closed","template":"","meta":{"_seopress_robots_primary_cat":"","_seopress_titles_title":"Upgrade your flight with BETA85X V2 Pusher Kit","_seopress_titles_desc":"Convert your Beta85X to V2 with the Pusher Kit. Easy installation, sturdy materials and improved flight experience guaranteed! ","_seopress_robots_index":"yes","_seopress_analysis_target_kw":"BetaFPV - BETA85X V2 Pusher Kit"},"product_brand":[19392],"product_cat":[],"product_tag":[13547,14370],"class_list":{"0":"post-93739","1":"product","2":"type-product","3":"status-publish","4":"has-post-thumbnail","6":"product_brand-betafpv","7":"product_tag-betafpv-en-3","8":"product_tag-tiny-whoop-en-3","10":"first","11":"outofstock","12":"sale","13":"taxable","14":"shipping-taxable","15":"purchasable","16":"product-type-simple"},"_links":{"self":[{"href":"https:\/\/drone-parts-center.com\/en\/wp-json\/wp\/v2\/product\/93739","targetHints":{"allow":["GET"]}}],"collection":[{"href":"https:\/\/drone-parts-center.com\/en\/wp-json\/wp\/v2\/product"}],"about":[{"href":"https:\/\/drone-parts-center.com\/en\/wp-json\/wp\/v2\/types\/product"}],"replies":[{"embeddable":true,"href":"https:\/\/drone-parts-center.com\/en\/wp-json\/wp\/v2\/comments?post=93739"}],"wp:featuredmedia":[{"embeddable":true,"href":"https:\/\/drone-parts-center.com\/en\/wp-json\/wp\/v2\/media\/79469"}],"wp:attachment":[{"href":"https:\/\/drone-parts-center.com\/en\/wp-json\/wp\/v2\/media?parent=93739"}],"wp:term":[{"taxonomy":"product_brand","embeddable":true,"href":"https:\/\/drone-parts-center.com\/en\/wp-json\/wp\/v2\/product_brand?post=93739"},{"taxonomy":"product_cat","embeddable":true,"href":"https:\/\/drone-parts-center.com\/en\/wp-json\/wp\/v2\/product_cat?post=93739"},{"taxonomy":"product_tag","embeddable":true,"href":"https:\/\/drone-parts-center.com\/en\/wp-json\/wp\/v2\/product_tag?post=93739"}],"curies":[{"name":"wp","href":"https:\/\/api.w.org\/{rel}","templated":true}]}}