{"id":96775,"date":"2022-09-24T14:37:35","date_gmt":"2022-09-24T12:37:35","guid":{"rendered":"https:\/\/drone-parts-center.com\/produit\/dji-avata-modul-fuer-untere-sicht\/"},"modified":"2026-02-18T08:15:12","modified_gmt":"2026-02-18T07:15:12","slug":"dji-avata-modul-fuer-untere-sicht","status":"publish","type":"product","link":"https:\/\/drone-parts-center.com\/de\/produkt\/dji-avata-modul-fuer-untere-sicht\/","title":{"rendered":"DJI Avata - Untersichtmodul"},"content":{"rendered":"<h2>DJI Avata - Unteres Sichtmodul (Ersatzteil)<\/h2>\n<p>Original DJI Untersichtmodul f\u00fcr die Avata Drohne. Dieser Bauchsensor sorgt f\u00fcr die genaue Positionierung der Drohne in niedriger H\u00f6he (ohne GPS) und erkennt die Entfernung zum Boden f\u00fcr eine sichere Landung. Es enth\u00e4lt einen ToF-Infrarotsensor und Sichtkameras.  <\/p>\n<h3>Wann sollte diese M\u00fcnze ausgetauscht werden?<\/h3>\n<p>Ersetzen Sie dieses Modul, wenn die Drohne Fehler des Bauchsensors anzeigt, wenn die Positionierung in Innenr\u00e4umen instabil ist oder wenn das Modul durch einen Absturz besch\u00e4digt wurde.<\/p>\n<h3>Kompatibilit\u00e4t<\/h3>\n<p>Nur mit der DJI Avata kompatibel. Nicht kompatibel mit DJI Avata 2. 100% Original DJI-Produkt.  <\/p>\n","protected":false},"excerpt":{"rendered":"<p>Dieses neue und authentische DJI-Ersatzteil dient zum Austausch des unteren Vision-Moduls Ihrer DJI Avata Drohne.<\/p>\n","protected":false},"featured_media":99311,"comment_status":"open","ping_status":"closed","template":"","meta":{"_seopress_robots_primary_cat":"","_seopress_titles_title":"Ersetzen Sie das urspr\u00fcngliche DJI Avata Vision Modul.","_seopress_titles_desc":"Entdecken Sie den einfachen Austausch des Untersichtmoduls f\u00fcr Ihren DJI Avata. Neu und 100% original DJI-Produkt, Qualit\u00e4tsgarantie. ","_seopress_robots_index":"yes"},"product_brand":[19390],"product_cat":[15785],"product_tag":[15784,15485],"class_list":{"0":"post-96775","1":"product","2":"type-product","3":"status-publish","4":"has-post-thumbnail","6":"product_brand-dji","7":"product_cat-dji-avata-de","8":"product_tag-avata-de","9":"product_tag-dji-de-3","11":"first","12":"outofstock","13":"taxable","14":"shipping-taxable","15":"purchasable","16":"product-type-simple"},"_links":{"self":[{"href":"https:\/\/drone-parts-center.com\/de\/wp-json\/wp\/v2\/product\/96775","targetHints":{"allow":["GET"]}}],"collection":[{"href":"https:\/\/drone-parts-center.com\/de\/wp-json\/wp\/v2\/product"}],"about":[{"href":"https:\/\/drone-parts-center.com\/de\/wp-json\/wp\/v2\/types\/product"}],"replies":[{"embeddable":true,"href":"https:\/\/drone-parts-center.com\/de\/wp-json\/wp\/v2\/comments?post=96775"}],"wp:featuredmedia":[{"embeddable":true,"href":"https:\/\/drone-parts-center.com\/de\/wp-json\/wp\/v2\/media\/99311"}],"wp:attachment":[{"href":"https:\/\/drone-parts-center.com\/de\/wp-json\/wp\/v2\/media?parent=96775"}],"wp:term":[{"taxonomy":"product_brand","embeddable":true,"href":"https:\/\/drone-parts-center.com\/de\/wp-json\/wp\/v2\/product_brand?post=96775"},{"taxonomy":"product_cat","embeddable":true,"href":"https:\/\/drone-parts-center.com\/de\/wp-json\/wp\/v2\/product_cat?post=96775"},{"taxonomy":"product_tag","embeddable":true,"href":"https:\/\/drone-parts-center.com\/de\/wp-json\/wp\/v2\/product_tag?post=96775"}],"curies":[{"name":"wp","href":"https:\/\/api.w.org\/{rel}","templated":true}]}}