{"id":96773,"date":"2022-09-24T14:47:46","date_gmt":"2022-09-24T12:47:46","guid":{"rendered":"https:\/\/drone-parts-center.com\/produit\/dji-avata-rechte-antenne\/"},"modified":"2026-02-18T08:15:24","modified_gmt":"2026-02-18T07:15:24","slug":"dji-avata-rechte-antenne","status":"publish","type":"product","link":"https:\/\/drone-parts-center.com\/de\/produkt\/dji-avata-rechte-antenne\/","title":{"rendered":"DJI Avata - Rechte Antenne"},"content":{"rendered":"<h2>DJI Avata - Rechte Antenne (Ersatzteil)<\/h2>\n<p>Original DJI rechte Antenne f\u00fcr die Avata Drohne. Diese Antenne stellt die Funkverbindung zwischen der Drohne und den DJI Goggles 2 oder DJI FPV Goggles V2 her und erm\u00f6glicht so die \u00dcbertragung von HD-Videos in Echtzeit und die Fernsteuerung der Drohne. <\/p>\n<h3>Wann sollte diese M\u00fcnze ausgetauscht werden?<\/h3>\n<p>Ersetzen Sie diese Antenne, wenn die \u00dcbertragungsreichweite reduziert ist, wenn das Videosignal h\u00e4ufig unterbrochen wird oder wenn die Antenne durch einen Absturz physisch gebrochen ist. Die Antennen des DJI Avata sind exponiert und k\u00f6nnen durch St\u00f6\u00dfe besch\u00e4digt werden. <\/p>\n<h3>Kompatibilit\u00e4t<\/h3>\n<p>Nur mit dem DJI Avata kompatibel. Achtung: Dieses Teil ist spezifisch f\u00fcr die rechte Seite. 100% Original DJI-Produkt.  <\/p>\n","protected":false},"excerpt":{"rendered":"<p>Dieses Ersatzteil erm\u00f6glicht den Austausch der rechten Antenne Ihrer DJI Avata Drohne. Das Teil ist 100% authentisch und neu. <\/p>\n","protected":false},"featured_media":99313,"comment_status":"open","ping_status":"closed","template":"","meta":{"_seopress_robots_primary_cat":"","_seopress_titles_title":"Ersetzen Sie die originale rechte Antenne DJI Avata","_seopress_titles_desc":"Ersetzen Sie die rechte Antenne Ihres DJI Avata mit einem originalen und neuen Ersatzteil. DJI-Qualit\u00e4t garantiert. ","_seopress_robots_index":"yes","_seopress_analysis_target_kw":"DJI Avata - Rechte Antenne"},"product_brand":[19390],"product_cat":[15785],"product_tag":[15784,15485],"class_list":{"0":"post-96773","1":"product","2":"type-product","3":"status-publish","4":"has-post-thumbnail","6":"product_brand-dji","7":"product_cat-dji-avata-de","8":"product_tag-avata-de","9":"product_tag-dji-de-3","11":"first","12":"outofstock","13":"taxable","14":"shipping-taxable","15":"purchasable","16":"product-type-simple"},"_links":{"self":[{"href":"https:\/\/drone-parts-center.com\/de\/wp-json\/wp\/v2\/product\/96773","targetHints":{"allow":["GET"]}}],"collection":[{"href":"https:\/\/drone-parts-center.com\/de\/wp-json\/wp\/v2\/product"}],"about":[{"href":"https:\/\/drone-parts-center.com\/de\/wp-json\/wp\/v2\/types\/product"}],"replies":[{"embeddable":true,"href":"https:\/\/drone-parts-center.com\/de\/wp-json\/wp\/v2\/comments?post=96773"}],"wp:featuredmedia":[{"embeddable":true,"href":"https:\/\/drone-parts-center.com\/de\/wp-json\/wp\/v2\/media\/99313"}],"wp:attachment":[{"href":"https:\/\/drone-parts-center.com\/de\/wp-json\/wp\/v2\/media?parent=96773"}],"wp:term":[{"taxonomy":"product_brand","embeddable":true,"href":"https:\/\/drone-parts-center.com\/de\/wp-json\/wp\/v2\/product_brand?post=96773"},{"taxonomy":"product_cat","embeddable":true,"href":"https:\/\/drone-parts-center.com\/de\/wp-json\/wp\/v2\/product_cat?post=96773"},{"taxonomy":"product_tag","embeddable":true,"href":"https:\/\/drone-parts-center.com\/de\/wp-json\/wp\/v2\/product_tag?post=96773"}],"curies":[{"name":"wp","href":"https:\/\/api.w.org\/{rel}","templated":true}]}}