{"id":96742,"date":"2022-08-04T09:55:59","date_gmt":"2022-08-04T07:55:59","guid":{"rendered":"https:\/\/drone-parts-center.com\/produit\/dji-mini-3-pro-sichtmodul-fuer-vorder-und-rueckseite\/"},"modified":"2026-03-08T11:28:55","modified_gmt":"2026-03-08T10:28:55","slug":"dji-mini-3-pro-sichtmodul-fuer-vorder-und-rueckseite","status":"publish","type":"product","link":"https:\/\/drone-parts-center.com\/de\/produkt\/dji-mini-3-pro-sichtmodul-fuer-vorder-und-rueckseite\/","title":{"rendered":"DJI Mini 3 Pro - Modul f\u00fcr Vor- und R\u00fcckw\u00e4rtssicht"},"content":{"rendered":"<h2>DJI Mini 3 Pro - Modul f\u00fcr Vorder- und R\u00fccksicht (Ersatzteil)<\/h2>\n<p>Original DJIs kombiniertes Vorder- und R\u00fccksichtmodul f\u00fcr die Mini 3 Pro Drohne. Dieses Modul enth\u00e4lt die Sensoren zur Erkennung von Hindernissen an der Vorder- und R\u00fcckseite, die Schl\u00fcsselkomponenten des dreidimensionalen Systems zur Vermeidung von Hindernissen des Mini 3 Pro. <\/p>\n<h3>Wann sollte diese M\u00fcnze ausgetauscht werden?<\/h3>\n<p>Ersetzen Sie dieses Modul, wenn die vorderen oder hinteren Sensoren nicht mehr funktionieren, wenn die DJI Fly Anwendung Fehler bei der Hinderniserkennung meldet, oder wenn das Modul nach einem Absturz besch\u00e4digt ist.<\/p>\n<h3>Kompatibilit\u00e4t<\/h3>\n<p>Nur mit dem DJI Mini 3 Pro kompatibel. Nicht kompatibel mit Mini 3, Mini 2 oder Mini 4 Pro. 100% Original DJI-Produkt.  <\/p>\n","protected":false},"excerpt":{"rendered":"<p>Dieses 100% authentische DJI-Ersatzteil erm\u00f6glicht den Austausch des Vorw\u00e4rts- und R\u00fcckw\u00e4rtssichtmoduls f\u00fcr die DJI Mini 3 Pro Drohne.<\/p>\n","protected":false},"featured_media":99156,"comment_status":"open","ping_status":"closed","template":"","meta":{"_seopress_robots_primary_cat":"","_seopress_titles_title":"DJI Mini 3 Pro: Modul f\u00fcr Vorw\u00e4rts- und R\u00fcckw\u00e4rtssicht","_seopress_titles_desc":"Entdecken Sie den DJI Mini 3 Pro mit seinem Front- und R\u00fccksichtmodul. 100% originales und neues Produkt. Profitieren Sie jetzt von der DJI-Technologie.  ","_seopress_robots_index":"","_seopress_analysis_target_kw":"DJI Mini 3 Pro - Sichtmodul f\u00fcr Vorder- und R\u00fcckseite"},"product_brand":[19390],"product_cat":[19957,15709],"product_tag":[15485,15797],"class_list":{"0":"post-96742","1":"product","2":"type-product","3":"status-publish","4":"has-post-thumbnail","6":"product_brand-dji","7":"product_cat-auslaufmodelle","8":"product_cat-dji-mini-3-pro-de","9":"product_tag-dji-de-3","10":"product_tag-mini-3-pro-de","11":"pa_piece-3-in-1-set-global-de","12":"pa_piece-3-in-1-set-japan-de","13":"pa_piece-chassis-inferieur-de","14":"pa_piece-chassis-milieu-de","15":"pa_piece-chassis-superieur-de","16":"pa_piece-middle-frame-global-de","17":"pa_piece-upper-cover-de","19":"first","20":"instock","21":"sale","22":"taxable","23":"shipping-taxable","24":"purchasable","25":"product-type-simple"},"_links":{"self":[{"href":"https:\/\/drone-parts-center.com\/de\/wp-json\/wp\/v2\/product\/96742","targetHints":{"allow":["GET"]}}],"collection":[{"href":"https:\/\/drone-parts-center.com\/de\/wp-json\/wp\/v2\/product"}],"about":[{"href":"https:\/\/drone-parts-center.com\/de\/wp-json\/wp\/v2\/types\/product"}],"replies":[{"embeddable":true,"href":"https:\/\/drone-parts-center.com\/de\/wp-json\/wp\/v2\/comments?post=96742"}],"wp:featuredmedia":[{"embeddable":true,"href":"https:\/\/drone-parts-center.com\/de\/wp-json\/wp\/v2\/media\/99156"}],"wp:attachment":[{"href":"https:\/\/drone-parts-center.com\/de\/wp-json\/wp\/v2\/media?parent=96742"}],"wp:term":[{"taxonomy":"product_brand","embeddable":true,"href":"https:\/\/drone-parts-center.com\/de\/wp-json\/wp\/v2\/product_brand?post=96742"},{"taxonomy":"product_cat","embeddable":true,"href":"https:\/\/drone-parts-center.com\/de\/wp-json\/wp\/v2\/product_cat?post=96742"},{"taxonomy":"product_tag","embeddable":true,"href":"https:\/\/drone-parts-center.com\/de\/wp-json\/wp\/v2\/product_tag?post=96742"}],"curies":[{"name":"wp","href":"https:\/\/api.w.org\/{rel}","templated":true}]}}