{"id":96736,"date":"2022-09-20T07:55:56","date_gmt":"2022-09-20T05:55:56","guid":{"rendered":"https:\/\/drone-parts-center.com\/produit\/dji-matrice-300-sdr-antennenkarte\/"},"modified":"2026-02-18T08:14:28","modified_gmt":"2026-02-18T07:14:28","slug":"dji-matrice-300-sdr-antennenkarte","status":"publish","type":"product","link":"https:\/\/drone-parts-center.com\/de\/produkt\/dji-matrice-300-sdr-antennenkarte\/","title":{"rendered":"DJI Matrice 300 - SDR-Antennenkarte"},"content":{"rendered":"<h2>DJI Matrice 300 - SDR Antennenkarte (Ersatzteil)<\/h2>\n<p>Original DJI SDR-Antennenkarte f\u00fcr die professionelle Drohne Matrice 300 RTK. Diese Platine steuert die Verarbeitung des Funksignals zwischen den SDR-Antennen und dem Kommunikationssystem der Drohne. <\/p>\n<h3>Wann sollte diese M\u00fcnze ausgetauscht werden?<\/h3>\n<p>Tauschen Sie diese Karte aus, wenn die Drohne anhaltende Probleme mit der Funkverbindung hat, wenn die Reichweite selbst bei intakten Antennen ungew\u00f6hnlich gering ist oder wenn die DJI-Diagnose einen Kommunikationsfehler meldet.<\/p>\n<h3>Kompatibilit\u00e4t<\/h3>\n<p>Kompatibel mit der DJI Matrice 300 RTK und der DJI Matrice 350 RTK. 100% Original DJI-Produkt. <\/p>\n","protected":false},"excerpt":{"rendered":"<p>Die DJI Matrice 300 SDR Antennenkarte: 100% Original DJI, kompatibel mit der Matrice 300. Sichern Sie sich die perfekte Kompatibilit\u00e4t f\u00fcr eine zuverl\u00e4ssige Leistung! <\/p>\n","protected":false},"featured_media":99282,"comment_status":"open","ping_status":"closed","template":"","meta":{"_seopress_robots_primary_cat":"","_seopress_titles_title":"SDR Antennenkarte f\u00fcr DJI Matrice 300 Original","_seopress_titles_desc":"Entdecken Sie die 100% originale SDR Antennenkarte f\u00fcr DJI Matrice 300. R\u00fcsten Sie Ihre Drohne mit diesem kompatiblen und leistungsstarken Ersatzteil auf. ","_seopress_robots_index":"yes","_seopress_analysis_target_kw":"DJI Matrice 300 - SDR-Antennenkarte"},"product_brand":[19390],"product_cat":[15781],"product_tag":[15485,15703],"class_list":{"0":"post-96736","1":"product","2":"type-product","3":"status-publish","4":"has-post-thumbnail","6":"product_brand-dji","7":"product_cat-dji-matrice-300-350-de","8":"product_tag-dji-de-3","9":"product_tag-enterprise-de-3","10":"pa_position-4-in-1-set-de","11":"pa_position-arriere-droit-de","12":"pa_position-arriere-gauche-de","13":"pa_position-avant-droit-de","14":"pa_position-avant-gauche-de","15":"pa_position-left-back-de","16":"pa_position-right-back-de","17":"pa_position-right-front-de","19":"first","20":"outofstock","21":"taxable","22":"shipping-taxable","23":"purchasable","24":"product-type-simple"},"_links":{"self":[{"href":"https:\/\/drone-parts-center.com\/de\/wp-json\/wp\/v2\/product\/96736","targetHints":{"allow":["GET"]}}],"collection":[{"href":"https:\/\/drone-parts-center.com\/de\/wp-json\/wp\/v2\/product"}],"about":[{"href":"https:\/\/drone-parts-center.com\/de\/wp-json\/wp\/v2\/types\/product"}],"replies":[{"embeddable":true,"href":"https:\/\/drone-parts-center.com\/de\/wp-json\/wp\/v2\/comments?post=96736"}],"wp:featuredmedia":[{"embeddable":true,"href":"https:\/\/drone-parts-center.com\/de\/wp-json\/wp\/v2\/media\/99282"}],"wp:attachment":[{"href":"https:\/\/drone-parts-center.com\/de\/wp-json\/wp\/v2\/media?parent=96736"}],"wp:term":[{"taxonomy":"product_brand","embeddable":true,"href":"https:\/\/drone-parts-center.com\/de\/wp-json\/wp\/v2\/product_brand?post=96736"},{"taxonomy":"product_cat","embeddable":true,"href":"https:\/\/drone-parts-center.com\/de\/wp-json\/wp\/v2\/product_cat?post=96736"},{"taxonomy":"product_tag","embeddable":true,"href":"https:\/\/drone-parts-center.com\/de\/wp-json\/wp\/v2\/product_tag?post=96736"}],"curies":[{"name":"wp","href":"https:\/\/api.w.org\/{rel}","templated":true}]}}