{"id":96734,"date":"2022-09-24T14:27:36","date_gmt":"2022-09-24T12:27:36","guid":{"rendered":"https:\/\/drone-parts-center.com\/produit\/dji-avata-esc-modul-mit-motoren\/"},"modified":"2026-03-28T11:37:25","modified_gmt":"2026-03-28T10:37:25","slug":"dji-avata-esc-modul-mit-motoren","status":"publish","type":"product","link":"https:\/\/drone-parts-center.com\/de\/produkt\/dji-avata-esc-modul-mit-motoren\/","title":{"rendered":"DJI Avata - ESC-Modul mit Motoren"},"content":{"rendered":"<h2>DJI Avata - ESC-Modul mit Motoren (Ersatzteil)<\/h2>\n<p>Integriertes ESC-Modul mit DJI-Originalmotoren f\u00fcr die Avata-Drohne. Dieses Modul kombiniert den elektronischen Geschwindigkeitsregler mit b\u00fcrstenlosen Motoren und erm\u00f6glicht einen einfachen Austausch der Antriebseinheit im Falle einer Besch\u00e4digung. <\/p>\n<h3>Wann sollte diese M\u00fcnze ausgetauscht werden?<\/h3>\n<p>Ersetzen Sie dieses Modul, wenn ein Motor blockiert, besch\u00e4digt ist oder nicht mehr richtig l\u00e4uft, oder wenn das ESC versagt (Leistungsverlust, erratisches Verhalten). Da der DJI Avata f\u00fcr den FPV-Flug entwickelt wurde, k\u00f6nnen Abst\u00fcrze die Motoren h\u00e4ufig besch\u00e4digen. <\/p>\n<h3>Kompatibilit\u00e4t<\/h3>\n<p>Nur mit der DJI Avata kompatibel. Nicht kompatibel mit DJI Avata 2. 100% Original DJI-Produkt.  <\/p>\n","protected":false},"excerpt":{"rendered":"<p>Dieses neue und authentische DJI-Ersatzteil erm\u00f6glicht den Austausch des ESC-Moduls mit Motoren in Ihrer DJI Avata Drohne.<\/p>\n","protected":false},"featured_media":99310,"comment_status":"open","ping_status":"closed","template":"","meta":{"_seopress_robots_primary_cat":"","_seopress_titles_title":"DJI Avata: Ersetzen Sie das ESC-Modul mit Motoren","_seopress_titles_desc":"Entdecken Sie das ESC-Modul mit Motoren f\u00fcr DJI Avata, 100% original und neu. Ersetzen Sie einfach Ihr defektes Modul. ","_seopress_robots_index":"yes","_seopress_analysis_target_kw":"DJI Avata - ESC-Modul mit Motoren"},"product_brand":[19390],"product_cat":[19957,15785],"product_tag":[15784,15485],"class_list":{"0":"post-96734","1":"product","2":"type-product","3":"status-publish","4":"has-post-thumbnail","6":"product_brand-dji","7":"product_cat-auslaufmodelle","8":"product_cat-dji-avata-de","9":"product_tag-avata-de","10":"product_tag-dji-de-3","12":"first","13":"outofstock","14":"taxable","15":"shipping-taxable","16":"purchasable","17":"product-type-simple"},"_links":{"self":[{"href":"https:\/\/drone-parts-center.com\/de\/wp-json\/wp\/v2\/product\/96734","targetHints":{"allow":["GET"]}}],"collection":[{"href":"https:\/\/drone-parts-center.com\/de\/wp-json\/wp\/v2\/product"}],"about":[{"href":"https:\/\/drone-parts-center.com\/de\/wp-json\/wp\/v2\/types\/product"}],"replies":[{"embeddable":true,"href":"https:\/\/drone-parts-center.com\/de\/wp-json\/wp\/v2\/comments?post=96734"}],"wp:featuredmedia":[{"embeddable":true,"href":"https:\/\/drone-parts-center.com\/de\/wp-json\/wp\/v2\/media\/99310"}],"wp:attachment":[{"href":"https:\/\/drone-parts-center.com\/de\/wp-json\/wp\/v2\/media?parent=96734"}],"wp:term":[{"taxonomy":"product_brand","embeddable":true,"href":"https:\/\/drone-parts-center.com\/de\/wp-json\/wp\/v2\/product_brand?post=96734"},{"taxonomy":"product_cat","embeddable":true,"href":"https:\/\/drone-parts-center.com\/de\/wp-json\/wp\/v2\/product_cat?post=96734"},{"taxonomy":"product_tag","embeddable":true,"href":"https:\/\/drone-parts-center.com\/de\/wp-json\/wp\/v2\/product_tag?post=96734"}],"curies":[{"name":"wp","href":"https:\/\/api.w.org\/{rel}","templated":true}]}}