{"id":96718,"date":"2022-09-28T10:07:07","date_gmt":"2022-09-28T08:07:07","guid":{"rendered":"https:\/\/drone-parts-center.com\/produit\/dji-mavic-3t-thermal-security-pack\/"},"modified":"2026-02-18T12:08:02","modified_gmt":"2026-02-18T11:08:02","slug":"dji-mavic-3t-thermal-security-pack","status":"publish","type":"product","link":"https:\/\/drone-parts-center.com\/de\/produkt\/dji-mavic-3t-thermal-security-pack\/","title":{"rendered":"DJI Mavic 3T Thermal Security Pack"},"content":{"rendered":"<h1>DJI Mavic 3T Thermal Security Pack<\/h1>\n<p>Mavic 3 Enterprise Serie steigert die Effizienz von Missionen.<\/p>\n<p><iframe loading=\"lazy\" title=\"Pr\u00e9sentation DJI Mavic 3 Enterprise  et Mavic 3 Thermal\" width=\"1020\" height=\"574\" src=\"https:\/\/www.youtube.com\/embed\/e-k2hAu4LE8?feature=oembed&#038;enablejsapi=1&#038;origin=https:\/\/drone-parts-center.com\" frameborder=\"0\" allow=\"accelerometer; autoplay; clipboard-write; encrypted-media; gyroscope; picture-in-picture; web-share\" referrerpolicy=\"strict-origin-when-cross-origin\" allowfullscreen><\/iframe><\/p>\n<p>Diese W\u00e4rmebildversion ist f\u00fcr Brandbek\u00e4mpfung, Such- und Rettungseins\u00e4tze, Inspektionen und Nachteins\u00e4tze verf\u00fcgbar.<\/p>\n<ul>\n<li><b>Weitwinkel<\/b><b>:<\/b> 1\/2 Zoll CMOS, 48 MP, 24 mm \u00c4quivalent<\/li>\n<li><b>Zoom<\/b><b>:<\/b> 1\/2 Zoll CMOS, 12MP, 56x Hybrid-Zoom, 162-mm-\u00c4quivalent<\/li>\n<li><b>Thermisch<\/b><b>:<\/b> 640 * 512@30Hz, DFOV 61 \u00b0, 40 mm \u00c4quivalent<\/li>\n<\/ul>\n<p><img alt=\"DJI Mavic 3 Thermal (Universal Edition)\" loading=\"lazy\" decoding=\"async\" class=\"alignnone size-full wp-image-21503\" src=\"https:\/\/drone-parts-center.com\/wp-content\/uploads\/2022\/09\/dji-mavic-3-thermal-universal-edition.jpg\" alt=\"\" width=\"1440\" height=\"1080\" srcset=\"https:\/\/drone-parts-center.com\/wp-content\/uploads\/2022\/09\/dji-mavic-3-thermal-universal-edition.jpg 1440w, https:\/\/drone-parts-center.com\/wp-content\/uploads\/2022\/09\/dji-mavic-3-thermal-universal-edition-800x600.jpg 800w, https:\/\/drone-parts-center.com\/wp-content\/uploads\/2022\/09\/dji-mavic-3-thermal-universal-edition-768x576.jpg 768w, https:\/\/drone-parts-center.com\/wp-content\/uploads\/2022\/09\/dji-mavic-3-thermal-universal-edition-1400x1050.jpg 1400w, https:\/\/drone-parts-center.com\/wp-content\/uploads\/2022\/09\/dji-mavic-3-thermal-universal-edition-510x383.jpg 510w\" sizes=\"auto, (max-width: 1440px) 100vw, 1440px\" \/><\/p>\n<h2>\u00dcberlegene Kameraleistung<\/h2>\n<ul>\n<li>HD-Weitwinkelkamera<\/li>\n<li>Intelligente Fotografie bei schwachem Licht<\/li>\n<li>Thermisch<\/li>\n<li>Gleichzeitiger Zoom auf geteiltem Bildschirm<\/li>\n<\/ul>\n<h2>Kompakt und tragbar<\/h2>\n<ul>\n<li>Leichte Luftplattform mit einem Gewicht von 915 g\/920 g [2].<\/li>\n<li>Kompakt, passt in Ihre Handfl\u00e4che<\/li>\n<li>Ideal sowohl f\u00fcr Anf\u00e4nger als auch f\u00fcr erfahrene Piloten<\/li>\n<\/ul>\n<h2>Ultralange Akkulaufzeit<\/h2>\n<ul>\n<li>Flugzeit max. 45 min[3]. <\/li>\n<li>100-W-Ladestation f\u00fcr Schnellladebatterien<\/li>\n<li>Direktes Laden an der 88-W-Drohne<\/li>\n<\/ul>\n<h2>Erstklassige Flugsicherheit<\/h2>\n<ul>\n<li>Omnidirektionale Weitwinkelobjektive f\u00fcr die Umgehung von Hindernissen mit null toten Winkeln [4].<\/li>\n<li>Erweiterte RTH<\/li>\n<li>APAS 5.0 Technologie f\u00fcr automatische Richtungs\u00e4nderung um Hindernisse herum [5].<\/li>\n<\/ul>\n\n  <div class=\"banner has-hover\" id=\"banner-356294849\">\n          <div class=\"banner-inner fill\">\n        <div class=\"banner-bg fill\" >\n            <img loading=\"lazy\" decoding=\"async\" width=\"1020\" height=\"680\" src=\"https:\/\/drone-parts-center.com\/wp-content\/uploads\/2022\/09\/dji-mavic-3-thermal-security-pack-2-1400x933.jpg\" class=\"bg attachment-large size-large\" alt=\"DJI Mavic 3 Thermal Security Pack\" \/>                                    \n                    <\/div>\n\t\t\n        <div class=\"banner-layers container\">\n            <div class=\"fill banner-link\"><\/div>            \n   <div id=\"text-box-446501250\" class=\"text-box banner-layer x50 md-x50 lg-x50 y5 md-y5 lg-y5 res-text\">\n                                <div class=\"text-box-content text dark\">\n              \n              <div class=\"text-inner text-center\">\n                  \n<h1>Bek\u00e4mpfung von Br\u00e4nden<\/h1>\n              <\/div>\n           <\/div>\n                            \n<style>\n#text-box-446501250 {\n  width: 82%;\n}\n#text-box-446501250 .text-box-content {\n  font-size: 100%;\n}\n<\/style>\n    <\/div>\n \n        <\/div>\n      <\/div>\n\n            \n<style>\n#banner-356294849 {\n  padding-top: 500px;\n}\n<\/style>\n  <\/div>\n\n\n<h3>Zahlreiche Zubeh\u00f6rteile<\/h3>\n<ul>\n<li>DJI RC Pro Enterprise [6]<\/li>\n<li>RTK-Modul [7].<\/li>\n<li>Lautsprecher [7].<\/li>\n<li>Mobilstation D-RTK 2 [7].<\/li>\n<\/ul>\n<h3>Komplette Software-Suite<\/h3>\n<ul>\n<li>DJI Pilot 2<\/li>\n<li>DJI FlightHub 2<\/li>\n<li>DJI Terra<\/li>\n<li>DTAT 3.0<\/li>\n<\/ul>\n\n  <div class=\"banner has-hover\" id=\"banner-2051702899\">\n          <div class=\"banner-inner fill\">\n        <div class=\"banner-bg fill\" >\n                                                \n                    <\/div>\n\t\t\n        <div class=\"banner-layers container\">\n            <div class=\"fill banner-link\"><\/div>            \n   <div id=\"text-box-878069283\" class=\"text-box banner-layer x50 md-x50 lg-x50 y10 md-y10 lg-y10 res-text\">\n                                <div class=\"text-box-content text dark\">\n              \n              <div class=\"text-inner text-center\">\n                  \n<h1>Schutz von Wildtieren<\/h1>\n              <\/div>\n           <\/div>\n                            \n<style>\n#text-box-878069283 {\n  width: 83%;\n}\n#text-box-878069283 .text-box-content {\n  font-size: 100%;\n}\n<\/style>\n    <\/div>\n \n        <\/div>\n      <\/div>\n\n            \n<style>\n#banner-2051702899 {\n  padding-top: 500px;\n}\n<\/style>\n  <\/div>\n\n\n<h3>Inhalt :<\/h3>\n<p>1 x Drohne Mavic 3T Thermal<br \/>\n4 x Intelligente Flugbatterien Mavic 3<br \/>\n1 x Lautsprechermodul<br \/>\n1 x LED-Projektor-Modul 2 x 30W<br \/>\n1 x 64 GB microSD-Karte<br \/>\nLieferumfang: 1 x Gimbal-Schutz<br \/>\n3 x Propellerpaar Mavic 3 Enterprise Serie<br \/>\n1 x Funksteuerung Pro Enterprise<br \/>\n1 x Schraubendreher<br \/>\n1 x USB-C Netzteil (100 W)<br \/>\n1 x Lade-Hub f\u00fcr 3 Batterien<br \/>\n1 x AC-Netzkabel (EU)<br \/>\n1 x USB-Kabel Typ-C<br \/>\n1 x USB-C auf USB-C Kabel<br \/>\n1 x Schutzkoffer<\/p>\n<p>1 x Standardwartung mit Interventionsbericht<\/p>\n<p>&nbsp;<\/p>\n<p>1. Setzen Sie die Objektive der W\u00e4rmebildkamera NICHT starken Energiequellen wie Sonnenlicht, Lava oder einem Laserstrahl aus. Andernfalls kann der Kamerasensor verbrannt und dauerhaft besch\u00e4digt werden.<\/p>\n<p> 2. DJI Mavic 3E (mit Propellern) 915 Gramm; DJI Mavic 3T (mit Propellern) 920 Gramm.<br \/>\n3. Gemessen bei einer gleichm\u00e4\u00dfigen Geschwindigkeit von 32,4 km\/h auf Meeresh\u00f6he in einer windstillen Umgebung, bis der Akku vollst\u00e4ndig auf 0% entleert ist.<br \/>\n4. Die omnidirektionale Erfassungsf\u00e4higkeit kann durch Umweltbedingungen wie Wetter und elektromagnetische Interferenzen eingeschr\u00e4nkt werden<br \/>\n. Bitte fliegen Sie vorsichtig, wenn die Bedingungen schwierig sind (z.B. Windgeschwindigkeiten \u00fcber 12 m\/s).<br \/>\n5. Wird nur im manuellen Flugmodus unterst\u00fctzt. Es wird empfohlen, bei Fl\u00fcgen in gef\u00e4hrlichen Umgebungen vorsichtig zu sein.<br \/>\n6. Derzeit nur beim Kauf der DJI Mavic 3 Enterprise Serie verf\u00fcgbar.<br \/>\n7. Zubeh\u00f6r wird separat verkauft.<\/p>\n","protected":false},"excerpt":{"rendered":"<p>DJI Mavic 3T: kompakte W\u00e4rmebilddrohne f\u00fcr Rettung und \u00dcberwachung, mit Hochleistungskamera und fortschrittlicher Flugtechnologie.<\/p>\n","protected":false},"featured_media":100812,"comment_status":"open","ping_status":"closed","template":"","meta":{"_seopress_robots_primary_cat":"","_seopress_titles_title":"DJI Mavic 3T: Optimale thermische Sicherheit","_seopress_titles_desc":"Holen Sie sich das DJI Mavic 3T Thermal Security Pack f\u00fcr effiziente und sichere Eins\u00e4tze. Ideal f\u00fcr Rettung, Brandbek\u00e4mpfung, Inspektionen und Nachtfl\u00fcge.","_seopress_robots_index":"yes"},"product_brand":[19450],"product_cat":[15838],"product_tag":[17356,17355,17357,17001,15706,17065,17063,15864],"class_list":{"0":"post-96718","1":"product","2":"type-product","3":"status-publish","4":"has-post-thumbnail","6":"product_brand-dji-enterprise","7":"product_cat-sicherheit-und-rettung","8":"product_tag-brandbekampfung","9":"product_tag-dji-mavic-3t-de","10":"product_tag-fortschrittliche-flugtechnologie","11":"product_tag-hochauflosende-kamera","12":"product_tag-sicherheit-de-2","13":"product_tag-suche-und-rettung","14":"product_tag-thermische-drohne","15":"product_tag-uberwachung","17":"first","18":"outofstock","19":"taxable","20":"shipping-taxable","21":"purchasable","22":"product-type-simple"},"_links":{"self":[{"href":"https:\/\/drone-parts-center.com\/de\/wp-json\/wp\/v2\/product\/96718","targetHints":{"allow":["GET"]}}],"collection":[{"href":"https:\/\/drone-parts-center.com\/de\/wp-json\/wp\/v2\/product"}],"about":[{"href":"https:\/\/drone-parts-center.com\/de\/wp-json\/wp\/v2\/types\/product"}],"replies":[{"embeddable":true,"href":"https:\/\/drone-parts-center.com\/de\/wp-json\/wp\/v2\/comments?post=96718"}],"wp:featuredmedia":[{"embeddable":true,"href":"https:\/\/drone-parts-center.com\/de\/wp-json\/wp\/v2\/media\/100812"}],"wp:attachment":[{"href":"https:\/\/drone-parts-center.com\/de\/wp-json\/wp\/v2\/media?parent=96718"}],"wp:term":[{"taxonomy":"product_brand","embeddable":true,"href":"https:\/\/drone-parts-center.com\/de\/wp-json\/wp\/v2\/product_brand?post=96718"},{"taxonomy":"product_cat","embeddable":true,"href":"https:\/\/drone-parts-center.com\/de\/wp-json\/wp\/v2\/product_cat?post=96718"},{"taxonomy":"product_tag","embeddable":true,"href":"https:\/\/drone-parts-center.com\/de\/wp-json\/wp\/v2\/product_tag?post=96718"}],"curies":[{"name":"wp","href":"https:\/\/api.w.org\/{rel}","templated":true}]}}