{"id":96711,"date":"2022-11-05T09:30:42","date_gmt":"2022-11-05T08:30:42","guid":{"rendered":"https:\/\/drone-parts-center.com\/produit\/dji-mini-3-pro-akkuladegeraet-mit-speichermodus\/"},"modified":"2025-07-26T21:13:17","modified_gmt":"2025-07-26T19:13:17","slug":"dji-mini-3-pro-akkuladegeraet-mit-speichermodus","status":"publish","type":"product","link":"https:\/\/drone-parts-center.com\/de\/produkt\/dji-mini-3-pro-akkuladegeraet-mit-speichermodus\/","title":{"rendered":"DJI Mini 3 Pro - Akkuladeger\u00e4t mit Speichermodus"},"content":{"rendered":"<h1>DJI Mini 3 Pro - Akkuladeger\u00e4t mit Speichermodus<\/h1>\n<p>Mit diesem Mehrfach-Ladeger\u00e4t k\u00f6nnen Sie bis zu 4 intelligente DJI Mini 3 Pro Akkus, die Fernsteuerung und Ihr Smartphone gleichzeitig aufladen.<\/p>\n<p>Dieses kompakte und leistungsstarke 3-in-1-Ladeger\u00e4t kann alle Ihre LiPos des DJI Mini 3 Pro in nur 70 Minuten aufladen.<\/p>\n<p>Dieses Ladeger\u00e4t ist zuverl\u00e4ssig und sicher und entspricht der CE-Norm.<\/p>\n<p>Hinweis: EU-Kabel wird mitgeliefert<\/p>\n<ul>\n<li>Eingang: AC 110-240V<\/li>\n<li>Batterieausgang: 8,5 V\/2,0 A (max.)*4<\/li>\n<li>USB-Ausgang: 5V \/ 3A<\/li>\n<li>Ladezeit: 70 Minuten f\u00fcr 4 Akkus (f\u00fcr 2453mAh Akkus)<\/li>\n<li>Abmessungen: 13,3 * 13,3 * 3,3 cm<\/li>\n<li>Gewicht: 633g<\/li>\n<li>Eigenschaften: Mit Schalter, LCD-Bildschirm und 60% Akkuspeicher-Lademodus<\/li>\n<\/ul>\n","protected":false},"excerpt":{"rendered":"<p>Laden Sie 4 DJI Mini 3 Pro-Akkus, die Fernbedienung und Ihr Smartphone gleichzeitig mit diesem Multi-Ladeger\u00e4t auf. Kompaktes 3-in-1-Ger\u00e4t, das in 70 Minuten aufgeladen ist. CE-Norm, zuverl\u00e4ssig und sicher.  <\/p>\n","protected":false},"featured_media":99422,"comment_status":"open","ping_status":"closed","template":"","meta":{"_seopress_robots_primary_cat":"none","_seopress_titles_title":"Ladeger\u00e4t DJI Mini 3 Pro: Effizientes und sicheres Aufladen","_seopress_titles_desc":"W\u00e4hlen Sie das DJI Mini 3 Pro Ladeger\u00e4t, um 4 Akkus in 70 Minuten aufzuladen. Es ist kompakt, bietet einen Speichermodus und CE-Sicherheit. EU-Kabel enthalten.  ","_seopress_robots_index":""},"product_brand":[19426],"product_cat":[15722,15719,15724],"product_tag":[15630,15485,15628],"class_list":{"0":"post-96711","1":"product","2":"type-product","3":"status-publish","4":"has-post-thumbnail","6":"product_brand-yx","7":"product_cat-dji-mini-3-de","8":"product_cat-dji-mini-3-pro-de-2","9":"product_cat-dji-mini-4-pro-de","10":"product_tag-batterie-de-3","11":"product_tag-dji-de-3","12":"product_tag-ladegerat-de","14":"first","15":"instock","16":"taxable","17":"shipping-taxable","18":"purchasable","19":"product-type-simple"},"_links":{"self":[{"href":"https:\/\/drone-parts-center.com\/de\/wp-json\/wp\/v2\/product\/96711","targetHints":{"allow":["GET"]}}],"collection":[{"href":"https:\/\/drone-parts-center.com\/de\/wp-json\/wp\/v2\/product"}],"about":[{"href":"https:\/\/drone-parts-center.com\/de\/wp-json\/wp\/v2\/types\/product"}],"replies":[{"embeddable":true,"href":"https:\/\/drone-parts-center.com\/de\/wp-json\/wp\/v2\/comments?post=96711"}],"wp:featuredmedia":[{"embeddable":true,"href":"https:\/\/drone-parts-center.com\/de\/wp-json\/wp\/v2\/media\/99422"}],"wp:attachment":[{"href":"https:\/\/drone-parts-center.com\/de\/wp-json\/wp\/v2\/media?parent=96711"}],"wp:term":[{"taxonomy":"product_brand","embeddable":true,"href":"https:\/\/drone-parts-center.com\/de\/wp-json\/wp\/v2\/product_brand?post=96711"},{"taxonomy":"product_cat","embeddable":true,"href":"https:\/\/drone-parts-center.com\/de\/wp-json\/wp\/v2\/product_cat?post=96711"},{"taxonomy":"product_tag","embeddable":true,"href":"https:\/\/drone-parts-center.com\/de\/wp-json\/wp\/v2\/product_tag?post=96711"}],"curies":[{"name":"wp","href":"https:\/\/api.w.org\/{rel}","templated":true}]}}