{"id":96706,"date":"2022-10-19T07:18:40","date_gmt":"2022-10-19T05:18:40","guid":{"rendered":"https:\/\/drone-parts-center.com\/produit\/dji-mavic-3-uv-filter-modul\/"},"modified":"2026-02-18T08:16:07","modified_gmt":"2026-02-18T07:16:07","slug":"dji-mavic-3-uv-filter-modul","status":"publish","type":"product","link":"https:\/\/drone-parts-center.com\/de\/produkt\/dji-mavic-3-uv-filter-modul\/","title":{"rendered":"DJI Mavic 3 - UV-Filter-Modul"},"content":{"rendered":"<h2>DJI Mavic 3 - UV-Filtermodul (Ersatzteil)<\/h2>\n<p>Das UV-Filtermodul des DJI Mavic 3 ist das Schutzglas vor der Hasselblad-Linse. Es filtert die ultravioletten Strahlen und sch\u00fctzt die Hauptlinse vor Kratzern, Staub und St\u00f6\u00dfen. Mit diesem offiziellen DJI-Ersatzteil k\u00f6nnen Sie einen besch\u00e4digten UV-Filter ersetzen.  <\/p>\n<h3>Wann ersetzen<\/h3>\n<p>Ersetzen Sie den UV-Filter, wenn Sie sichtbare Kratzer in den Bildern, einen Schleier auf den Fotos oder Risse im Glas feststellen. Der UV-Filter wurde als erste Schutzlinie f\u00fcr das Hasselblad CMOS 4\/3 Objektiv entwickelt. <\/p>\n<h3>Kompatibilit\u00e4t<\/h3>\n<p>Kompatibel mit der DJI Mavic 3 und der Mavic 3 Cine. Nicht kompatibel mit Mavic 3 Classic, Mavic 3 Pro oder Mavic 3 Enterprise (die andere Optiken verwenden).<\/p>\n","protected":false},"excerpt":{"rendered":"<p>Dieses Ersatzteil erm\u00f6glicht den Austausch des UV-Filtermoduls Ihrer DJI Mavic 3 Drohne. 100% nagelneues &amp; authentisches DJI-Ersatzteil <\/p>\n","protected":false},"featured_media":99384,"comment_status":"open","ping_status":"closed","template":"","meta":{"_seopress_robots_primary_cat":"","_seopress_titles_title":"Ersetzen Sie das UV-Filtermodul des DJI Mavic 3.","_seopress_titles_desc":"Ersetzen Sie das UV-Filtermodul Ihrer DJI Mavic 3 mit unserem neuen und zertifizierten 100% Original DJI Ersatzteil. Entdecken Sie die Klarheit wieder! ","_seopress_robots_index":"yes"},"product_brand":[19390],"product_cat":[15708],"product_tag":[15485],"class_list":{"0":"post-96706","1":"product","2":"type-product","3":"status-publish","4":"has-post-thumbnail","6":"product_brand-dji","7":"product_cat-dji-mavic-3-de","8":"product_tag-dji-de-3","10":"first","11":"outofstock","12":"taxable","13":"shipping-taxable","14":"purchasable","15":"product-type-simple"},"_links":{"self":[{"href":"https:\/\/drone-parts-center.com\/de\/wp-json\/wp\/v2\/product\/96706","targetHints":{"allow":["GET"]}}],"collection":[{"href":"https:\/\/drone-parts-center.com\/de\/wp-json\/wp\/v2\/product"}],"about":[{"href":"https:\/\/drone-parts-center.com\/de\/wp-json\/wp\/v2\/types\/product"}],"replies":[{"embeddable":true,"href":"https:\/\/drone-parts-center.com\/de\/wp-json\/wp\/v2\/comments?post=96706"}],"wp:featuredmedia":[{"embeddable":true,"href":"https:\/\/drone-parts-center.com\/de\/wp-json\/wp\/v2\/media\/99384"}],"wp:attachment":[{"href":"https:\/\/drone-parts-center.com\/de\/wp-json\/wp\/v2\/media?parent=96706"}],"wp:term":[{"taxonomy":"product_brand","embeddable":true,"href":"https:\/\/drone-parts-center.com\/de\/wp-json\/wp\/v2\/product_brand?post=96706"},{"taxonomy":"product_cat","embeddable":true,"href":"https:\/\/drone-parts-center.com\/de\/wp-json\/wp\/v2\/product_cat?post=96706"},{"taxonomy":"product_tag","embeddable":true,"href":"https:\/\/drone-parts-center.com\/de\/wp-json\/wp\/v2\/product_tag?post=96706"}],"curies":[{"name":"wp","href":"https:\/\/api.w.org\/{rel}","templated":true}]}}