{"id":96703,"date":"2022-11-23T12:47:58","date_gmt":"2022-11-23T11:47:58","guid":{"rendered":"https:\/\/drone-parts-center.com\/produit\/dji-mavic-3-multispectral-universal-edition\/"},"modified":"2026-04-18T10:54:40","modified_gmt":"2026-04-18T08:54:40","slug":"dji-mavic-3-multispectral-universal-edition","status":"publish","type":"product","link":"https:\/\/drone-parts-center.com\/de\/produkt\/dji-mavic-3-multispectral-universal-edition\/","title":{"rendered":"DJI Mavic 3 Multispectral (Universal Edition)"},"content":{"rendered":"<h1>DJI Mavic 3 Multispectral (Universal Edition)<\/h1>\n<p><iframe loading=\"lazy\" title=\"DJI Mavic 3 Multispectral\" width=\"1020\" height=\"574\" src=\"https:\/\/www.youtube.com\/embed\/Q9iBPHWTomk?feature=oembed&#038;enablejsapi=1&#038;origin=https:\/\/drone-parts-center.com\" frameborder=\"0\" allow=\"accelerometer; autoplay; clipboard-write; encrypted-media; gyroscope; picture-in-picture; web-share\" referrerpolicy=\"strict-origin-when-cross-origin\" allowfullscreen><\/iframe><\/p>\n<p>23634<\/p>\n<p><strong>RGB- und multispektrales Bildgebungssystem<\/strong><\/p>\n<p>Mavic 3 Multispectral - auch bekannt als Mavic 3M - nutzt ein Zwei-in-Eins-Kamerasystem, um eine breite Palette von Informationen zu visualisieren und zu sammeln, die die Nutzer in Ergebnisse vor Ort umsetzen k\u00f6nnen.<\/p>\n<p>Eine RGB-Kamera ist mit einem 4\/3-Zoll und 20MP CMOS-Bildsensor und einem mechanischen Verschluss mit einer maximalen Geschwindigkeit von 1\/2000 ausgestattet. Sie bew\u00e4ltigt kontinuierliche Hochgeschwindigkeitsaufnahmen mit dem schnellsten Intervall von 0,7 Sekunden und kann schnell Bildinformationen sammeln, was die Effizienz der Feldarbeit erheblich verbessert. <\/p>\n<p>Zus\u00e4tzlich zur RGB-Kamera liefert eine multispektrale Kamera mit vier Objektiven pr\u00e4zisere Richtungsinformationen und hilft den Nutzern, die Anbaubedingungen besser zu verstehen, indem sie Details erkennen, die das menschliche Auge nicht erfassen kann. Jede der vier multispektralen Kameras kann 5 Millionen Pixel erfassen und nach den folgenden Wellenl\u00e4ngen suchen: <\/p>\n<ul>\n<li>Gr\u00fcn (G): 560 nm \u00b1 16 nm<\/li>\n<li>Rot (R): 650 nm \u00b1 20 nm<\/li>\n<li>Rote Kante (RE): 730 nm \u00b1 20 nm<\/li>\n<li>Nahinfrarot (NIR) 860 nm \u00b1 26 nm<\/li>\n<\/ul>\n<p>Durch die Kombination dieser beiden Kameras erm\u00f6glicht die Mavic 3M Anwendungen wie hochpr\u00e4zise Luftvermessungen, die \u00dcberwachung des Pflanzenwachstums und die Vermessung nat\u00fcrlicher Ressourcen.<\/p>\n<p><strong>Zentimeter RTK-Positionierung<\/strong><\/p>\n<p>Die Mavic 3M verf\u00fcgt \u00fcber ein RTK-Modul, das eine zentimetergenaue Positionierung erm\u00f6glicht. Die Drohne, ihre Kamera und das RTK-Modul werden auf Mikrosekundenebene synchronisiert, um die Positionsinformationen des Bildgebungszentrums jeder Kamera genau zu erhalten. Dadurch kann die Mavic 3M hochpr\u00e4zise Luftvermessungen ohne den Einsatz von Bodenkontrollpunkten durchf\u00fchren. Und mit einer Akkulaufzeit von bis zu 43 Minuten kann die Mavic 3M Vermessungs- und Kartierungsvorg\u00e4nge in einem einzigen Flug eines Gebiets von bis zu 2 Quadratkilometern durchf\u00fchren.   <\/p>\n<p><strong>Entwickelt f\u00fcr einen sichereren Betrieb<\/strong><\/p>\n<p>Die Mavic 3M ist mit der O3-Video\u00fcbertragung ausgestattet, die zwei Signal\u00fcbertragungskan\u00e4le und vier Signalempfangskan\u00e4le integriert und eine ultralange \u00dcbertragungsdistanz von 15 Kilometern unterst\u00fctzt. F\u00fcr zus\u00e4tzliche Sicherheit ist die Mavic 3M mit einer omnidirektionalen Hinderniserkennung ausgestattet, um Hindernisse in alle Richtungen zu erkennen und ihnen genau auszuweichen. <\/p>\n<p><strong>Unbegrenzte M\u00f6glichkeiten<\/strong><\/p>\n<p>Mavic 3M hilft Gesch\u00e4ftsanwendern und Partnern in verschiedenen Bereichen und kann in verschiedene \u00d6kosysteme integriert werden, um grenzenlose M\u00f6glichkeiten f\u00fcr Smart Farming zu bieten. Mit der integrierten DJI Cloud API, die auf dem MQTT-Protokoll in Pilot 2 basiert, k\u00f6nnen Benutzer die Mavic 3M direkt mit einer Cloud-Plattform eines Drittanbieters verbinden, um Informationen, Live-Videos, Fotodaten und andere Informationen zu sammeln, ohne eine separate Anwendung entwickeln zu m\u00fcssen. Mavic 3M unterst\u00fctzt auch das Mobile SDK 5 (MSDK5), mit dem Benutzer auf einfache Weise propriet\u00e4re Steuerungsanwendungen f\u00fcr Szenarien wie intelligente \u00dcberwachung entwickeln k\u00f6nnen.  <\/p>\n<p><strong>Ein neues Werkzeug f\u00fcr die Pr\u00e4zisionslandwirtschaft<\/strong><\/p>\n<p>Die Mavic 3M ist in einer Vielzahl von Arbeitsszenarien n\u00fctzlich. Es kann Bodenvermessungen aus der Luft \u00fcber W\u00e4ldern und Bergobstwiesen durchf\u00fchren. Die DJI SmartFarm-Plattform generiert einen NDVI-Vegetationsindex, um die Daten f\u00fcr eine effizientere und lokalisierte Ernteverarbeitung bereitzustellen. Die automatische Feldverfolgung kann Ernteanomalien erkennen und intelligente Analysen durchf\u00fchren, die es einer einzelnen Person erm\u00f6glichen, 70 Hektar Land zu bewirtschaften.   <\/p>\n<p><strong>Inhalt<\/strong><\/p>\n<ul>\n<li style=\"text-align: left;\">Lieferumfang: 1 x DJI Mavic 3M Multispektrale Drohne<\/li>\n<li style=\"text-align: left;\">1 x DJI Care 1 Jahr<\/li>\n<li style=\"text-align: left;\">1 x RTK-Modul<\/li>\n<li style=\"text-align: left;\">1 x Akku f\u00fcr DJI Mavic 3<\/li>\n<li style=\"text-align: left;\">Lieferumfang: 1 x Gimbal-Schutz<\/li>\n<li style=\"text-align: left;\">3 x Paar Propeller<\/li>\n<li style=\"text-align: left;\">1 x microSD-Karte mit 64 GB<\/li>\n<li style=\"text-align: left;\">1 x DJI RC Pro Unternehmen<\/li>\n<li style=\"text-align: left;\">1 x USB-Typ-C-auf-USB-C-Kabel<\/li>\n<li style=\"text-align: left;\">1 x Schraubendreher<\/li>\n<li style=\"text-align: left;\">1 x 100W Ladeger\u00e4t<\/li>\n<li style=\"text-align: left;\">1 x Netzteil<\/li>\n<li style=\"text-align: left;\">1 x USB-auf-USB-C-Kabel<\/li>\n<li style=\"text-align: left;\">1 x Schutzh\u00fclle<\/li>\n<li>1 x DJI Terra 3 Monate<\/li>\n<li>1 x DJI Smartfarm 6 Monate<\/li>\n<\/ul>\n<p>&nbsp;<\/p>\n","protected":false},"excerpt":{"rendered":"<p>Die DJI Mavic 3 Multispectral (Universal Edition) ist eine Drohne, die mit einem Multispektralsensor f\u00fcr die Pr\u00e4zisionslandwirtschaft ausgestattet ist. Es bietet eine hohe Bildaufl\u00f6sung und eine hohe Genauigkeit f\u00fcr die Kartierung und Analyse von Pflanzen. <\/p>\n","protected":false},"featured_media":99519,"comment_status":"open","ping_status":"closed","template":"","meta":{"_seopress_robots_primary_cat":"none","_seopress_titles_title":"DJI Mavic 3: Landwirtschaft mit fortschrittlicher Pr\u00e4zision","_seopress_titles_desc":"Entdecken Sie die DJI Mavic 3M, eine fortschrittliche L\u00f6sung f\u00fcr die Pr\u00e4zisionslandwirtschaft mit multispektraler Bildgebung und zentimetergenauer RTK-Positionierung.","_seopress_robots_index":""},"product_brand":[19450],"product_cat":[15911],"product_tag":[15697,17346,15860,15526,17347,17348],"class_list":{"0":"post-96703","1":"product","2":"type-product","3":"status-publish","4":"has-post-thumbnail","6":"product_brand-dji-enterprise","7":"product_cat-gebaude-und-infrastrukturinspektion","8":"product_tag-ddg-de-2","9":"product_tag-dji-mavic-3-multispektral","10":"product_tag-drohne-de","11":"product_tag-kamera-de","12":"product_tag-multispektral","13":"product_tag-universal-edition-de","15":"first","16":"onbackorder","17":"taxable","18":"shipping-taxable","19":"purchasable","20":"product-type-simple"},"_links":{"self":[{"href":"https:\/\/drone-parts-center.com\/de\/wp-json\/wp\/v2\/product\/96703","targetHints":{"allow":["GET"]}}],"collection":[{"href":"https:\/\/drone-parts-center.com\/de\/wp-json\/wp\/v2\/product"}],"about":[{"href":"https:\/\/drone-parts-center.com\/de\/wp-json\/wp\/v2\/types\/product"}],"replies":[{"embeddable":true,"href":"https:\/\/drone-parts-center.com\/de\/wp-json\/wp\/v2\/comments?post=96703"}],"wp:featuredmedia":[{"embeddable":true,"href":"https:\/\/drone-parts-center.com\/de\/wp-json\/wp\/v2\/media\/99519"}],"wp:attachment":[{"href":"https:\/\/drone-parts-center.com\/de\/wp-json\/wp\/v2\/media?parent=96703"}],"wp:term":[{"taxonomy":"product_brand","embeddable":true,"href":"https:\/\/drone-parts-center.com\/de\/wp-json\/wp\/v2\/product_brand?post=96703"},{"taxonomy":"product_cat","embeddable":true,"href":"https:\/\/drone-parts-center.com\/de\/wp-json\/wp\/v2\/product_cat?post=96703"},{"taxonomy":"product_tag","embeddable":true,"href":"https:\/\/drone-parts-center.com\/de\/wp-json\/wp\/v2\/product_tag?post=96703"}],"curies":[{"name":"wp","href":"https:\/\/api.w.org\/{rel}","templated":true}]}}