{"id":96691,"date":"2023-01-17T08:16:28","date_gmt":"2023-01-17T07:16:28","guid":{"rendered":"https:\/\/drone-parts-center.com\/produit\/mobiak-lithium-batterie-feuerloescher-500ml\/"},"modified":"2025-07-26T21:03:58","modified_gmt":"2025-07-26T19:03:58","slug":"mobiak-lithium-batterie-feuerloescher-500ml","status":"publish","type":"product","link":"https:\/\/drone-parts-center.com\/de\/produkt\/mobiak-lithium-batterie-feuerloescher-500ml\/","title":{"rendered":"Mobiak - Lithium-Batterie-Feuerl\u00f6scher 500ml"},"content":{"rendered":"<p>Sch\u00fctzen Sie Ihr Zuhause und Ihre elektronischen Ger\u00e4te mit dem <strong>Mobiak - Feuerl\u00f6scher f\u00fcr Lithiumbatterien 500ml<\/strong>. Dieser innovative Feuerl\u00f6scher wurde speziell zur Bek\u00e4mpfung von Br\u00e4nden entwickelt, die durch Lithium-Ionen-Batterien verursacht werden, und bietet eine effektive und kompakte Sicherheitsl\u00f6sung. Lithiumbatterien sind in Smartphones, Laptops, Elektrofahrr\u00e4dern und anderen Ger\u00e4ten allgegenw\u00e4rtig, stellen jedoch ein Brandrisiko dar, das mit herk\u00f6mmlichen Feuerl\u00f6schern nicht bew\u00e4ltigt werden kann. Mit seinem <strong>AVD-Li-L\u00f6schmittel<\/strong> neutralisiert dieses Ger\u00e4t schnell die Flammen und begrenzt gleichzeitig Kollateralsch\u00e4den.   <\/p>\n<p>Er ist kompakt und leicht, wiegt nur 545 g und ist 300 mm lang, so dass er leicht zu verstauen und zu transportieren ist. Sein ergonomisches Design erleichtert den Einsatz in Notsituationen. Mit einer L\u00f6schreichweite von 2 Metern und einer Wirkungsdauer von 90 Sekunden gew\u00e4hrleistet er eine schnelle und effektive Intervention. Die mitgelieferte Wandhalterung erm\u00f6glicht einen schnellen Zugriff, egal ob zu Hause, im Fahrzeug oder im Wohnmobil.   <\/p>\n<p>Dar\u00fcber hinaus funktioniert es perfekt bei Temperaturen von 5\u00b0C bis 50\u00b0C und hat eine Haltbarkeit von 4 bis 5 Jahren. Dieses Produkt ist die ideale L\u00f6sung zur Vermeidung von Br\u00e4nden in Verbindung mit elektronischen Ger\u00e4ten. Sch\u00fctzen Sie Ihre Familie und Ihr Eigentum jetzt mit diesem Feuerl\u00f6scher, der speziell f\u00fcr Br\u00e4nde von Lithiumbatterien entwickelt wurde.  <\/p>\n<p><strong>Hauptmerkmale:<\/strong><\/p>\n<ul>\n<li><strong>AVD-Li<\/strong> L\u00f6schmittel geeignet f\u00fcr Lithium-Ionen-Batterien<\/li>\n<li>2 Meter L\u00f6schreichweite<\/li>\n<li>90 Sekunden Wirkungsdauer<\/li>\n<li>Gewicht: 545g | H\u00f6he: 300mm<\/li>\n<li>Betriebstemperatur: 5 \u00b0C bis 50 \u00b0C<\/li>\n<li>Inklusive Wandhalterung<\/li>\n<li>Haltbarkeit: 4 bis 5 Jahre<\/li>\n<\/ul>\n","protected":false},"excerpt":{"rendered":"<p>Der Mobiak 500ml Feuerl\u00f6scher ist ideal zum L\u00f6schen von Br\u00e4nden in Lithium-Ionen-Batterien. Kompakt und leistungsstark, ist es perfekt f\u00fcr das Haus, Auto oder Wohnmobil. Mit seinem Agenten AVD-Li agiert er schnell und effizient.  <\/p>\n","protected":false},"featured_media":99658,"comment_status":"open","ping_status":"closed","template":"","meta":{"_seopress_robots_primary_cat":"","_seopress_titles_title":"Feuerl\u00f6scher Lithium-Batterien 500ml: Sicherheit gew\u00e4hrleistet","_seopress_titles_desc":"Sch\u00fctzen Sie Ihre Ger\u00e4te mit unserem 500ml Lithium-Batterie-Feuerl\u00f6scher, der entwickelt wurde, um Feuer schnell zu l\u00f6schen. Sicherheit, Effizienz, geringes Gewicht. ","_seopress_robots_index":""},"product_brand":[19471],"product_cat":[15723,15725,15649,15656,15521,15718,15520],"product_tag":[17304,17306,17302,17305,17303,17298,17301,17299,17300,17307],"class_list":{"0":"post-96691","1":"product","2":"type-product","3":"status-publish","4":"has-post-thumbnail","6":"product_brand-mobiak","7":"product_cat-dji-air-3-de","8":"product_cat-dji-air-3s-de","9":"product_cat-dji-inspire-1-2-und-3","10":"product_cat-dji-matrix","11":"product_cat-dji-mavic-2-pro-zoom-de","12":"product_cat-dji-mavic-3-de-2","13":"product_cat-dji-mavic-pro-de-2","14":"product_tag-batterie-feuerloscher","15":"product_tag-brandschutz-in-privathaushalten","16":"product_tag-feuerloscher-fur-elektronische-gerate","17":"product_tag-feuerloscher-fur-wohnmobile","18":"product_tag-kompakter-feuerloscher","19":"product_tag-lithium-batterien-fur-feuerloscher","20":"product_tag-lithium-brandschutz","21":"product_tag-lithium-ionen-feuerloscher","22":"product_tag-mobiak-feuerloscher-500ml","23":"product_tag-smartphone-feuerloscher","24":"product_shipping_class-preis-fur-den-zwangsversand","26":"first","27":"instock","28":"taxable","29":"shipping-taxable","30":"purchasable","31":"product-type-simple"},"_links":{"self":[{"href":"https:\/\/drone-parts-center.com\/de\/wp-json\/wp\/v2\/product\/96691","targetHints":{"allow":["GET"]}}],"collection":[{"href":"https:\/\/drone-parts-center.com\/de\/wp-json\/wp\/v2\/product"}],"about":[{"href":"https:\/\/drone-parts-center.com\/de\/wp-json\/wp\/v2\/types\/product"}],"replies":[{"embeddable":true,"href":"https:\/\/drone-parts-center.com\/de\/wp-json\/wp\/v2\/comments?post=96691"}],"wp:featuredmedia":[{"embeddable":true,"href":"https:\/\/drone-parts-center.com\/de\/wp-json\/wp\/v2\/media\/99658"}],"wp:attachment":[{"href":"https:\/\/drone-parts-center.com\/de\/wp-json\/wp\/v2\/media?parent=96691"}],"wp:term":[{"taxonomy":"product_brand","embeddable":true,"href":"https:\/\/drone-parts-center.com\/de\/wp-json\/wp\/v2\/product_brand?post=96691"},{"taxonomy":"product_cat","embeddable":true,"href":"https:\/\/drone-parts-center.com\/de\/wp-json\/wp\/v2\/product_cat?post=96691"},{"taxonomy":"product_tag","embeddable":true,"href":"https:\/\/drone-parts-center.com\/de\/wp-json\/wp\/v2\/product_tag?post=96691"}],"curies":[{"name":"wp","href":"https:\/\/api.w.org\/{rel}","templated":true}]}}