{"id":96690,"date":"2023-01-17T09:16:13","date_gmt":"2023-01-17T08:16:13","guid":{"rendered":"https:\/\/drone-parts-center.com\/produit\/dji-mini-2-tragetasche\/"},"modified":"2026-03-08T11:28:57","modified_gmt":"2026-03-08T10:28:57","slug":"dji-mini-2-tragetasche","status":"publish","type":"product","link":"https:\/\/drone-parts-center.com\/de\/produkt\/dji-mini-2-tragetasche\/","title":{"rendered":"DJI Mini 2 - Tragetasche"},"content":{"rendered":"<p>DJI Mini 2 - Tragetasche<\/p>\n<p>Dieses gebrauchte Produkt wurde sorgf\u00e4ltig gepr\u00fcft und getestet. Es kann kleinere Gebrauchsspuren aufweisen, befindet sich aber in einem ausgezeichneten Zustand und kann optimal genutzt werden.  <\/p>\n<p>Enth\u00e4lt:<\/p>\n<p>1 x Transporttasche f\u00fcr DJI Mini 2 oder Mavic mini oder Mini 3 oder Mini 3 Pro<\/p>\n","protected":false},"excerpt":{"rendered":"<p>Zubeh\u00f6r - Tragetasche f\u00fcr Ihre DJI Mini 2 Drohne<\/p>\n","protected":false},"featured_media":99659,"comment_status":"open","ping_status":"closed","template":"","meta":{"_seopress_robots_primary_cat":"","_seopress_titles_title":"Gebrauchte DJI Mini 2 Tasche in sehr gutem Zustand","_seopress_titles_desc":"Entdecken Sie die getestete und gepr\u00fcfte Tragetasche f\u00fcr DJI Mini 2. Perfekt f\u00fcr eine optimale Nutzung trotz kleinerer Gebrauchsspuren. ","_seopress_robots_index":""},"product_brand":[19390],"product_cat":[19957,15626,15677,15709],"product_tag":[15485,15835,15836,16283,15782],"class_list":{"0":"post-96690","1":"product","2":"type-product","3":"status-publish","4":"has-post-thumbnail","6":"product_brand-dji","7":"product_cat-auslaufmodelle","8":"product_cat-dji-mavic-mini-de","9":"product_cat-dji-mini-2-de","10":"product_cat-dji-mini-3-pro-de","11":"product_tag-dji-de-3","12":"product_tag-einheit-de","13":"product_tag-ersatz-de","14":"product_tag-nr-1-de","15":"product_tag-rc-de-2","17":"first","18":"instock","19":"sale","20":"taxable","21":"shipping-taxable","22":"purchasable","23":"product-type-simple"},"_links":{"self":[{"href":"https:\/\/drone-parts-center.com\/de\/wp-json\/wp\/v2\/product\/96690","targetHints":{"allow":["GET"]}}],"collection":[{"href":"https:\/\/drone-parts-center.com\/de\/wp-json\/wp\/v2\/product"}],"about":[{"href":"https:\/\/drone-parts-center.com\/de\/wp-json\/wp\/v2\/types\/product"}],"replies":[{"embeddable":true,"href":"https:\/\/drone-parts-center.com\/de\/wp-json\/wp\/v2\/comments?post=96690"}],"wp:featuredmedia":[{"embeddable":true,"href":"https:\/\/drone-parts-center.com\/de\/wp-json\/wp\/v2\/media\/99659"}],"wp:attachment":[{"href":"https:\/\/drone-parts-center.com\/de\/wp-json\/wp\/v2\/media?parent=96690"}],"wp:term":[{"taxonomy":"product_brand","embeddable":true,"href":"https:\/\/drone-parts-center.com\/de\/wp-json\/wp\/v2\/product_brand?post=96690"},{"taxonomy":"product_cat","embeddable":true,"href":"https:\/\/drone-parts-center.com\/de\/wp-json\/wp\/v2\/product_cat?post=96690"},{"taxonomy":"product_tag","embeddable":true,"href":"https:\/\/drone-parts-center.com\/de\/wp-json\/wp\/v2\/product_tag?post=96690"}],"curies":[{"name":"wp","href":"https:\/\/api.w.org\/{rel}","templated":true}]}}