{"id":96686,"date":"2023-02-08T10:56:03","date_gmt":"2023-02-08T09:56:03","guid":{"rendered":"https:\/\/drone-parts-center.com\/produit\/dji-matrice-30-batteriefach-fuer-das-vordere-chassis\/"},"modified":"2026-02-18T08:16:39","modified_gmt":"2026-02-18T07:16:39","slug":"dji-matrice-30-batteriefach-fuer-das-vordere-chassis","status":"publish","type":"product","link":"https:\/\/drone-parts-center.com\/de\/produkt\/dji-matrice-30-batteriefach-fuer-das-vordere-chassis\/","title":{"rendered":"DJI Matrice 30 - Vorderer Rahmen Batteriefach"},"content":{"rendered":"<h2>DJI Matrice 30 - Vorderer Rahmen Batteriefach<\/h2>\n<p>Der vordere Rahmen des Batteriefachs der DJI Matrice 30 ist das Strukturelement, das die Vorderseite des TB30-Batteriefachs st\u00fctzt und sch\u00fctzt. Mit diesem offiziellen DJI-Ersatzteil kann ein verformter oder gerissener Rahmen ersetzt werden. <\/p>\n<h3>Funktion<\/h3>\n<p>Dieses Teil sorgt f\u00fcr die korrekte Positionierung der Batterien im Batteriefach und tr\u00e4gt zur strukturellen Steifigkeit des zentralen Bereichs der Drohne bei. Seine Integrit\u00e4t ist f\u00fcr die korrekte Verriegelung der TB30-Batterien erforderlich. <\/p>\n<h3>Kompatibilit\u00e4t<\/h3>\n<p>100% Original DJI Ersatzteil, kompatibel mit der DJI Matrice 30 und der DJI Matrice 30T.<\/p>\n","protected":false},"excerpt":{"rendered":"<p>Vorderer Rahmen Batteriefach f\u00fcr Ihre DJI Matrice 30 Drohne als Ersatzteil<\/p>\n","protected":false},"featured_media":99676,"comment_status":"open","ping_status":"closed","template":"","meta":{"_seopress_robots_primary_cat":"","_seopress_titles_title":"Vorderer Rahmen DJI Matrice 30 - inkl. Batterien","_seopress_titles_desc":"Kaufen Sie das 100% originale Batteriefach f\u00fcr die DJI Matrice 30. Garantierte Kompatibilit\u00e4t mit Ihrer DJI-Drohne. ","_seopress_robots_index":"yes","_seopress_analysis_target_kw":"DJI Matrice 30 - Batteriefach f\u00fcr das vordere Chassis"},"product_brand":[19390],"product_cat":[15853],"product_tag":[15485,15703],"class_list":{"0":"post-96686","1":"product","2":"type-product","3":"status-publish","4":"has-post-thumbnail","6":"product_brand-dji","7":"product_cat-dji-matrice-30-de","8":"product_tag-dji-de-3","9":"product_tag-enterprise-de-3","10":"pa_position-4-in-1-set-de","11":"pa_position-arriere-droit-de","12":"pa_position-arriere-gauche-de","13":"pa_position-avant-droit-de","14":"pa_position-avant-gauche-de","15":"pa_position-left-back-de","16":"pa_position-right-back-de","17":"pa_position-right-front-de","19":"first","20":"outofstock","21":"taxable","22":"shipping-taxable","23":"purchasable","24":"product-type-simple"},"_links":{"self":[{"href":"https:\/\/drone-parts-center.com\/de\/wp-json\/wp\/v2\/product\/96686","targetHints":{"allow":["GET"]}}],"collection":[{"href":"https:\/\/drone-parts-center.com\/de\/wp-json\/wp\/v2\/product"}],"about":[{"href":"https:\/\/drone-parts-center.com\/de\/wp-json\/wp\/v2\/types\/product"}],"replies":[{"embeddable":true,"href":"https:\/\/drone-parts-center.com\/de\/wp-json\/wp\/v2\/comments?post=96686"}],"wp:featuredmedia":[{"embeddable":true,"href":"https:\/\/drone-parts-center.com\/de\/wp-json\/wp\/v2\/media\/99676"}],"wp:attachment":[{"href":"https:\/\/drone-parts-center.com\/de\/wp-json\/wp\/v2\/media?parent=96686"}],"wp:term":[{"taxonomy":"product_brand","embeddable":true,"href":"https:\/\/drone-parts-center.com\/de\/wp-json\/wp\/v2\/product_brand?post=96686"},{"taxonomy":"product_cat","embeddable":true,"href":"https:\/\/drone-parts-center.com\/de\/wp-json\/wp\/v2\/product_cat?post=96686"},{"taxonomy":"product_tag","embeddable":true,"href":"https:\/\/drone-parts-center.com\/de\/wp-json\/wp\/v2\/product_tag?post=96686"}],"curies":[{"name":"wp","href":"https:\/\/api.w.org\/{rel}","templated":true}]}}