{"id":96678,"date":"2024-04-17T16:38:32","date_gmt":"2024-04-17T14:38:32","guid":{"rendered":"https:\/\/drone-parts-center.com\/produit\/dji-air-3-cellular-dongle-cover\/"},"modified":"2026-02-18T08:07:06","modified_gmt":"2026-02-18T07:07:06","slug":"dji-air-3-cellular-dongle-cover","status":"publish","type":"product","link":"https:\/\/drone-parts-center.com\/de\/produkt\/dji-air-3-cellular-dongle-cover\/","title":{"rendered":"DJI Air 3 Cellular Dongle Cover"},"content":{"rendered":"<h2>DJI Air 3 Cellular Dongle Cover - Ersatzteil<\/h2>\n<p>Die Cellular Dongle Cover ist die Schutzabdeckung f\u00fcr den 4G\/LTE Cellular Dongle Port des DJI Air 3. Diese Abdeckung sch\u00fctzt den Anschluss w\u00e4hrend des Fluges vor Staub, Feuchtigkeit und Fremdk\u00f6rpern. Dieses offizielle DJI-Ersatzteil dient als Ersatz f\u00fcr eine verlorene oder besch\u00e4digte Abdeckung.  <\/p>\n<h3>Funktion<\/h3>\n<p>Der DJI Air 3 ist mit einem optionalen 4G LTE Mobilfunk-Dongle kompatibel, der eine mobile Netzwerkverbindung f\u00fcr die Fernsteuerung \u00fcber DJI FlightHub 2 erm\u00f6glicht. Die Abdeckung sch\u00fctzt diesen Anschluss, wenn der Dongle nicht verwendet wird. <\/p>\n<h3>Kompatibilit\u00e4t<\/h3>\n<p>Dieses Teil ist ausschlie\u00dflich mit dem DJI Air 3 kompatibel.<\/p>\n","protected":false},"excerpt":{"rendered":"<p>Ersatz-Abdeckung f\u00fcr den 4G LTE Mobilfunk-Dongle-Anschluss f\u00fcr DJI Air 3. Sch\u00fctzt den Anschluss w\u00e4hrend des Fluges vor Staub und Feuchtigkeit. <\/p>\n","protected":false},"featured_media":100850,"comment_status":"open","ping_status":"closed","template":"","meta":{"_seopress_robots_primary_cat":"","_seopress_titles_title":"Ersetzen Sie Ihr DJI Air 3 Cellular Dongle Cover","_seopress_titles_desc":"Reparieren Sie Ihren DJI Air 3 nach einem Absturz mit dem Cellular Dongle Cover. Erhalten Sie ein neuwertiges, pr\u00e4zises Ger\u00e4t und stabile Fl\u00fcge zur\u00fcck. ","_seopress_robots_index":""},"product_brand":[19390],"product_cat":[15978],"product_tag":[],"class_list":{"0":"post-96678","1":"product","2":"type-product","3":"status-publish","4":"has-post-thumbnail","6":"product_brand-dji","7":"product_cat-dji-air-3-de-2","9":"first","10":"instock","11":"taxable","12":"shipping-taxable","13":"purchasable","14":"product-type-simple"},"_links":{"self":[{"href":"https:\/\/drone-parts-center.com\/de\/wp-json\/wp\/v2\/product\/96678","targetHints":{"allow":["GET"]}}],"collection":[{"href":"https:\/\/drone-parts-center.com\/de\/wp-json\/wp\/v2\/product"}],"about":[{"href":"https:\/\/drone-parts-center.com\/de\/wp-json\/wp\/v2\/types\/product"}],"replies":[{"embeddable":true,"href":"https:\/\/drone-parts-center.com\/de\/wp-json\/wp\/v2\/comments?post=96678"}],"wp:featuredmedia":[{"embeddable":true,"href":"https:\/\/drone-parts-center.com\/de\/wp-json\/wp\/v2\/media\/100850"}],"wp:attachment":[{"href":"https:\/\/drone-parts-center.com\/de\/wp-json\/wp\/v2\/media?parent=96678"}],"wp:term":[{"taxonomy":"product_brand","embeddable":true,"href":"https:\/\/drone-parts-center.com\/de\/wp-json\/wp\/v2\/product_brand?post=96678"},{"taxonomy":"product_cat","embeddable":true,"href":"https:\/\/drone-parts-center.com\/de\/wp-json\/wp\/v2\/product_cat?post=96678"},{"taxonomy":"product_tag","embeddable":true,"href":"https:\/\/drone-parts-center.com\/de\/wp-json\/wp\/v2\/product_tag?post=96678"}],"curies":[{"name":"wp","href":"https:\/\/api.w.org\/{rel}","templated":true}]}}