{"id":96672,"date":"2024-11-14T15:31:50","date_gmt":"2024-11-14T14:31:50","guid":{"rendered":"https:\/\/drone-parts-center.com\/produit\/feelworld-seetec-215-feldmonitor-wpc215\/"},"modified":"2026-04-10T08:35:46","modified_gmt":"2026-04-10T06:35:46","slug":"feelworld-seetec-215-feldmonitor-wpc215","status":"publish","type":"product","link":"https:\/\/drone-parts-center.com\/de\/produkt\/feelworld-seetec-215-feldmonitor-wpc215\/","title":{"rendered":"Feelworld Seetec 21,5\u2033 Feldmonitor WPC215"},"content":{"rendered":"<div id=\"woocommerce-long-description\">\n<h2>Wenn jedes Detail z\u00e4hlt: der Feldmonitor f\u00fcr die Aktion<\/h2>\n<p>In der Hitze des Gefechts - bei Rettungsmissionen, taktischer \u00dcberwachung oder Au\u00dfenaufnahmen - ist die Zuverl\u00e4ssigkeit Ihrer Ausr\u00fcstung nicht verhandelbar.<br \/>\nDer <strong>Feelworld Seetec 21,5\u2033 Feldmonitor WPC215<\/strong> wurde speziell entwickelt, um diese extremen Anforderungen zu erf\u00fcllen.<\/p>\n<p>Er ist mehr als nur ein Bildschirm, er ist eine tragbare Kommandozentrale, die Ihnen einen klaren und pr\u00e4zisen \u00dcberblick \u00fcber die Situation verschafft und Ihnen hilft, in Echtzeit fundierte Entscheidungen zu treffen.<br \/>\nSein robustes Design und seine professionellen Funktionen machen ihn zu einem unverzichtbaren Werkzeug f\u00fcr Teams, die nichts dem Zufall \u00fcberlassen.<\/p>\n<h3>Hervorragende Sicht, auch bei Sonnenschein<\/h3>\n<p>Eine der gr\u00f6\u00dften Herausforderungen auf dem Feld ist das Umgebungslicht. Mit seinem 21,5 Zoll gro\u00dfen IPS-Panel und dem<br \/>\nMit <strong>einer beeindruckenden Helligkeit von 1000 cd\/m\u00b2 (1000 nits)<\/strong> \u00fcbertrifft der WPC215 herk\u00f6mmliche Monitore.<\/p>\n<p>Die Full HD-Aufl\u00f6sung (1920 x 1080) sorgt daf\u00fcr, dass jedes Detail in Ihrem Videostream gestochen scharf wiedergegeben wird.<\/p>\n<h3>Ein strategisches Werkzeug f\u00fcr die Fachleute vor Ort<\/h3>\n<p>Der WPC215 ist kein Monitor f\u00fcr die breite \u00d6ffentlichkeit. Er wurde f\u00fcr Berufe entwickelt, bei denen es auf Pr\u00e4zision und Geschwindigkeit ankommt. <\/p>\n<ul>\n<li><strong>Drohnenbetreiber (Polizei, Gendarmerie, Sicherheitsdienste):<\/strong><br \/>\nSchlie\u00dfen Sie Ihren DJI-Controller (Matrice, Mavic) direkt \u00fcber HDMI an, um ein gro\u00dffl\u00e4chiges, stabiles und latenzfreies Videofeedback zu erhalten.<br \/>\nKoordinieren Sie Bodenteams mit einem klaren \u00dcberblick bei \u00dcberwachungs-, Such- oder Massenmanagement-Missionen.<\/li>\n<li><strong>Rettungsteams (Feuerwehr, Rettungsdienst):<\/strong><br \/>\nSchnelle Entsendung einer mobilen Kommandozentrale an den Einsatzort.<br \/>\nAnalyse von W\u00e4rmebildern einer Drohne, \u00dcberwachung der Fortschritte der Teams und Verbesserung der Sicherheit Ihrer Leute durch ein besseres Situationsbewusstsein.<\/li>\n<li><strong>Videofilmer und Regisseure:<\/strong><br \/>\nVerwenden Sie ihn als tragbaren Regiemonitor, um die Aufnahmen zu \u00fcberwachen.<br \/>\nDank der Unterst\u00fctzung von 3D-LUTs k\u00f6nnen Sie die endg\u00fcltige Farbwiedergabe direkt beim Dreh vorab pr\u00fcfen und sicherstellen, dass die k\u00fcnstlerische Vision respektiert wird.<\/li>\n<\/ul>\n<h3>F\u00fcr Mobilit\u00e4t und Nachhaltigkeit konzipiert<\/h3>\n<p>Die wahre St\u00e4rke des WPC215 ist seine Integration in einen <strong>milit\u00e4rischen Transportkoffer<\/strong>.<br \/>\nSie ist im geschlossenen Zustand sto\u00dffest, staubdicht und spritzwassergesch\u00fctzt und sch\u00fctzt den Bildschirm w\u00e4hrend des Transports in den widrigsten Umgebungen.<\/p>\n<p>Das System ist in wenigen Sekunden betriebsbereit: \u00d6ffnen Sie den Koffer, schlie\u00dfen Sie Ihre Quellen an und Sie k\u00f6nnen loslegen.<br \/>\nDieses All-in-One-Design macht es \u00fcberfl\u00fcssig, mehrere Komponenten zu montieren und zu demontieren - eine wertvolle Zeitersparnis vor Ort.<\/p>\n<h3>Umfassende Konnektivit\u00e4t und professionelle Analysewerkzeuge<\/h3>\n<p>Vielseitigkeit ist das Herzst\u00fcck des WPC215. Mit seinen <strong>3G-SDI und HDMI (DCI 4K kompatibel)<\/strong> Ein- und Ausg\u00e4ngen<br \/>\nl\u00e4sst er sich m\u00fchelos in jeden professionellen Workflow integrieren, von Filmkameras bis hin zu Drohnen f\u00fcr den Endverbraucher. <\/p>\n<p>Die integrierten Analysewerkzeuge machen den Monitor zu einem echten Messinstrument:<\/p>\n<ul>\n<li><strong>Waveform, Vektorskop, RGB-Histogramm:<\/strong> Steuern Sie die Belichtung und die Farbbalance genau.<\/li>\n<li><strong>Focus Assist &amp; Peaking:<\/strong> Sorgen Sie f\u00fcr eine perfekte Fokussierung bei jeder Aufnahme.<\/li>\n<li><strong>Unterst\u00fctzung von 32 3D-LUTs:<\/strong> Laden Sie Ihre Tabellen \u00fcber einen USB-Stick, um eine Kalibrierung in Echtzeit durchzuf\u00fchren.<\/li>\n<\/ul>\n<hr>\n<h3>FAQ<\/h3>\n<dl>\n<dt><strong>Ist dieser Monitor mit meiner DJI-Drohne kompatibel?<\/strong><\/dt>\n<dd>Ja, wenn Ihr Fernsteuerungsger\u00e4t \u00fcber einen HDMI-Ausgang verf\u00fcgt (DJI RC Pro, Smart Controller usw.), k\u00f6nnen Sie es an den Monitor anschlie\u00dfen. <\/p>\n<p>Er ist besonders geeignet f\u00fcr die DJI Matrice (M30, M350), Mavic 3 Enterprise\/Thermal und generell f\u00fcr alle Drohnen mit Videoausgang.<\/dd>\n<dt><strong>Sch\u00fctzt der Koffer den Monitor w\u00e4hrend des Transports gut?<\/strong><\/dt>\n<dd>Ja, der Koffer ist so konstruiert, dass er im geschlossenen Zustand sto\u00dffest, staubdicht und spritzwassergesch\u00fctzt ist. <\/p>\n<p>Sie bietet maximalen Schutz w\u00e4hrend des Transports und der Lagerung, selbst unter schwierigen Bedingungen.<\/dd>\n<dt><strong>Wie lange l\u00e4uft der Monitor im Batteriebetrieb?<\/strong><\/dt>\n<dd>Die Betriebsdauer h\u00e4ngt von der Kapazit\u00e4t der verwendeten V-Mount-Batterien ab.<\/p>\n<p>Der Monitor ist mit zwei V-Mount-Platten ausgestattet, so dass Sie zwei Batterien gleichzeitig verwenden k\u00f6nnen, um die Betriebszeit zu verl\u00e4ngern. Die Batterien sind standardm\u00e4\u00dfig nicht im Lieferumfang enthalten. <\/dd>\n<dt><strong>Kann der Monitor auf einem Stativ montiert werden?<\/strong><\/dt>\n<dd>Ja, der Koffer steht stabil auf einer ebenen Fl\u00e4che und ist auch f\u00fcr die Montage auf einem Lautsprecherst\u00e4nder geeignet. <\/p>\n<p>Dies ist ideal, um den Bildschirm hoch zu positionieren und ihn f\u00fcr das gesamte Team sichtbar zu machen.<\/dd>\n<\/dl>\n<hr>\n<h3>Detaillierte technische Spezifikationen<\/h3>\n<table class=\"shop_attributes\">\n<tbody>\n<tr>\n<th>Gr\u00f6\u00dfe des Bildschirms<\/th>\n<td>21,5 Zoll IPS<\/td>\n<\/tr>\n<tr>\n<th>Aufl\u00f6sung<\/th>\n<td>1920 x 1080 Pixel<\/td>\n<\/tr>\n<tr>\n<th>Helligkeit<\/th>\n<td>1000 cd\/m\u00b2<\/td>\n<\/tr>\n<tr>\n<th>Kontrast<\/th>\n<td>1000:1<\/td>\n<\/tr>\n<tr>\n<th>Eing\u00e4nge<\/th>\n<td>1x 3G-SDI, 2x HDMI, 1x USB (f\u00fcr LUTs)<\/td>\n<\/tr>\n<tr>\n<th>Ausg\u00e4nge<\/th>\n<td>1x 3G-SDI, 1x HDMI<\/td>\n<\/tr>\n<tr>\n<th>Audio<\/th>\n<td>Stereolautsprecher, 3,5 mm Kopfh\u00f6rerausgang<\/td>\n<\/tr>\n<tr>\n<th>Stromversorgung<\/th>\n<td>DC 12-24 V, XLR 4-polig, 2x V-Mount-Platten<\/td>\n<\/tr>\n<tr>\n<th>Verbrauch<\/th>\n<td>\u2264 30 W<\/td>\n<\/tr>\n<tr>\n<th>Abmessungen (Koffer)<\/th>\n<td>596 x 440 x 240 mm<\/td>\n<\/tr>\n<tr>\n<th>Gewicht (mit Koffer)<\/th>\n<td>14,8 kg<\/td>\n<\/tr>\n<tr>\n<th>Schutz<\/th>\n<td>Sto\u00df- und wetterfester Transportkoffer<\/td>\n<\/tr>\n<\/tbody>\n<\/table>\n<hr>\n<p><strong>Wichtiger Hinweis:<\/strong><br \/>\nF\u00fcr eine Komplettl\u00f6sung k\u00f6nnen wir Ihnen auf Anfrage die beiden V-Mount-Batterien, das zugeh\u00f6rige Ladeger\u00e4t und den Lautsprecherst\u00e4nder liefern.<br \/>\nBitte kontaktieren Sie uns f\u00fcr ein individuelles Angebot.<\/p>\n<\/div>\n<p>&nbsp;<\/p>\n<p><iframe loading=\"lazy\" title=\"SEETEC WPC215 21.5&quot; 1000NITS High Bright Portable Carry-on Director Monitor Operation Guide\" width=\"1020\" height=\"574\" src=\"https:\/\/www.youtube.com\/embed\/qqiedIx5VC4?feature=oembed&#038;enablejsapi=1&#038;origin=https:\/\/drone-parts-center.com\" frameborder=\"0\" allow=\"accelerometer; autoplay; clipboard-write; encrypted-media; gyroscope; picture-in-picture; web-share\" referrerpolicy=\"strict-origin-when-cross-origin\" allowfullscreen><\/iframe><\/p>\n","protected":false},"excerpt":{"rendered":"<div id=\"woocommerce-short-description\">\n<p><strong>Der Feelworld Seetec WPC215 Feldmonitor ist die ultimative Video\u00fcberwachungsl\u00f6sung f\u00fcr den anspruchsvollen Profi.<\/strong>  Dieser 21,5-Zoll-Full-HD-Bildschirm ist in einem wasserdichten und robusten Transportkoffer untergebracht und bietet eine au\u00dfergew\u00f6hnliche Helligkeit von 1000 nits, so dass Sie auch bei direkter Sonneneinstrahlung gut sehen k\u00f6nnen. Er wurde f\u00fcr Drohnenoperateure, Rettungsteams (Polizei, Feuerwehr) und Videofilmer entwickelt und bietet umfassende Konnektivit\u00e4t (HDMI 4K, SDI) und professionelle Bildanalysetools f\u00fcr kritische Eins\u00e4tze und einwandfreie Aufnahmen.<\/p>\n<ul>\n<li><strong>Optimale Sicht:<\/strong> IPS-Panel mit 1000 nits f\u00fcr ein klares Bild unter allen Bedingungen.<\/li>\n<li><strong>All-in-One-Design:<\/strong> Eingebaut in einen wasserdichten Koffer (IP67) f\u00fcr maximale Mobilit\u00e4t und Schutz.<\/li>\n<li><strong>Professionelle Konnektivit\u00e4t:<\/strong> HDMI (bis zu 4K) und 3G-SDI Ein-\/Ausg\u00e4nge f\u00fcr universelle Kompatibilit\u00e4t.<\/li>\n<li><strong>Erweiterte Analysewerkzeuge:<\/strong> Histogramm, Waveform, Focus Assist und Unterst\u00fctzung von 32 benutzerdefinierten 3D-LUTs.<\/li>\n<li><strong>Flexible Stromversorgung:<\/strong> DC-, XLR- und Dual-V-Mount-Optionen f\u00fcr kontinuierliche Autonomie im Feld.<\/li>\n<\/ul>\n<\/div>\n","protected":false},"featured_media":101136,"comment_status":"open","ping_status":"closed","template":"","meta":{"_seopress_robots_primary_cat":"none","_seopress_titles_title":"21.5\" Feelworld WPC215 Feldmonitor | 1000 Nits, 4K HDMI\/SDI","_seopress_titles_desc":"Entdecken Sie den Feelworld Seetec WPC215 Feldmonitor. Ultraheller 21,5\"-Bildschirm (1000 nits) in einem wasserdichten Koffer. Ideal f\u00fcr Drohnen, Polizei und Profi-Videos.  ","_seopress_robots_index":""},"product_brand":[19435],"product_cat":[15509],"product_tag":[17238,17236,17235,17237,17232,17233,17234,17241,17240,17239],"class_list":{"0":"post-96672","1":"product","2":"type-product","3":"status-publish","4":"has-post-thumbnail","6":"product_brand-drone-parts-center","7":"product_cat-dji-spark-de","8":"product_tag-benutzerdefinierte-luts-de","9":"product_tag-bildschirm-auf-standfus-lautsprecher-de","10":"product_tag-feuerwehr-de","11":"product_tag-hdmi-4k-de-2","12":"product_tag-kontrollbildschirm-de","13":"product_tag-monitor-fur-drohnen-de","14":"product_tag-polizeiuberwachung-de","15":"product_tag-professionelle-produktion-de","16":"product_tag-sdi-monitor-de","17":"product_tag-videoaufnahmen-de","19":"first","20":"instock","21":"taxable","22":"shipping-taxable","23":"purchasable","24":"product-type-simple"},"_links":{"self":[{"href":"https:\/\/drone-parts-center.com\/de\/wp-json\/wp\/v2\/product\/96672","targetHints":{"allow":["GET"]}}],"collection":[{"href":"https:\/\/drone-parts-center.com\/de\/wp-json\/wp\/v2\/product"}],"about":[{"href":"https:\/\/drone-parts-center.com\/de\/wp-json\/wp\/v2\/types\/product"}],"replies":[{"embeddable":true,"href":"https:\/\/drone-parts-center.com\/de\/wp-json\/wp\/v2\/comments?post=96672"}],"wp:featuredmedia":[{"embeddable":true,"href":"https:\/\/drone-parts-center.com\/de\/wp-json\/wp\/v2\/media\/101136"}],"wp:attachment":[{"href":"https:\/\/drone-parts-center.com\/de\/wp-json\/wp\/v2\/media?parent=96672"}],"wp:term":[{"taxonomy":"product_brand","embeddable":true,"href":"https:\/\/drone-parts-center.com\/de\/wp-json\/wp\/v2\/product_brand?post=96672"},{"taxonomy":"product_cat","embeddable":true,"href":"https:\/\/drone-parts-center.com\/de\/wp-json\/wp\/v2\/product_cat?post=96672"},{"taxonomy":"product_tag","embeddable":true,"href":"https:\/\/drone-parts-center.com\/de\/wp-json\/wp\/v2\/product_tag?post=96672"}],"curies":[{"name":"wp","href":"https:\/\/api.w.org\/{rel}","templated":true}]}}