{"id":96667,"date":"2024-12-01T08:10:19","date_gmt":"2024-12-01T07:10:19","guid":{"rendered":"https:\/\/drone-parts-center.com\/produit\/led-skipper-pro-kit-einziehbare-schranke-mit-beleuchtung-und-magnetischer-befestigung\/"},"modified":"2025-07-26T18:35:42","modified_gmt":"2025-07-26T16:35:42","slug":"led-skipper-pro-kit-einziehbare-schranke-mit-beleuchtung-und-magnetischer-befestigung","status":"publish","type":"product","link":"https:\/\/drone-parts-center.com\/de\/produkt\/led-skipper-pro-kit-einziehbare-schranke-mit-beleuchtung-und-magnetischer-befestigung\/","title":{"rendered":"LED Skipper Pro Kit - Einziehbare Schranke mit Beleuchtung und magnetischer Befestigung"},"content":{"rendered":"<p>Das Skipper Pro LED Kit wurde entwickelt, um Arbeitsbereiche zu sichern und zu kennzeichnen, insbesondere solche, in denen Drohnen eingesetzt werden. Es bietet eine zuverl\u00e4ssige und vielseitige L\u00f6sung, die ideal f\u00fcr anspruchsvolle Umgebungen ist. Dank seiner fortschrittlichen Funktionen bietet das Kit einen effektiven Schutz und ist gleichzeitig einfach zu bedienen.  <\/p>\n<p>Dieses Paket enth\u00e4lt :<\/p>\n<ul>\n<li><strong>2 gut sichtbare LED-Beleuchtungen<\/strong>, die auch bei schlechten Sichtverh\u00e4ltnissen ideal zur Kennzeichnung von Bereichen geeignet sind. Sie erh\u00f6hen die Sicherheit bei Tag und Nacht. <\/li>\n<li><strong>1 magnetische Befestigung<\/strong>, die eine schnelle Befestigung an Metalloberfl\u00e4chen wie Fahrzeugen oder festen Strukturen erm\u00f6glicht.<\/li>\n<li><strong>4 Pfosten und 4 Skipper-Basen<\/strong>, die f\u00fcr maximale Stabilit\u00e4t sorgen. Die Basen k\u00f6nnen mit Wasser oder Sand gef\u00fcllt werden und bieten so bis zu 11 kg zus\u00e4tzliches Gewicht. <\/li>\n<li><strong>4 Skipper-Einheiten<\/strong> mit jeweils 9 Metern einziehbarem Band. Dies erm\u00f6glicht eine Sicherheitsbarriere von bis zu 36 Metern. <\/li>\n<\/ul>\n<p>Das Skipper Pro LED-Kit ist ideal f\u00fcr STS-01-Szenarien. In diesem Fall sch\u00fctzt es effektiv kontrollierte Landbereiche und verhindert den Zugang von nicht autorisierten Personen. Diese L\u00f6sung eignet sich f\u00fcr verschiedene Zwecke, von der Sicherung eines Flugbereichs bis hin zur Abgrenzung von Arbeitsbereichen.  <\/p>\n<h4><strong>Hauptvorteile<\/strong>:<\/h4>\n<ul>\n<li><strong>Bessere Sicht<\/strong>: LED-Beleuchtung macht Ihre Arbeitsbereiche unter allen Umst\u00e4nden sichtbar. Dies erh\u00f6ht die Sicherheit. <\/li>\n<li><strong>Schnelle Installation<\/strong>: Dank der magnetischen Befestigung l\u00e4sst sich das Set leicht an Fahrzeugen oder anderen Metalltr\u00e4gern anbringen.<\/li>\n<li><strong>Modulares Design<\/strong>: Konfigurieren Sie die einziehbaren Schranken nach Ihren Bed\u00fcrfnissen, um Ihre Bereiche effektiv zu sch\u00fctzen.<\/li>\n<li><strong>Bew\u00e4hrte Langlebigkeit<\/strong>: Hergestellt aus robusten Materialien, h\u00e4lt es intensiver Nutzung in anspruchsvollen Umgebungen stand.<\/li>\n<\/ul>\n<h4><strong>Hauptanwendungsgebiete<\/strong>:<\/h4>\n<ul>\n<li>Abgrenzung der Flugzonen f\u00fcr Drohnen und der Startbereiche.<\/li>\n<li>Beschilderung der kontrollierten Bodenbereiche, insbesondere f\u00fcr die Szenarien STS-01.<\/li>\n<li>Tempor\u00e4rer Schutz f\u00fcr Baustellen oder Veranstaltungen.<\/li>\n<li>Sicherung von Wartungs- und Interventionsbereichen.<\/li>\n<\/ul>\n<p>Mit dem Skipper Pro LED-Kit k\u00f6nnen Sie Ihre R\u00e4ume effektiv sch\u00fctzen und gleichzeitig Ihre Arbeit erleichtern. Dieses Kit ist eine All-in-One-L\u00f6sung, die speziell auf die Bed\u00fcrfnisse von Fachleuten zugeschnitten ist. <\/p>\n","protected":false},"excerpt":{"rendered":"<p>Das Skipper Pro LED Kit sichert Ihre kontrollierten Landbereiche f\u00fcr Drohnen. Mit 36 m einziehbarem Zaun, LED-Beleuchtung und magnetischer Befestigung ist es perfekt f\u00fcr den professionellen Einsatz. <\/p>\n","protected":false},"featured_media":101141,"comment_status":"open","ping_status":"closed","template":"","meta":{"_seopress_robots_primary_cat":"","_seopress_titles_title":"Skipper Pro LED Kit - Sicherung von Drohnen und Beschilderung","_seopress_titles_desc":"Sichern Sie Ihre kontrollierten Landbereiche mit dem Skipper Pro LED Kit: einziehbare Absperrung, LED-Beleuchtung und magnetische Befestigung f\u00fcr Drohnen.","_seopress_robots_index":""},"product_brand":[19495],"product_cat":[15649,15656],"product_tag":[17207,17203,17212,17200,17205,17201,17211,17209],"class_list":{"0":"post-96667","1":"product","2":"type-product","3":"status-publish","4":"has-post-thumbnail","6":"product_brand-skipper","7":"product_cat-dji-inspire-1-2-und-3","8":"product_cat-dji-matrix","9":"product_tag-drohnenbeleuchtung-de","10":"product_tag-einziehbare-led-barriere-de","11":"product_tag-industrielle-sicherheit-de","12":"product_tag-led-drohnen-set-de","13":"product_tag-magnetischer-sicherheitsclip-de","14":"product_tag-sicherung-der-drohnenzone-de","15":"product_tag-szenario-sts-01-de","16":"product_tag-verwaltung-des-drohnenraums-de","18":"first","19":"onbackorder","20":"taxable","21":"shipping-taxable","22":"purchasable","23":"product-type-simple"},"_links":{"self":[{"href":"https:\/\/drone-parts-center.com\/de\/wp-json\/wp\/v2\/product\/96667","targetHints":{"allow":["GET"]}}],"collection":[{"href":"https:\/\/drone-parts-center.com\/de\/wp-json\/wp\/v2\/product"}],"about":[{"href":"https:\/\/drone-parts-center.com\/de\/wp-json\/wp\/v2\/types\/product"}],"replies":[{"embeddable":true,"href":"https:\/\/drone-parts-center.com\/de\/wp-json\/wp\/v2\/comments?post=96667"}],"wp:featuredmedia":[{"embeddable":true,"href":"https:\/\/drone-parts-center.com\/de\/wp-json\/wp\/v2\/media\/101141"}],"wp:attachment":[{"href":"https:\/\/drone-parts-center.com\/de\/wp-json\/wp\/v2\/media?parent=96667"}],"wp:term":[{"taxonomy":"product_brand","embeddable":true,"href":"https:\/\/drone-parts-center.com\/de\/wp-json\/wp\/v2\/product_brand?post=96667"},{"taxonomy":"product_cat","embeddable":true,"href":"https:\/\/drone-parts-center.com\/de\/wp-json\/wp\/v2\/product_cat?post=96667"},{"taxonomy":"product_tag","embeddable":true,"href":"https:\/\/drone-parts-center.com\/de\/wp-json\/wp\/v2\/product_tag?post=96667"}],"curies":[{"name":"wp","href":"https:\/\/api.w.org\/{rel}","templated":true}]}}