{"id":96666,"date":"2024-12-30T11:29:46","date_gmt":"2024-12-30T10:29:46","guid":{"rendered":"https:\/\/drone-parts-center.com\/produit\/dji-air-3s-rear-arm-module-left\/"},"modified":"2025-07-26T18:33:12","modified_gmt":"2025-07-26T16:33:12","slug":"dji-air-3s-rear-arm-module-left","status":"publish","type":"product","link":"https:\/\/drone-parts-center.com\/de\/produkt\/dji-air-3s-rear-arm-module-left\/","title":{"rendered":"DJI Air 3S Rear Arm Module (Left)"},"content":{"rendered":"<p>Das DJI Air 3S Modul f\u00fcr den linken hinteren Arm ist ein offizielles Ersatzteil f\u00fcr die Reparatur Ihrer Drohne. Es ersetzt den besch\u00e4digten oder abgenutzten linken hinteren Arm. Dieses Bauteil gew\u00e4hrleistet eine perfekte Kompatibilit\u00e4t mit dem DJI Air 3S. Es hilft, die Leistung und Stabilit\u00e4t Ihres Flugger\u00e4ts wiederherzustellen.   <\/p>\n<p>Dieses Modul wurde aus leichten und robusten Materialien hergestellt und ist auf Langlebigkeit ausgelegt. Es sorgt f\u00fcr eine bessere Stabilit\u00e4t w\u00e4hrend der Fl\u00fcge. Obwohl die Installation spezielle Werkzeuge erfordert, ist es eine zuverl\u00e4ssige L\u00f6sung f\u00fcr die Wartung Ihrer Drohne. Dieses Modul verl\u00e4ngert die Lebensdauer Ihres Flugger\u00e4ts, indem es die strukturelle Integrit\u00e4t aufrechterh\u00e4lt.   <\/p>\n<p>Dieses Produkt ist sowohl f\u00fcr Amateure als auch f\u00fcr Profis geeignet. Es ist wichtig f\u00fcr diejenigen, die ihre DJI Air 3S Drohne in perfektem Zustand halten m\u00f6chten. <\/p>\n<h3>Schl\u00fcsselpunkte :<\/h3>\n<ul>\n<li>Ersetzt den besch\u00e4digten linken Heckarm.<\/li>\n<li>Vollst\u00e4ndige Kompatibilit\u00e4t mit dem DJI Air 3S.<\/li>\n<li>Starke Materialien f\u00fcr eine lange Lebensdauer.<\/li>\n<li>Installation, die technische Hilfsmittel erfordert.<\/li>\n<\/ul>\n","protected":false},"excerpt":{"rendered":"<p>Das DJI Air 3S Modul f\u00fcr den linken hinteren Arm wurde entwickelt, um den linken hinteren Arm Ihrer Drohne zu ersetzen. Es ist leicht, robust und langlebig und garantiert eine zuverl\u00e4ssige Reparatur. <\/p>\n","protected":false},"featured_media":101170,"comment_status":"open","ping_status":"closed","template":"","meta":{"_seopress_robots_primary_cat":"","_seopress_titles_title":"Modul f\u00fcr den linken hinteren Arm DJI Air 3S","_seopress_titles_desc":"Reparieren Sie Ihren DJI Air 3S mit dem Modul f\u00fcr den linken hinteren Arm. Es ist kompatibel, langlebig und zuverl\u00e4ssig und garantiert eine schnelle und effiziente Reparatur. ","_seopress_robots_index":"yes"},"product_brand":[19390],"product_cat":[17174],"product_tag":[17188,17184,17193,17199,17198,17190,17183,17192,16426],"class_list":{"0":"post-96666","1":"product","2":"type-product","3":"status-publish","4":"has-post-thumbnail","6":"product_brand-dji","7":"product_cat-dji-air-3s-de-2","8":"product_tag-ersatz-fur-dji-air-3s-arm-de","9":"product_tag-ersatzteil-dji-air-3s-de-2","10":"product_tag-hinterer-arm-der-drohne-dji-air-3s-de","11":"product_tag-linker-arm-dji-drohne-de","12":"product_tag-modul-fur-den-linken-hinteren-arm-von-dji-de","13":"product_tag-offizielles-ersatzteil-dji-air-3s-de","14":"product_tag-reparatur-der-drohne-dji-air-3s-de","15":"product_tag-wiederherstellung-von-dji-drohnen-de","16":"product_tag-zubehor-fur-dji-drohnen-de-2","18":"first","19":"outofstock","20":"taxable","21":"shipping-taxable","22":"purchasable","23":"product-type-simple"},"_links":{"self":[{"href":"https:\/\/drone-parts-center.com\/de\/wp-json\/wp\/v2\/product\/96666","targetHints":{"allow":["GET"]}}],"collection":[{"href":"https:\/\/drone-parts-center.com\/de\/wp-json\/wp\/v2\/product"}],"about":[{"href":"https:\/\/drone-parts-center.com\/de\/wp-json\/wp\/v2\/types\/product"}],"replies":[{"embeddable":true,"href":"https:\/\/drone-parts-center.com\/de\/wp-json\/wp\/v2\/comments?post=96666"}],"wp:featuredmedia":[{"embeddable":true,"href":"https:\/\/drone-parts-center.com\/de\/wp-json\/wp\/v2\/media\/101170"}],"wp:attachment":[{"href":"https:\/\/drone-parts-center.com\/de\/wp-json\/wp\/v2\/media?parent=96666"}],"wp:term":[{"taxonomy":"product_brand","embeddable":true,"href":"https:\/\/drone-parts-center.com\/de\/wp-json\/wp\/v2\/product_brand?post=96666"},{"taxonomy":"product_cat","embeddable":true,"href":"https:\/\/drone-parts-center.com\/de\/wp-json\/wp\/v2\/product_cat?post=96666"},{"taxonomy":"product_tag","embeddable":true,"href":"https:\/\/drone-parts-center.com\/de\/wp-json\/wp\/v2\/product_tag?post=96666"}],"curies":[{"name":"wp","href":"https:\/\/api.w.org\/{rel}","templated":true}]}}