{"id":96661,"date":"2024-12-30T11:59:53","date_gmt":"2024-12-30T10:59:53","guid":{"rendered":"https:\/\/drone-parts-center.com\/produit\/dji-neo-untere-abdeckung\/"},"modified":"2025-07-26T18:31:58","modified_gmt":"2025-07-26T16:31:58","slug":"dji-neo-untere-abdeckung","status":"publish","type":"product","link":"https:\/\/drone-parts-center.com\/de\/produkt\/dji-neo-untere-abdeckung\/","title":{"rendered":"DJI NEO Untere Abdeckung"},"content":{"rendered":"<p>Die DJI NEO Bodenabdeckung ist ein Reparaturteil, das entwickelt wurde, um den unteren Schutz Ihrer Drohne wiederherzustellen. Sie sch\u00fctzt effektiv vor St\u00f6\u00dfen, Staub und Verschlei\u00df. Dieses Teil ist ideal, um eine besch\u00e4digte oder abgenutzte Abdeckung nach l\u00e4ngerem Gebrauch oder einem Unfall zu ersetzen.  <\/p>\n<p>Diese Abdeckung ist aus starken und leichten Materialien hergestellt. Er passt perfekt auf das DJI NEO-Modell, um eine optimale Stabilit\u00e4t zu gew\u00e4hrleisten. Die Installation dieses Teils erfordert technische F\u00e4higkeiten und das richtige Werkzeug. Wenn Sie mit Reparaturen nicht vertraut sind, empfehlen wir Ihnen, die Hilfe eines Fachmanns in Anspruch zu nehmen.   <\/p>\n<p>Mit dieser Abdeckung verl\u00e4ngern Sie die Lebensdauer Ihrer Drohne. Sie ist ideal f\u00fcr Hobby- und professionelle Nutzer, die eine zuverl\u00e4ssige L\u00f6sung suchen, um ihre Ausr\u00fcstung in einem ausgezeichneten Zustand zu halten. <\/p>\n<h3>Schl\u00fcsselpunkte :<\/h3>\n<ul>\n<li>Repariert den unteren Schutz des DJI NEO.<\/li>\n<li>Leichte und starke Materialien f\u00fcr eine lange Lebensdauer.<\/li>\n<li>Pr\u00e4zise Passform f\u00fcr das Modell DJI NEO.<\/li>\n<li>Installation erfordert technische Kenntnisse.<\/li>\n<\/ul>\n","protected":false},"excerpt":{"rendered":"<p>Die <strong>DJI NEO Bodenabdeckung<\/strong> ist ein Reparaturteil, das entwickelt wurde, um den unteren Schutz Ihrer Drohne wiederherzustellen. Sie ist langlebig und robust und f\u00fcr erfahrene Benutzer gedacht. <\/p>\n","protected":false},"featured_media":101176,"comment_status":"open","ping_status":"closed","template":"","meta":{"_seopress_robots_primary_cat":"","_seopress_titles_title":"Untere Abdeckung DJI NEO - Ersatzteil","_seopress_titles_desc":"Ersetzen Sie den unteren Schutz Ihres DJI NEO mit dieser Reparaturabdeckung. Langlebig und robust. Die Installation erfordert Fachkenntnisse.  ","_seopress_robots_index":""},"product_brand":[19390],"product_cat":[16720],"product_tag":[17171,17169,17172,17170,17166,17173,17168,16426],"class_list":{"0":"post-96661","1":"product","2":"type-product","3":"status-publish","4":"has-post-thumbnail","6":"product_brand-dji","7":"product_cat-dji-neo-de-2","8":"product_tag-ersatz-fur-dji-neo-de","9":"product_tag-ersatzteil-dji-neo-de","10":"product_tag-offizielle-dji-neo-munze-de","11":"product_tag-schutz-der-drohne-dji-neo-de","12":"product_tag-untere-abdeckung-dji-neo-de-2","13":"product_tag-untere-abdeckung-dji-neo-de-3","14":"product_tag-unterer-schutz-dji-neo-de","15":"product_tag-zubehor-fur-dji-drohnen-de-2","17":"first","18":"instock","19":"taxable","20":"shipping-taxable","21":"purchasable","22":"product-type-simple"},"_links":{"self":[{"href":"https:\/\/drone-parts-center.com\/de\/wp-json\/wp\/v2\/product\/96661","targetHints":{"allow":["GET"]}}],"collection":[{"href":"https:\/\/drone-parts-center.com\/de\/wp-json\/wp\/v2\/product"}],"about":[{"href":"https:\/\/drone-parts-center.com\/de\/wp-json\/wp\/v2\/types\/product"}],"replies":[{"embeddable":true,"href":"https:\/\/drone-parts-center.com\/de\/wp-json\/wp\/v2\/comments?post=96661"}],"wp:featuredmedia":[{"embeddable":true,"href":"https:\/\/drone-parts-center.com\/de\/wp-json\/wp\/v2\/media\/101176"}],"wp:attachment":[{"href":"https:\/\/drone-parts-center.com\/de\/wp-json\/wp\/v2\/media?parent=96661"}],"wp:term":[{"taxonomy":"product_brand","embeddable":true,"href":"https:\/\/drone-parts-center.com\/de\/wp-json\/wp\/v2\/product_brand?post=96661"},{"taxonomy":"product_cat","embeddable":true,"href":"https:\/\/drone-parts-center.com\/de\/wp-json\/wp\/v2\/product_cat?post=96661"},{"taxonomy":"product_tag","embeddable":true,"href":"https:\/\/drone-parts-center.com\/de\/wp-json\/wp\/v2\/product_tag?post=96661"}],"curies":[{"name":"wp","href":"https:\/\/api.w.org\/{rel}","templated":true}]}}