{"id":96659,"date":"2025-01-08T14:00:04","date_gmt":"2025-01-08T13:00:04","guid":{"rendered":"https:\/\/drone-parts-center.com\/produit\/dji-matrice-4e\/"},"modified":"2025-11-29T09:59:50","modified_gmt":"2025-11-29T08:59:50","slug":"dji-matrice-4e","status":"publish","type":"product","link":"https:\/\/drone-parts-center.com\/de\/produkt\/dji-matrice-4e\/","title":{"rendered":"DJI Matrice 4E"},"content":{"rendered":"<h4><strong>DJI Matrice 4E: Die Referenz f\u00fcr professionelle Drohnen<\/strong><\/h4>\n<p>Die DJI Matrice 4E ist eine professionelle Drohne, die entwickelt wurde, um den wachsenden Anforderungen moderner Unternehmen gerecht zu werden. Sie ist kompakt und intelligent und zeichnet sich in einer Vielzahl von Bereichen wie Vermessung, Kartographie und Industrieinspektionen aus. Diese revolution\u00e4re Drohne definiert die Standards f\u00fcr den Flugbetrieb neu, da sie eine unvergleichliche Leistung und Pr\u00e4zision bietet.  <\/p>\n<hr>\n<h4><strong>Technische Daten Schl\u00fcssel<\/strong><\/h4>\n<p>Der <strong>DJI Matrice 4E<\/strong> verf\u00fcgt \u00fcber hochmoderne Funktionen, die ihn f\u00fcr professionelle Anwender unentbehrlich machen. Er kombiniert Innovation und Effizienz, um die Erwartungen der anspruchsvollsten Branchen zu erf\u00fcllen: <\/p>\n<ul>\n<li><strong>Multisensor-Kameras<\/strong>:\n<ul>\n<li>24 mm Weitwinkelobjektiv mit mechanischem Verschluss, perfekt f\u00fcr ultrapr\u00e4zise Kartierungen.<\/li>\n<li>70 mm optischer Zoom, ideal f\u00fcr die Inspektion mittelgro\u00dfer Infrastrukturen.<\/li>\n<li>168-mm-Teleobjektiv mit 112-fachem Hybrid-Zoom, das Details bis zu einer Entfernung von 250 Metern erfassen kann.<\/li>\n<\/ul>\n<\/li>\n<li><strong>Au\u00dfergew\u00f6hnliche Flugleistung<\/strong>:\n<ul>\n<li>Eine Laufzeit von bis zu 49 Minuten.<\/li>\n<li>Eine \u00dcbertragung \u00fcber eine Entfernung von bis zu 12 Kilometern.<\/li>\n<li>Schneller Start in nur 15 Sekunden, so dass Sie sofort eingreifen k\u00f6nnen.<\/li>\n<\/ul>\n<\/li>\n<li><strong>Fortschrittliche Technologien<\/strong>:\n<ul>\n<li>Verzerrungskorrektur, um eine hohe Datengenauigkeit zu gew\u00e4hrleisten.<\/li>\n<li>Laser-Entfernungsmesser mit einer Reichweite von bis zu 1800 Metern.<\/li>\n<li>GNSS-Anti-Interferenz-Algorithmen, die stabile Fl\u00fcge auch in schwierigen Umgebungen gew\u00e4hrleisten.<\/li>\n<\/ul>\n<\/li>\n<\/ul>\n<hr>\n<h4><strong>DJI Matrice 4E: Intelligente Funktionen f\u00fcr Profis<\/strong><\/h4>\n<p>Mit seinen fortschrittlichen Werkzeugen vereinfacht der <strong>DJI Matrice 4E<\/strong> komplexe Missionen erheblich. Dar\u00fcber hinaus ist er so konzipiert, dass er die Zeit und die Ressourcen des Bedieners optimiert. <\/p>\n<ol>\n<li><strong>Automatische Flugplanung<\/strong>:\n<ul>\n<li>Erstellen Sie pr\u00e4zise Routen mit der Funktion Smart 3D Capture.<\/li>\n<li>Schnelle und effiziente Modellierung komplexer Strukturen.<\/li>\n<\/ul>\n<\/li>\n<li><strong>Intelligente Erkennung<\/strong>:\n<ul>\n<li>Sofortige Identifikation von Personen, Fahrzeugen oder Schiffen mit un\u00fcbertroffener Genauigkeit.<\/li>\n<li>Ideale Verwendung f\u00fcr Such- und Rettungsmissionen.<\/li>\n<\/ul>\n<\/li>\n<li><strong>Unterst\u00fctzte Navigation<\/strong>:\n<ul>\n<li>Verfolgung von sich bewegenden Objekten mit der Funktion Smart Track.<\/li>\n<li>Intuitive Flugplanung mit FlyTo.<\/li>\n<\/ul>\n<\/li>\n<\/ol>\n<hr>\n<h4><strong>Anwendungen und Nutzungsszenarien<\/strong><\/h4>\n<p>Der <strong>DJI Matrice 4E<\/strong> wurde entwickelt, um die Bed\u00fcrfnisse vieler Branchen zu erf\u00fcllen, wie z.B. : <\/p>\n<ul>\n<li><strong>Industrieinspektion<\/strong>: \u00dcberwachung von Br\u00fccken, Stromleitungen und anderer Infrastruktur.<\/li>\n<li><strong>Kartierung<\/strong>: Schnelle Erfassung und genaue 3D-Modellierung, auch in komplexen Umgebungen.<\/li>\n<li><strong>\u00d6ffentliche Sicherheit<\/strong>: Suche und Rettung mit leistungsstarken Werkzeugen und optimierter Nachtsicht.<\/li>\n<li><strong>Pr\u00e4zisionslandwirtschaft<\/strong>: Analyse von Kulturen f\u00fcr ein effektiveres Management.<\/li>\n<\/ul>\n<hr>\n<h4><strong>Zubeh\u00f6r und Personalisierung<\/strong><\/h4>\n<p>Mit dem Zubeh\u00f6r f\u00fcr den <strong>DJI Matrice 4E<\/strong> k\u00f6nnen Sie seine Leistung und Vielseitigkeit noch weiter verbessern: <\/p>\n<ul>\n<li><a href=\"https:\/\/drone-parts-center.com\/de\/produkt\/dji-al1-spotlight\/\"><strong>Scheinwerfer DJI AL1<\/strong><\/a> DJI Projektor: Beleuchtet effektiv einen Bereich von bis zu 100 Metern.<\/li>\n<li><strong><a href=\"https:\/\/drone-parts-center.com\/de\/produkt\/dji-as1-lautsprecher\/\">DJI AS1 Lautsprecher<\/a><\/strong>: Verbreitet klare und kraftvolle Nachrichten \u00fcber eine Entfernung von 300 Metern.<\/li>\n<li><a href=\"https:\/\/drone-parts-center.com\/de\/produkt\/d-rtk-3-multifunktionale-station\/\"><strong>Multifunktionsstation D-RTK 3<\/strong><\/a> Erweitert die Reichweite und verbessert die Datengenauigkeit.<\/li>\n<\/ul>\n<p>Der DJI Matrice 4E wird mit einer Versicherung geliefert. <a href=\"https:\/\/drone-parts-center.com\/de\/produkt\/renewed-dji-care-enterprise-plus-dji-matrice-4e\/\"><strong>DJI Care Enterprise Plus (DJI Matrice 4E).<\/strong><\/a> Die Versicherung ist 1 Jahr g\u00fcltig und kann zweimal verl\u00e4ngert werden (insgesamt 3 Jahre).<\/p>\n<p>Sie erhalten auch eine Lizenz f\u00fcr <a href=\"https:\/\/drone-parts-center.com\/de\/produkt\/dji-terra\/\"><strong>DJI Terra<\/strong><\/a> f\u00fcr 1 Jahr, die f\u00fcr alle mit dieser Kamera aufgenommenen Fotos g\u00fcltig ist.<\/p>\n<hr>\n<h4><strong>Sicherheit und Datenschutz<\/strong><\/h4>\n<p>Mit dem <strong>Lokalen Datenmodus<\/strong> bietet DJI optimale Sicherheit f\u00fcr Benutzer, die ihre sensiblen Informationen sch\u00fctzen m\u00f6chten. Dar\u00fcber hinaus haben Profis die volle Kontrolle \u00fcber ihre Daten, was bei kritischen Projekten von entscheidender Bedeutung ist. <\/p>\n","protected":false},"excerpt":{"rendered":"<p>Die <strong>DJI Matrice 4E<\/strong> ist die perfekte Drohne f\u00fcr die Luftbildkartierung. Mit einem eingebauten RTK-Modul, einer multidirektionalen Erfassung und einer Akkulaufzeit von 49 Minuten bietet sie eine un\u00fcbertroffene Effizienz. Sie wurde f\u00fcr die Topographie und komplexe Vermessungen entwickelt und bietet eine au\u00dfergew\u00f6hnliche Genauigkeit f\u00fcr Ihre professionellen Projekte.  <\/p>\n","protected":false},"featured_media":101199,"comment_status":"open","ping_status":"closed","template":"","meta":{"_seopress_robots_primary_cat":"","_seopress_titles_title":"DJI Matrice 4E - Profi-Drohne f\u00fcr Kartierungen","_seopress_titles_desc":"Die DJI Matrice 4E ist eine professionelle Drohne, die f\u00fcr die Luftbildkartierung entwickelt wurde. Sie ist ideal f\u00fcr die Topographie und kombiniert Effizienz, Genauigkeit und Robustheit. ","_seopress_robots_index":""},"product_brand":[19450],"product_cat":[15911],"product_tag":[17102,17162,17099,17159,15755,16908,17163],"class_list":{"0":"post-96659","1":"product","2":"type-product","3":"status-publish","4":"has-post-thumbnail","6":"product_brand-dji-enterprise","7":"product_cat-gebaude-und-infrastrukturinspektion","8":"product_tag-dji-matrice-4e-de-2","9":"product_tag-drohne-fur-den-bau-de","10":"product_tag-drohnenkartographie-de","11":"product_tag-geospatiale-vermessung-de","12":"product_tag-professionelle-drohne-de-2","13":"product_tag-rtk-drohne-de","14":"product_tag-topographie-durch-drohnen-de","16":"first","17":"onbackorder","18":"taxable","19":"shipping-taxable","20":"purchasable","21":"product-type-simple"},"_links":{"self":[{"href":"https:\/\/drone-parts-center.com\/de\/wp-json\/wp\/v2\/product\/96659","targetHints":{"allow":["GET"]}}],"collection":[{"href":"https:\/\/drone-parts-center.com\/de\/wp-json\/wp\/v2\/product"}],"about":[{"href":"https:\/\/drone-parts-center.com\/de\/wp-json\/wp\/v2\/types\/product"}],"replies":[{"embeddable":true,"href":"https:\/\/drone-parts-center.com\/de\/wp-json\/wp\/v2\/comments?post=96659"}],"wp:featuredmedia":[{"embeddable":true,"href":"https:\/\/drone-parts-center.com\/de\/wp-json\/wp\/v2\/media\/101199"}],"wp:attachment":[{"href":"https:\/\/drone-parts-center.com\/de\/wp-json\/wp\/v2\/media?parent=96659"}],"wp:term":[{"taxonomy":"product_brand","embeddable":true,"href":"https:\/\/drone-parts-center.com\/de\/wp-json\/wp\/v2\/product_brand?post=96659"},{"taxonomy":"product_cat","embeddable":true,"href":"https:\/\/drone-parts-center.com\/de\/wp-json\/wp\/v2\/product_cat?post=96659"},{"taxonomy":"product_tag","embeddable":true,"href":"https:\/\/drone-parts-center.com\/de\/wp-json\/wp\/v2\/product_tag?post=96659"}],"curies":[{"name":"wp","href":"https:\/\/api.w.org\/{rel}","templated":true}]}}