{"id":96648,"date":"2025-01-08T14:00:03","date_gmt":"2025-01-08T13:00:03","guid":{"rendered":"https:\/\/drone-parts-center.com\/produit\/d-rtk-3-multifunktionale-station\/"},"modified":"2025-11-29T09:59:19","modified_gmt":"2025-11-29T08:59:19","slug":"d-rtk-3-multifunktionale-station","status":"publish","type":"product","link":"https:\/\/drone-parts-center.com\/de\/produkt\/d-rtk-3-multifunktionale-station\/","title":{"rendered":"D-RTK 3 Multifunktionale Station"},"content":{"rendered":"<p>Die <strong>D-RTK 3 Multifunktionsstation<\/strong> ist eine RTK-Station, die entwickelt wurde, um bei komplexen Operationen eine Genauigkeit im Zentimeterbereich zu bieten. Sie ist mit den DJI Enterprise- und Agriculture-Drohnen kompatibel. Mit ihren drei Betriebsmodi<strong>(Base Station<\/strong>, <strong>Rover<\/strong> und <strong>Relay<\/strong>) eignet sie sich f\u00fcr eine Vielzahl von professionellen Szenarien wie Kartografie, Inspektionen oder landwirtschaftliche Vermessungen.  <\/p>\n<h4><strong>Hauptmerkmale<\/strong>:<\/h4>\n<ul>\n<li><strong>Basisstation-Modus<\/strong>: Sendet pr\u00e4zise RTK-Signale f\u00fcr mehrere Drohnen, mit einer maximalen Reichweite von 15 km.<\/li>\n<li><strong>Rover-Modus<\/strong>: Sammelt GCP-Punkte mit millimetergenauer Genauigkeit und erm\u00f6glicht dank einer eingebauten IMU geneigte Messungen.<\/li>\n<li><strong>Relay-Modus<\/strong>: Erh\u00f6ht die Reichweite der Video\u00fcbertragung auf bis zu 25 km. Dieser Modus ist ideal f\u00fcr komplexe Umgebungen wie Stadtgebiete oder Bergregionen. <\/li>\n<li><strong>Bew\u00e4hrte Robustheit<\/strong>: Wasser- und staubdicht (IP67), kann unter extremen Bedingungen von -20\u00b0C bis 55\u00b0C betrieben werden.<\/li>\n<li><strong>Lange Akkulaufzeit<\/strong>: Bis zu 10 Stunden Dauerbetrieb im Rover-Modus, 7 Stunden im Base-Modus und 4 Stunden im Relay-Modus.<\/li>\n<\/ul>\n<p>Der Standfu\u00df wird separat geliefert und ist hier erh\u00e4ltlich: <a href=\"https:\/\/drone-parts-center.com\/de\/produkt\/d-rtk-3-survey-pole-and-tripod-kit\/\"><strong>D-RTK 3 Survey Pole Kit<\/strong><\/a><\/p>\n<p>Zusammenfassend l\u00e4sst sich sagen, dass die <strong>D-RTK 3 Multifunktionsstation<\/strong> ein unverzichtbares Werkzeug f\u00fcr Profis ist, die nach h\u00f6chster Pr\u00e4zision und Zuverl\u00e4ssigkeit suchen.<\/p>\n","protected":false},"excerpt":{"rendered":"<p>Die <strong>D-RTK 3 Multifunktionsstation<\/strong>, eine fortschrittliche Pr\u00e4zisions-RTK-Station, verf\u00fcgt \u00fcber die Modi Base, Rover und Relay. Mit einer Genauigkeit im Zentimeterbereich, der Robustheit IP67 und einer langen Akkulaufzeit erf\u00fcllt sie die Anforderungen anspruchsvoller Profis. <\/p>\n","protected":false},"featured_media":101184,"comment_status":"open","ping_status":"closed","template":"","meta":{"_seopress_robots_primary_cat":"none","_seopress_titles_title":"DJI Pr\u00e4zisions-RTK-Station - D-RTK 3 Multifunctional","_seopress_titles_desc":"Die D-RTK 3 Multifunktionsstation, DJIs Pr\u00e4zisions-RTK-Station, bietet Base-, Rover- und Relay-Modi, Zentimetergenauigkeit und Robustheit gem\u00e4\u00df IP67.","_seopress_robots_index":""},"product_brand":[19450],"product_cat":[15911],"product_tag":[17129,17127,17131,17136,17133,17140,17134,17138],"class_list":{"0":"post-96648","1":"product","2":"type-product","3":"status-publish","4":"has-post-thumbnail","6":"product_brand-dji-enterprise","7":"product_cat-gebaude-und-infrastrukturinspektion","8":"product_tag-d-rtk-3-de-2","9":"product_tag-dji-multifunktions-rtk-station-de","10":"product_tag-dji-rtk-basisstation-de","11":"product_tag-gnss-referenzstation-de","12":"product_tag-relaisstation-fur-drohnen-de","13":"product_tag-robuste-rtk-station","14":"product_tag-rtk-fur-prazisionslandwirtschaft-de","15":"product_tag-rtk-losung-fur-topographie-de","17":"first","18":"onbackorder","19":"taxable","20":"shipping-taxable","21":"purchasable","22":"product-type-simple"},"_links":{"self":[{"href":"https:\/\/drone-parts-center.com\/de\/wp-json\/wp\/v2\/product\/96648","targetHints":{"allow":["GET"]}}],"collection":[{"href":"https:\/\/drone-parts-center.com\/de\/wp-json\/wp\/v2\/product"}],"about":[{"href":"https:\/\/drone-parts-center.com\/de\/wp-json\/wp\/v2\/types\/product"}],"replies":[{"embeddable":true,"href":"https:\/\/drone-parts-center.com\/de\/wp-json\/wp\/v2\/comments?post=96648"}],"wp:featuredmedia":[{"embeddable":true,"href":"https:\/\/drone-parts-center.com\/de\/wp-json\/wp\/v2\/media\/101184"}],"wp:attachment":[{"href":"https:\/\/drone-parts-center.com\/de\/wp-json\/wp\/v2\/media?parent=96648"}],"wp:term":[{"taxonomy":"product_brand","embeddable":true,"href":"https:\/\/drone-parts-center.com\/de\/wp-json\/wp\/v2\/product_brand?post=96648"},{"taxonomy":"product_cat","embeddable":true,"href":"https:\/\/drone-parts-center.com\/de\/wp-json\/wp\/v2\/product_cat?post=96648"},{"taxonomy":"product_tag","embeddable":true,"href":"https:\/\/drone-parts-center.com\/de\/wp-json\/wp\/v2\/product_tag?post=96648"}],"curies":[{"name":"wp","href":"https:\/\/api.w.org\/{rel}","templated":true}]}}