{"id":96611,"date":"2024-01-24T16:34:32","date_gmt":"2024-01-24T15:34:32","guid":{"rendered":"https:\/\/drone-parts-center.com\/produit\/dji-mini-4-pro-rechter-querlenker-hinten\/"},"modified":"2025-08-17T17:53:42","modified_gmt":"2025-08-17T15:53:42","slug":"dji-mini-4-pro-rechter-querlenker-hinten","status":"publish","type":"product","link":"https:\/\/drone-parts-center.com\/de\/produkt\/dji-mini-4-pro-rechter-querlenker-hinten\/","title":{"rendered":"DJI Mini 4 Pro - Rechter Querlenker hinten"},"content":{"rendered":"<p>Der <strong>rechte hintere Arm des DJI Mini 4 Pro<\/strong> ist ein unverzichtbares Teil f\u00fcr die Reparatur einer besch\u00e4digten Drohne. Er wurde von DJI entworfen und passt perfekt zum <strong>DJI Mini 4 Pro<\/strong>, so dass nach dem Austausch eine optimale Leistung und Stabilit\u00e4t gew\u00e4hrleistet ist. Dieser Arm ist unerl\u00e4sslich, wenn Ihre Drohne w\u00e4hrend eines Fluges besch\u00e4digt wurde oder Abnutzungserscheinungen zeigt.  <\/p>\n<p>Dar\u00fcber hinaus ist dieser <strong>rechte Heckarm<\/strong> aus robusten Materialien gefertigt, um eine lange Lebensdauer zu gew\u00e4hrleisten. Es wird Benutzern mit Kenntnissen in der Reparatur von Drohnen empfohlen, da die Installation eine gewisse Pr\u00e4zision erfordert. Durch den Austausch dieses Teils verl\u00e4ngern Sie nicht nur die Lebensdauer Ihrer Drohne, sondern erh\u00f6hen auch die Sicherheit Ihrer Fl\u00fcge.  <\/p>\n<p>Dank seines hochwertigen Designs kann dieser Arm den Belastungen eines regelm\u00e4\u00dfigen Fluges standhalten. Er ist die ideale L\u00f6sung f\u00fcr Besitzer von Drohnen, die ihr Flugzeug in perfektem Zustand halten m\u00f6chten. Die Wahl dieses DJI-Originalteils stellt sicher, dass Ihre Drohne auch nach einer Reparatur weiterhin optimal funktioniert.  <\/p>\n<p>Charaktereigenschaften:<\/p>\n<ul>\n<li>Entwickelt f\u00fcr <strong>DJI Mini 4 Pro<\/strong><\/li>\n<li>Original-DJI-Teil f\u00fcr perfekte Kompatibilit\u00e4t<\/li>\n<li>Einfache Installation f\u00fcr erfahrene Benutzer<\/li>\n<li>Verl\u00e4ngert die Lebensdauer und Sicherheit der Drohne<\/li>\n<\/ul>\n<p>Mit diesem <strong>geraden Heckarm<\/strong> gewinnt Ihre Drohne schnell ihre ganze Stabilit\u00e4t und Man\u00f6vrierf\u00e4higkeit zur\u00fcck.<\/p>\n<p><img alt=\"DJI Mini 4 Pro Rechter Querlenker hinten\" loading=\"lazy\" decoding=\"async\" class=\"alignnone size-full wp-image-32706\" src=\"https:\/\/drone-parts-center.com\/wp-content\/uploads\/2024\/01\/import-19.png\" alt=\"DJI Mini 4 Pro Rechter Querlenker hinten\" width=\"1000\" height=\"1000\" srcset=\"https:\/\/drone-parts-center.com\/wp-content\/uploads\/2024\/01\/import-19.png 1000w, https:\/\/drone-parts-center.com\/wp-content\/uploads\/2024\/01\/import-19-280x280.png 280w, https:\/\/drone-parts-center.com\/wp-content\/uploads\/2024\/01\/import-19-800x800.png 800w, https:\/\/drone-parts-center.com\/wp-content\/uploads\/2024\/01\/import-19-768x768.png 768w, https:\/\/drone-parts-center.com\/wp-content\/uploads\/2024\/01\/import-19-247x247.png 247w, https:\/\/drone-parts-center.com\/wp-content\/uploads\/2024\/01\/import-19-510x510.png 510w, https:\/\/drone-parts-center.com\/wp-content\/uploads\/2024\/01\/import-19-100x100.png 100w\" sizes=\"auto, (max-width: 1000px) 100vw, 1000px\" \/><\/p>\n","protected":false},"excerpt":{"rendered":"<p>Der <strong>rechte hintere Querlenker der DJI Mini 4 Pro<\/strong> ist ein unverzichtbares Ersatzteil. Es hilft, die Stabilit\u00e4t der Drohne nach einer Besch\u00e4digung wiederherzustellen. Es ist einfach zu installieren und garantiert sichere Fl\u00fcge.  <\/p>\n","protected":false},"featured_media":100643,"comment_status":"open","ping_status":"closed","template":"","meta":{"_seopress_robots_primary_cat":"","_seopress_titles_title":"DJI Mini 4 Pro Rechter Querlenker hinten \u2013 Originalteil","_seopress_titles_desc":"Rechter hinterer Querlenker f\u00fcr DJI Mini 4 Pro. Original DJI Teil, einfach zu installieren, um die Stabilit\u00e4t und Leistung Ihrer Drohne wiederherzustellen. ","_seopress_robots_index":"yes"},"product_brand":[19390],"product_cat":[15799],"product_tag":[16188,16551,15860,16022,16271,17098,16158,16076],"class_list":{"0":"post-96611","1":"product","2":"type-product","3":"status-publish","4":"has-post-thumbnail","6":"product_brand-dji","7":"product_cat-dji-mini-4-pro-de-2","8":"product_tag-dji-mini-4-pro-de-2","9":"product_tag-dji-original-de","10":"product_tag-drohne-de","11":"product_tag-ersatzteil","12":"product_tag-leistung-der-drohne","13":"product_tag-rechter-hinterer-querlenker","14":"product_tag-reparatur-von-drohnen-de-3","15":"product_tag-wartung-von-drohnen-de-3","17":"first","18":"outofstock","19":"taxable","20":"shipping-taxable","21":"purchasable","22":"product-type-simple"},"_links":{"self":[{"href":"https:\/\/drone-parts-center.com\/de\/wp-json\/wp\/v2\/product\/96611","targetHints":{"allow":["GET"]}}],"collection":[{"href":"https:\/\/drone-parts-center.com\/de\/wp-json\/wp\/v2\/product"}],"about":[{"href":"https:\/\/drone-parts-center.com\/de\/wp-json\/wp\/v2\/types\/product"}],"replies":[{"embeddable":true,"href":"https:\/\/drone-parts-center.com\/de\/wp-json\/wp\/v2\/comments?post=96611"}],"wp:featuredmedia":[{"embeddable":true,"href":"https:\/\/drone-parts-center.com\/de\/wp-json\/wp\/v2\/media\/100643"}],"wp:attachment":[{"href":"https:\/\/drone-parts-center.com\/de\/wp-json\/wp\/v2\/media?parent=96611"}],"wp:term":[{"taxonomy":"product_brand","embeddable":true,"href":"https:\/\/drone-parts-center.com\/de\/wp-json\/wp\/v2\/product_brand?post=96611"},{"taxonomy":"product_cat","embeddable":true,"href":"https:\/\/drone-parts-center.com\/de\/wp-json\/wp\/v2\/product_cat?post=96611"},{"taxonomy":"product_tag","embeddable":true,"href":"https:\/\/drone-parts-center.com\/de\/wp-json\/wp\/v2\/product_tag?post=96611"}],"curies":[{"name":"wp","href":"https:\/\/api.w.org\/{rel}","templated":true}]}}