{"id":96603,"date":"2023-02-08T11:35:28","date_gmt":"2023-02-08T10:35:28","guid":{"rendered":"https:\/\/drone-parts-center.com\/produit\/dji-matrice-30-cw-motor\/"},"modified":"2026-02-18T08:08:14","modified_gmt":"2026-02-18T07:08:14","slug":"dji-matrice-30-cw-motor","status":"publish","type":"product","link":"https:\/\/drone-parts-center.com\/de\/produkt\/dji-matrice-30-cw-motor\/","title":{"rendered":"DJI Matrice 30 - CW-Motor"},"content":{"rendered":"<h2>DJI Matrice 30 - CW-Motor (im Uhrzeigersinn)<\/h2>\n<p>Der CW-Motor (Clockwise \/ im Uhrzeigersinn) ist ein b\u00fcrstenloser Ersatzmotor f\u00fcr die DJI Matrice 30. Der M30 verwendet zwei Arten von Motoren entsprechend ihrer Drehrichtung: CW (im Uhrzeigersinn) f\u00fcr die Positionen M1 und M3, und CCW (gegen den Uhrzeigersinn) f\u00fcr die Positionen M2 und M4. <\/p>\n<h3>Wann ersetzen<\/h3>\n<p>Ersetzen Sie den Motor, wenn Sie abnormale Vibrationen, \u00fcberm\u00e4\u00dfiges Rollger\u00e4usch, Leistungsverlust an einem Arm oder einen Motorfehler, der in DJI Pilot 2 gemeldet wurde, beobachten. Ein defekter Motor beeintr\u00e4chtigt die Stabilit\u00e4t und die Flugsicherheit. <\/p>\n<h3>Kompatibilit\u00e4t<\/h3>\n<p>100% Original DJI-Motor f\u00fcr die Positionen M1 und M3 (Uhr) der DJI Matrice 30 und Matrice 30T. Nicht zu verwechseln mit dem CCW-Motor. <\/p>\n","protected":false},"excerpt":{"rendered":"<p>CW-Motor f\u00fcr Ihre DJI Matrice 30 Drohne als Ersatzteil<\/p>\n","protected":false},"featured_media":99683,"comment_status":"open","ping_status":"closed","template":"","meta":{"_seopress_robots_primary_cat":"","_seopress_titles_title":"DJI Matrice 30 CW Motor - 100% Original","_seopress_titles_desc":"Entdecken Sie den 100% originalen CW-Motor f\u00fcr Ihre DJI Matrice 30. Garantieren Sie die Kompatibilit\u00e4t und die optimale Leistung Ihrer Drohne. ","_seopress_robots_index":"yes","_seopress_analysis_target_kw":"DJI Matrice 30 - CW Motor"},"product_brand":[19390],"product_cat":[15853],"product_tag":[15485,15703],"class_list":{"0":"post-96603","1":"product","2":"type-product","3":"status-publish","4":"has-post-thumbnail","6":"product_brand-dji","7":"product_cat-dji-matrice-30-de","8":"product_tag-dji-de-3","9":"product_tag-enterprise-de-3","10":"pa_position-4-in-1-set-de","11":"pa_position-arriere-droit-de","12":"pa_position-arriere-gauche-de","13":"pa_position-avant-droit-de","14":"pa_position-avant-gauche-de","15":"pa_position-left-back-de","16":"pa_position-right-back-de","17":"pa_position-right-front-de","19":"first","20":"outofstock","21":"taxable","22":"shipping-taxable","23":"purchasable","24":"product-type-simple"},"_links":{"self":[{"href":"https:\/\/drone-parts-center.com\/de\/wp-json\/wp\/v2\/product\/96603","targetHints":{"allow":["GET"]}}],"collection":[{"href":"https:\/\/drone-parts-center.com\/de\/wp-json\/wp\/v2\/product"}],"about":[{"href":"https:\/\/drone-parts-center.com\/de\/wp-json\/wp\/v2\/types\/product"}],"replies":[{"embeddable":true,"href":"https:\/\/drone-parts-center.com\/de\/wp-json\/wp\/v2\/comments?post=96603"}],"wp:featuredmedia":[{"embeddable":true,"href":"https:\/\/drone-parts-center.com\/de\/wp-json\/wp\/v2\/media\/99683"}],"wp:attachment":[{"href":"https:\/\/drone-parts-center.com\/de\/wp-json\/wp\/v2\/media?parent=96603"}],"wp:term":[{"taxonomy":"product_brand","embeddable":true,"href":"https:\/\/drone-parts-center.com\/de\/wp-json\/wp\/v2\/product_brand?post=96603"},{"taxonomy":"product_cat","embeddable":true,"href":"https:\/\/drone-parts-center.com\/de\/wp-json\/wp\/v2\/product_cat?post=96603"},{"taxonomy":"product_tag","embeddable":true,"href":"https:\/\/drone-parts-center.com\/de\/wp-json\/wp\/v2\/product_tag?post=96603"}],"curies":[{"name":"wp","href":"https:\/\/api.w.org\/{rel}","templated":true}]}}