{"id":96591,"date":"2024-04-02T12:02:20","date_gmt":"2024-04-02T10:02:20","guid":{"rendered":"https:\/\/drone-parts-center.com\/produit\/dji-matrix-3d\/"},"modified":"2025-07-26T19:09:26","modified_gmt":"2025-07-26T17:09:26","slug":"dji-matrix-3d","status":"publish","type":"product","link":"https:\/\/drone-parts-center.com\/de\/produkt\/dji-matrix-3d\/","title":{"rendered":"DJI Matrice 3D"},"content":{"rendered":"<h3><strong>DJI Matrice 3D Professionelle Drohne: Automatisierte L\u00f6sung f\u00fcr Kartierung und \u00dcberwachung mit DJI Dock 2<\/strong><\/h3>\n<p>Entdecken Sie die <strong>DJI Matrice 3D Professional Drone<\/strong>, die exklusiv f\u00fcr die Verwendung mit dem <strong>DJI Dock 2<\/strong> entwickelt wurde. Diese Drohne ist eine ideale L\u00f6sung f\u00fcr fortgeschrittene Kartierungs- und \u00dcberwachungsaufgaben. Mit ihren zwei hochentwickelten Kameras nimmt sie pr\u00e4zise und detaillierte Bilder auf. Dar\u00fcber hinaus erm\u00f6glicht die Kompatibilit\u00e4t mit dem <strong>DJI Dock 2<\/strong> l\u00e4ngere, automatisierte Missionen ohne menschliches Eingreifen.   <\/p>\n<h3><strong>Fortschrittliche Kameras f\u00fcr pr\u00e4zise Bilder<\/strong><\/h3>\n<p>In der Tat zeichnet sich der <strong>DJI Matrice 3D<\/strong> durch seine au\u00dfergew\u00f6hnliche Leistung aus. Er verf\u00fcgt \u00fcber eine Weitwinkelkamera mit einem 20 MP 4\/3 CMOS-Sensor und einem mechanischen Verschluss. Diese Kamera nimmt detaillierte und umfangreiche Bilder auf. Die Telekamera verwendet einen 12 MP 1\/2 CMOS-Sensor mit einer Brennweite von 162 mm. Dies bietet eine bemerkenswerte Pr\u00e4zision f\u00fcr Aufnahmen aus gro\u00dfer Entfernung.    <\/p>\n<h3><strong>Z\u00e4higkeit und Zuverl\u00e4ssigkeit in rauen Umgebungen<\/strong><\/h3>\n<p>Dar\u00fcber hinaus zeichnet sich der <strong>Matrice 3D<\/strong> auch in schwierigen Umgebungen aus. Er ist wasser- und staubdicht und nach <strong>IP54<\/strong> zertifiziert, was eine optimale Leistung unter anspruchsvollen Bedingungen gew\u00e4hrleistet.<br \/>\nMit einer maximalen Flugzeit von 50 Minuten k\u00f6nnen Sie l\u00e4ngere Missionen ohne Unterbrechung durchf\u00fchren.<br \/>\nIn Verbindung mit dem <strong>DJI Dock 2<\/strong> l\u00e4dt er sich automatisch auf und f\u00fchrt Missionen ohne menschliches Eingreifen durch. <\/p>\n<h3><strong>Sicherheit und Genauigkeit f\u00fcr autonome Missionen<\/strong><\/h3>\n<p>Der <strong>DJI Matrice 3D<\/strong> verwendet Sensoren, um Hindernisse in sechs Richtungen zu erkennen. Daher bietet er maximale Sicherheit bei autonomen Fl\u00fcgen, insbesondere wenn er mit dem <strong>DJI Dock 2<\/strong> zusammenarbeitet, um automatisierte Missionen zu planen. Die Reichweite von 10 km und die F\u00e4higkeit, Hindernisse in allen Richtungen zu erkennen, machen ihn zu einem unverzichtbaren Werkzeug f\u00fcr professionelle Luft\u00fcberwachung und Kartographie.  <\/p>\n<h3><strong>Technische Daten<\/strong><\/h3>\n<table>\n<thead>\n<tr>\n<th><strong>Leistungsbeschreibung<\/strong><\/th>\n<th><strong>M3TD<\/strong><\/th>\n<th><strong>M3D<\/strong><\/th>\n<\/tr>\n<\/thead>\n<tbody>\n<tr>\n<td><strong>Weitwinkel-Kamera<\/strong><\/td>\n<td>1\/1,32\u2033 CMOS, 48MP<\/td>\n<td>4\/3\u2033 CMOS, 20MP, mechanischer Verschluss<\/td>\n<\/tr>\n<tr>\n<td><strong>TV-Kamera<\/strong><\/td>\n<td>1\/2\u2033 CMOS, 12MP, 56x<\/td>\n<p> Hybridzoom<\/p>\n<td>1\/2\u2033 CMOS, 12MP, 56x Hybridzoom<\/td>\n<\/tr>\n<tr>\n<td><strong>W\u00e4rmebildkamera<\/strong><\/td>\n<td>640\u00d7512@30fps<\/td>\n<td>Nicht zutreffend<\/td>\n<\/tr>\n<\/tbody>\n<\/table>\n<h3><strong>Packungsinhalt<\/strong><\/h3>\n<ul>\n<li>1 x <strong>DJI Matrice 3D Professional Drone<\/strong><\/li>\n<\/ul>\n<p><em>Hinweis: Akku, Ladeger\u00e4t und Fernbedienung sind nicht im Lieferumfang enthalten. Sie ben\u00f6tigen das <strong>DJI Dock 2<\/strong> , um erweiterte autonome Missionen durchzuf\u00fchren. <\/em><\/p>\n","protected":false},"excerpt":{"rendered":"<p>Die <strong>DJI Matrice 3D Professional Drone<\/strong> wurde f\u00fcr Kartierungs- und \u00dcberwachungsmissionen entwickelt. Sie ist mit zwei Kameras und einem RTK-Modul ausgestattet und hat eine Betriebsdauer von 50 Minuten. <\/p>\n","protected":false},"featured_media":100795,"comment_status":"open","ping_status":"closed","template":"","meta":{"_seopress_robots_primary_cat":"","_seopress_titles_title":"DJI Matrice 3D Professionelle Drohne - Kartierung und \u00dcberwachung","_seopress_titles_desc":"Die DJI Matrice 3D Professional Drone wurde f\u00fcr Kartierungs- und \u00dcberwachungszwecke entwickelt und verf\u00fcgt \u00fcber fortschrittliche Kameras und eine hohe Wetterbest\u00e4ndigkeit.","_seopress_robots_index":""},"product_brand":[19450],"product_cat":[16688],"product_tag":[17011,16353,15912,17021,17015,17019,15755,17009,17017,17013],"class_list":{"0":"post-96591","1":"product","2":"type-product","3":"status-publish","4":"has-post-thumbnail","6":"product_brand-dji-enterprise","7":"product_cat-drohne-in-the-box","8":"product_tag-dji-matrix-3d","9":"product_tag-drohnen-kartierung","10":"product_tag-hinderniserkennung","11":"product_tag-inspektion-aus-der-luft","12":"product_tag-kamera-de-2","13":"product_tag-lange-flugzeit","14":"product_tag-professionelle-drohne-de-2","15":"product_tag-rtk-modul","16":"product_tag-schutzart-ip54","17":"product_tag-weitwinkel-kamera","19":"first","20":"instock","21":"taxable","22":"shipping-taxable","23":"purchasable","24":"product-type-simple"},"_links":{"self":[{"href":"https:\/\/drone-parts-center.com\/de\/wp-json\/wp\/v2\/product\/96591","targetHints":{"allow":["GET"]}}],"collection":[{"href":"https:\/\/drone-parts-center.com\/de\/wp-json\/wp\/v2\/product"}],"about":[{"href":"https:\/\/drone-parts-center.com\/de\/wp-json\/wp\/v2\/types\/product"}],"replies":[{"embeddable":true,"href":"https:\/\/drone-parts-center.com\/de\/wp-json\/wp\/v2\/comments?post=96591"}],"wp:featuredmedia":[{"embeddable":true,"href":"https:\/\/drone-parts-center.com\/de\/wp-json\/wp\/v2\/media\/100795"}],"wp:attachment":[{"href":"https:\/\/drone-parts-center.com\/de\/wp-json\/wp\/v2\/media?parent=96591"}],"wp:term":[{"taxonomy":"product_brand","embeddable":true,"href":"https:\/\/drone-parts-center.com\/de\/wp-json\/wp\/v2\/product_brand?post=96591"},{"taxonomy":"product_cat","embeddable":true,"href":"https:\/\/drone-parts-center.com\/de\/wp-json\/wp\/v2\/product_cat?post=96591"},{"taxonomy":"product_tag","embeddable":true,"href":"https:\/\/drone-parts-center.com\/de\/wp-json\/wp\/v2\/product_tag?post=96591"}],"curies":[{"name":"wp","href":"https:\/\/api.w.org\/{rel}","templated":true}]}}