{"id":96589,"date":"2024-04-02T12:02:19","date_gmt":"2024-04-02T10:02:19","guid":{"rendered":"https:\/\/drone-parts-center.com\/produit\/dji-matrix-3td\/"},"modified":"2025-07-26T19:09:57","modified_gmt":"2025-07-26T17:09:57","slug":"dji-matrix-3td","status":"publish","type":"product","link":"https:\/\/drone-parts-center.com\/de\/produkt\/dji-matrix-3td\/","title":{"rendered":"DJI Matrice 3TD"},"content":{"rendered":"<h3><strong>DJI Matrice 3TD Professionelle Drohne: Hochmoderne Drohne f\u00fcr professionelle Missionen mit DJI Dock 2<\/strong><\/h3>\n<p>Die <strong>DJI Matrice 3TD Professional Drone<\/strong> revolutioniert die Welt der <strong>professionellen<\/strong> Drohnen. Sie wurde speziell f\u00fcr die Kombination mit dem <strong>DJI Dock 2<\/strong> entwickelt und bietet eine au\u00dfergew\u00f6hnliche Haltbarkeit mit einer <strong>IP54-Klassifizierung<\/strong>, die sie staub- und wasserdicht macht. Die Flugzeit betr\u00e4gt bis zu <strong>50 Minuten,<\/strong> was die Effizienz bei langen Missionen maximiert. Das <strong>integrierte RTK-Modul<\/strong> erm\u00f6glicht eine zentimetergenaue Positionsbestimmung, was f\u00fcr professionelle Anwender von entscheidender Bedeutung ist.   <\/p>\n<h3><strong>Die fortschrittlichen Kameras des DJI Matrice 3TD f\u00fcr pr\u00e4zise Bilder<\/strong><\/h3>\n<p>In der Tat zeichnet sich der <strong>DJI Matrice 3TD<\/strong> durch sein ausgekl\u00fcgeltes Bildgebungssystem aus. Er verf\u00fcgt \u00fcber drei leistungsstarke Kameras: eine <strong>48 MP<\/strong> Weitwinkelkamera mit einem 1\/1,32 Zoll CMOS-Sensor, eine Telekamera mit einer Brennweite von <strong>162 mm<\/strong> und eine Infrarotkamera mit einem bis zu 28-fachen digitalen Zoom. Die Aufl\u00f6sung erreicht <strong>1280 x 1024<\/strong> im UHR-Modus und liefert au\u00dfergew\u00f6hnlich scharfe Details.  <\/p>\n<h3><strong>Widerstand und Zuverl\u00e4ssigkeit von Matrice 3TD in schwierigen Umgebungen<\/strong><\/h3>\n<p>Der <strong>DJI Matrice 3TD<\/strong> zeichnet sich in schwierigen Umgebungen aus.<br \/>\nMit einer maximalen Flugzeit von <strong>50 Minuten<\/strong> erm\u00f6glicht er l\u00e4ngere Missionen ohne Unterbrechung.<br \/>\n<strong>In<\/strong> Verbindung mit dem <strong>DJI Dock 2<\/strong> l\u00e4dt er sich automatisch auf und f\u00fchrt Missionen ohne menschliches Eingreifen durch. <\/p>\n<h3><strong>Sicherheit und Genauigkeit f\u00fcr gesch\u00e4ftskritische<\/strong><\/h3>\n<p>Der <strong>Matrice 3TD<\/strong> ist mit Sensoren ausgestattet, die Hindernisse in sechs Richtungen erkennen und so f\u00fcr maximale Sicherheit beim Fliegen sorgen. Das <strong>integrierte RTK-Modul<\/strong> sorgt f\u00fcr eine zentimetergenaue Positionierung, die f\u00fcr kritische Anwendungen unerl\u00e4sslich ist. Mit 400 Batteriezyklen ist diese Drohne ideal f\u00fcr Profis, die nach langlebigen und leistungsstarken L\u00f6sungen f\u00fcr ihre komplexen Missionen suchen.  <\/p>\n<h3><strong>Technische Daten<\/strong><\/h3>\n<table>\n<thead>\n<tr>\n<th><strong>Leistungsbeschreibung<\/strong><\/th>\n<th><strong>M3TD<\/strong><\/th>\n<th><strong>M3D<\/strong><\/th>\n<\/tr>\n<\/thead>\n<tbody>\n<tr>\n<td><strong>Weitwinkel-Kamera<\/strong><\/td>\n<td>1\/1,32\u2033 CMOS, 48MP<\/td>\n<td>4\/3\u2033 CMOS, 20MP, mechanischer Verschluss<\/td>\n<\/tr>\n<tr>\n<td><strong>TV-Kamera<\/strong><\/td>\n<td>1\/2\u2033 CMOS, 12MP, 56x<\/td>\n<p> Hybridzoom<\/p>\n<td>1\/2\u2033 CMOS, 12MP, 56x Hybridzoom<\/td>\n<\/tr>\n<tr>\n<td><strong>W\u00e4rmebildkamera<\/strong><\/td>\n<td>640\u00d7512@30fps<\/td>\n<td>Nicht zutreffend<\/td>\n<\/tr>\n<\/tbody>\n<\/table>\n<h3><strong>Packungsinhalt<\/strong><\/h3>\n<ul>\n<li>1 x <strong>DJI Matrice 3TD<\/strong><\/li>\n<\/ul>\n<p><em>Hinweis: Akku, Ladeger\u00e4t und Fernbedienung sind nicht im Lieferumfang enthalten.<\/em><\/p>\n","protected":false},"excerpt":{"rendered":"<p>Die <strong>DJI Matrice 3TD Professional Drone<\/strong> wurde f\u00fcr l\u00e4ngere Eins\u00e4tze mit dem <strong>DJI Dock 2<\/strong> entwickelt. Sie ist robust und mit hochmodernen Kameras ausgestattet und eignet sich hervorragend f\u00fcr Inspektionen und Sicherheitsaufgaben. <\/p>\n","protected":false},"featured_media":96590,"comment_status":"open","ping_status":"closed","template":"","meta":{"_seopress_robots_primary_cat":"","_seopress_titles_title":"DJI Matrice 3TD Professionelle Drohne - Hohe Leistung","_seopress_titles_desc":"Die DJI Matrice 3TD Professional Drone, die mit dem DJI Dock 2 kompatibel ist, ist mit ihren Kameras und ihrer IP54 Widerstandsf\u00e4higkeit ideal f\u00fcr Inspektionen und Sicherheitszwecke.","_seopress_robots_index":"yes","_seopress_analysis_target_kw":"DJI Matrix 3TD Professionelle Drohne"},"product_brand":[19450],"product_cat":[16688],"product_tag":[16994,17005,17002,17007,17001,16997,16998,15755,16884],"class_list":{"0":"post-96589","1":"product","2":"type-product","3":"status-publish","4":"has-post-thumbnail","6":"product_brand-dji-enterprise","7":"product_cat-drohne-in-the-box","8":"product_tag-dji-matrix-3td","9":"product_tag-drohne-fur-die-sicherheit","10":"product_tag-drohne-zur-inspektion","11":"product_tag-fortschrittliche-drohnentechnologie","12":"product_tag-hochauflosende-kamera","13":"product_tag-ip54-bestandigkeit","14":"product_tag-lange-akkulaufzeit","15":"product_tag-professionelle-drohne-de-2","16":"product_tag-rtk-genauigkeit-de","18":"first","19":"outofstock","20":"taxable","21":"shipping-taxable","22":"purchasable","23":"product-type-simple"},"_links":{"self":[{"href":"https:\/\/drone-parts-center.com\/de\/wp-json\/wp\/v2\/product\/96589","targetHints":{"allow":["GET"]}}],"collection":[{"href":"https:\/\/drone-parts-center.com\/de\/wp-json\/wp\/v2\/product"}],"about":[{"href":"https:\/\/drone-parts-center.com\/de\/wp-json\/wp\/v2\/types\/product"}],"replies":[{"embeddable":true,"href":"https:\/\/drone-parts-center.com\/de\/wp-json\/wp\/v2\/comments?post=96589"}],"wp:featuredmedia":[{"embeddable":true,"href":"https:\/\/drone-parts-center.com\/de\/wp-json\/wp\/v2\/media\/96590"}],"wp:attachment":[{"href":"https:\/\/drone-parts-center.com\/de\/wp-json\/wp\/v2\/media?parent=96589"}],"wp:term":[{"taxonomy":"product_brand","embeddable":true,"href":"https:\/\/drone-parts-center.com\/de\/wp-json\/wp\/v2\/product_brand?post=96589"},{"taxonomy":"product_cat","embeddable":true,"href":"https:\/\/drone-parts-center.com\/de\/wp-json\/wp\/v2\/product_cat?post=96589"},{"taxonomy":"product_tag","embeddable":true,"href":"https:\/\/drone-parts-center.com\/de\/wp-json\/wp\/v2\/product_tag?post=96589"}],"curies":[{"name":"wp","href":"https:\/\/api.w.org\/{rel}","templated":true}]}}