{"id":96576,"date":"2024-03-26T14:41:22","date_gmt":"2024-03-26T13:41:22","guid":{"rendered":"https:\/\/drone-parts-center.com\/produit\/dji-dock-2\/"},"modified":"2026-03-10T08:44:12","modified_gmt":"2026-03-10T07:44:12","slug":"dji-dock-2","status":"publish","type":"product","link":"https:\/\/drone-parts-center.com\/de\/produkt\/dji-dock-2\/","title":{"rendered":"DJI Dock 2"},"content":{"rendered":"<p><iframe loading=\"lazy\" title=\"DJI Dock 2\" width=\"1020\" height=\"574\" src=\"https:\/\/www.youtube.com\/embed\/MS9WYLXgn9Q?feature=oembed&#038;enablejsapi=1&#038;origin=https:\/\/drone-parts-center.com\" frameborder=\"0\" allow=\"accelerometer; autoplay; clipboard-write; encrypted-media; gyroscope; picture-in-picture; web-share\" referrerpolicy=\"strict-origin-when-cross-origin\" allowfullscreen><\/iframe><\/p>\n<p>Das <strong>DJI Dock 2<\/strong> ist eine kompakte und leichte Ladestation. Sie revolutioniert Ihren Flugbetrieb mit einem Design, das 75% kompakter und 68% leichter ist als das Vorg\u00e4ngermodell. Dies macht den Transport und die Installation viel einfacher. Sie ist mit den DJI-Drohnen <strong>Matrice 3D<\/strong> und <strong>Matrice 3TD<\/strong> kompatibel und ist f\u00fcr Ihre anspruchsvollsten Missionen unerl\u00e4sslich.   <\/p>\n<p>Hier sind die Hauptmerkmale des <strong>DJI Dock 2<\/strong>:<\/p>\n<ul>\n<li>75 % kompakter und 68 % leichter als das Vorg\u00e4ngermodell<\/li>\n<li>Schnelles Aufladen von 20 % auf 90 % in nur 32 Minuten<\/li>\n<li><strong>IP55-Schutz<\/strong> f\u00fcr raue Bedingungen<\/li>\n<li>Kompatibel mit den Drohnen <strong>Matrice 3D<\/strong> und <strong>Matrice 3TD<\/strong><\/li>\n<li>Dual-Kamera-\u00dcberwachungssystem f\u00fcr sichere Landungen<\/li>\n<\/ul>\n<p>Dar\u00fcber hinaus bietet das <strong>DJI Dock 2<\/strong> eine schnelle Aufladung von 20 % auf 90 % in nur 32 Minuten. Es verbraucht auch weniger Energie als das Vorg\u00e4ngermodell, mit einem Verbrauch von 1000 Watt. Dank der Schutzart <strong>IP55<\/strong> arbeitet sie auch unter extremen Bedingungen effizient, mit einem Temperaturbereich von -25\u00b0C bis 45\u00b0C. <\/p>\n<p>Dar\u00fcber hinaus verbessert die Station die Sicherheit des Flugbetriebs. Sie verf\u00fcgt \u00fcber ein \u00dcberwachungssystem mit zwei Kameras f\u00fcr pr\u00e4zise Landungen. Sie verf\u00fcgt auch \u00fcber Cloud-Karten und Bilderkennungsfunktionen, die automatisierte Missionen optimieren.  <\/p>\n<p>Schlie\u00dflich machen die vereinfachte halbj\u00e4hrliche Wartung und der Ersatzakku, der die Betriebszeit f\u00fcr mehr als 5 Stunden aufrechterh\u00e4lt, das <strong>DJI Dock 2<\/strong> zur idealen Wahl f\u00fcr einen effizienten und zuverl\u00e4ssigen Flugbetrieb.<\/p>\n","protected":false},"excerpt":{"rendered":"<p>DJI Dock 2 Ladestation: robust, effizient, f\u00fcr Drohnen Matrice 3D\/3TD. Schnelle, sichere und einfache Bedienung. <\/p>\n<p>Bitte kontaktieren Sie uns f\u00fcr ein individuelles Angebot. Der Preis beinhaltet nicht die Installation durch einen zertifizierten DJI Dock 2 Techniker. <\/p>\n<a href=\"https:\/\/drone-parts-center.com\/contact-demande-de-devis\/?\" class=\"button primary is-primary is-medium\" >\n\t\t<span>Anfrage f\u00fcr ein Angebot<\/span>\n\t<\/a>\n\n","protected":false},"featured_media":96578,"comment_status":"open","ping_status":"closed","template":"","meta":{"_seopress_robots_primary_cat":"","_seopress_titles_title":"DJI Dock 2 Ladestation \u2013 schnelles und zuverl\u00e4ssiges Laden","_seopress_titles_desc":"Kompakte DJI Dock 2 Ladestation f\u00fcr Drohnen. Schnelles Aufladen in 32 Minuten, IP55-Schutz und fortschrittliche \u00dcberwachung f\u00fcr sichere Fl\u00fcge. ","_seopress_robots_index":"yes","_seopress_analysis_target_kw":"DJI Dock 2 Ladestation"},"product_brand":[19450],"product_cat":[16688],"product_tag":[16691,16693,16973,16689,16969,16971,16902,16974],"class_list":{"0":"post-96576","1":"product","2":"type-product","3":"status-publish","4":"has-post-thumbnail","6":"product_brand-dji-enterprise","7":"product_cat-drohne-in-the-box","8":"product_tag-3d-matrix-de-2","9":"product_tag-3td-matrix-de","10":"product_tag-cloud-kartierung","11":"product_tag-dji-dock-2-de-2","12":"product_tag-ladestation-fur-drohnen","13":"product_tag-robuste-drohnenstation","14":"product_tag-schnellladegerat-fur-drohnen-de","15":"product_tag-uberwachung-der-drohnenumgebung","17":"first","18":"outofstock","19":"taxable","20":"shipping-taxable","21":"purchasable","22":"product-type-simple"},"_links":{"self":[{"href":"https:\/\/drone-parts-center.com\/de\/wp-json\/wp\/v2\/product\/96576","targetHints":{"allow":["GET"]}}],"collection":[{"href":"https:\/\/drone-parts-center.com\/de\/wp-json\/wp\/v2\/product"}],"about":[{"href":"https:\/\/drone-parts-center.com\/de\/wp-json\/wp\/v2\/types\/product"}],"replies":[{"embeddable":true,"href":"https:\/\/drone-parts-center.com\/de\/wp-json\/wp\/v2\/comments?post=96576"}],"wp:featuredmedia":[{"embeddable":true,"href":"https:\/\/drone-parts-center.com\/de\/wp-json\/wp\/v2\/media\/96578"}],"wp:attachment":[{"href":"https:\/\/drone-parts-center.com\/de\/wp-json\/wp\/v2\/media?parent=96576"}],"wp:term":[{"taxonomy":"product_brand","embeddable":true,"href":"https:\/\/drone-parts-center.com\/de\/wp-json\/wp\/v2\/product_brand?post=96576"},{"taxonomy":"product_cat","embeddable":true,"href":"https:\/\/drone-parts-center.com\/de\/wp-json\/wp\/v2\/product_cat?post=96576"},{"taxonomy":"product_tag","embeddable":true,"href":"https:\/\/drone-parts-center.com\/de\/wp-json\/wp\/v2\/product_tag?post=96576"}],"curies":[{"name":"wp","href":"https:\/\/api.w.org\/{rel}","templated":true}]}}