{"id":96565,"date":"2024-04-18T09:04:43","date_gmt":"2024-04-18T07:04:43","guid":{"rendered":"https:\/\/drone-parts-center.com\/produit\/dji-mini-4-pro-gimbal-side-cover-rechts\/"},"modified":"2026-02-18T08:07:23","modified_gmt":"2026-02-18T07:07:23","slug":"dji-mini-4-pro-gimbal-side-cover-rechts","status":"publish","type":"product","link":"https:\/\/drone-parts-center.com\/de\/produkt\/dji-mini-4-pro-gimbal-side-cover-rechts\/","title":{"rendered":"DJI Mini 4 Pro Gimbal Side Cover (rechts)"},"content":{"rendered":"<h2>DJI Mini 4 Pro - Gimbal Side Cover (rechts)<\/h2>\n<p>Die rechte Gimbal Side Cover ist die seitliche Schutzh\u00fclle f\u00fcr die Gondel des DJI Mini 4 Pro. Dieses offizielle DJI-Ersatzteil sch\u00fctzt den Stabilisierungsmechanismus der Kamera vor St\u00f6\u00dfen und Tr\u00fcmmern. Sie sorgt auch f\u00fcr die \u00c4sthetik und Aerodynamik der Gondel.  <\/p>\n<h3>Installation<\/h3>\n<p>Der Austausch dieses Teils erfordert eine teilweise Demontage der Gondel. Es wird empfohlen, diesen Vorgang von einem autorisierten DJI-Reparaturzentrum durchf\u00fchren zu lassen, um die Kalibrierung der Gondel und die Garantie des Flugzeugs zu erhalten. <\/p>\n<h3>Kompatibilit\u00e4t<\/h3>\n<p>Dieses Teil ist ausschlie\u00dflich mit dem DJI Mini 4 Pro kompatibel.<\/p>\n","protected":false},"excerpt":{"rendered":"<p>Dieses 100% echte DJI-Ersatzteil erm\u00f6glicht den Austausch des Gimbal Side Cover (rechts) der DJI Mini 4 Pro Drohne.<\/p>\n","protected":false},"featured_media":100843,"comment_status":"open","ping_status":"closed","template":"","meta":{"_seopress_robots_primary_cat":"","_seopress_titles_title":"DJI Mini 4 Pro Gimbal Side Cover Original","_seopress_titles_desc":"Kaufen Sie Ihren DJI Mini 4 Pro Gimbal Side Cover (rechts) auf Drone-Parts-Center, Der Spezialist f\u00fcr Drohnen-Ersatzteile in Belgien.","_seopress_robots_index":"yes","_seopress_analysis_target_kw":"DJI Mini 4 Pro Gimbal Side Cover (rechts)"},"product_brand":[19390],"product_cat":[15799],"product_tag":[],"class_list":{"0":"post-96565","1":"product","2":"type-product","3":"status-publish","4":"has-post-thumbnail","6":"product_brand-dji","7":"product_cat-dji-mini-4-pro-de-2","9":"first","10":"outofstock","11":"taxable","12":"shipping-taxable","13":"purchasable","14":"product-type-simple"},"_links":{"self":[{"href":"https:\/\/drone-parts-center.com\/de\/wp-json\/wp\/v2\/product\/96565","targetHints":{"allow":["GET"]}}],"collection":[{"href":"https:\/\/drone-parts-center.com\/de\/wp-json\/wp\/v2\/product"}],"about":[{"href":"https:\/\/drone-parts-center.com\/de\/wp-json\/wp\/v2\/types\/product"}],"replies":[{"embeddable":true,"href":"https:\/\/drone-parts-center.com\/de\/wp-json\/wp\/v2\/comments?post=96565"}],"wp:featuredmedia":[{"embeddable":true,"href":"https:\/\/drone-parts-center.com\/de\/wp-json\/wp\/v2\/media\/100843"}],"wp:attachment":[{"href":"https:\/\/drone-parts-center.com\/de\/wp-json\/wp\/v2\/media?parent=96565"}],"wp:term":[{"taxonomy":"product_brand","embeddable":true,"href":"https:\/\/drone-parts-center.com\/de\/wp-json\/wp\/v2\/product_brand?post=96565"},{"taxonomy":"product_cat","embeddable":true,"href":"https:\/\/drone-parts-center.com\/de\/wp-json\/wp\/v2\/product_cat?post=96565"},{"taxonomy":"product_tag","embeddable":true,"href":"https:\/\/drone-parts-center.com\/de\/wp-json\/wp\/v2\/product_tag?post=96565"}],"curies":[{"name":"wp","href":"https:\/\/api.w.org\/{rel}","templated":true}]}}