{"id":96557,"date":"2024-05-16T16:46:43","date_gmt":"2024-05-16T14:46:43","guid":{"rendered":"https:\/\/drone-parts-center.com\/produit\/dji-zenmuse-h30t\/"},"modified":"2025-11-29T10:02:12","modified_gmt":"2025-11-29T09:02:12","slug":"dji-zenmuse-h30t","status":"publish","type":"product","link":"https:\/\/drone-parts-center.com\/de\/produkt\/dji-zenmuse-h30t\/","title":{"rendered":"DJI Zenmuse H30T"},"content":{"rendered":"<h1>DJI Zenmuse H30T W\u00e4rmebildkamera f\u00fcr Drohnen: Ultimative Luftleistung f\u00fcr kritische Missionen<\/h1>\n<h2>Eine revolution\u00e4re Nutzlast f\u00fcr Tag- und Nachtsichtger\u00e4te<\/h2>\n<p>Die <strong>W\u00e4rmebildkamera der Drohne DJI<\/strong> Zenmuse H30T verk\u00f6rpert den Gipfel der Innovation in der Luftbildtechnik. Diese Multisensor-Gondel enth\u00e4lt f\u00fcnf fortschrittliche Module: eine 40 MP Zoom-Kamera, eine Weitwinkelkamera, einen 3000 m Laser-Entfernungsmesser, eine hochaufl\u00f6sende W\u00e4rmebildkamera und ein Nahinfrarotlicht (NIR). Sie wurde entwickelt, um die Anforderungen kritischer Sektoren wie \u00f6ffentliche Sicherheit, Industrieinspektionen, Brandbek\u00e4mpfung und Umweltschutz zu erf\u00fcllen.  <\/p>\n<h2>Multisensor-Technologie f\u00fcr Pr\u00e4zisionsoperationen<\/h2>\n<p>Mit einem 34-fachen optischen Zoom und einem 400-fachen digitalen Zoom garantiert diese DJI-Drohnen-W\u00e4rmebildkamera eine detaillierte Beobachtung aus der Ferne. Der 40 MP-Sensor erm\u00f6glicht die Aufnahme von scharfen Bildern auch unter schwierigen Bedingungen. Das 48 MP Weitwinkelobjektiv vervollst\u00e4ndigt das Paket f\u00fcr eine maximale Abdeckung.  <\/p>\n<h3>Laser-Entfernungsmesser mit gro\u00dfer Reichweite<\/h3>\n<p>Mit einer Reichweite von bis zu 3.000 Metern kann der eingebaute Laser-Entfernungsmesser mit beeindruckender Genauigkeit Daten \u00fcber Entfernung, H\u00f6he und GPS-Position erfassen. Diese Funktion ist ideal f\u00fcr technische Vermessungen, Topographie oder schnelle Eins\u00e4tze in unbekanntem Gel\u00e4nde. <\/p>\n<h2>Intelligente Nachtsicht<\/h2>\n<p>Die Kamera H30T verf\u00fcgt \u00fcber einen intelligenten Nachtaufnahmemodus. Sie schaltet automatisch auf eine optimierte Nachtsicht um: Graustufenbild, PIR-Verst\u00e4rkung und Infrarot-Umschaltung. Dies gew\u00e4hrleistet eine bessere Sichtbarkeit bei v\u00f6lliger Dunkelheit.  <\/p>\n<h3>Farb- und Infrarot-Nachtsicht<\/h3>\n<p>Zus\u00e4tzlich kann die Kamera bei minimalem Umgebungslicht eine farbige Nachtsicht anzeigen. Diese doppelte Option - schwarz\/wei\u00df oder Farbe - ist ein Vorteil f\u00fcr kritische Missionen, bei denen jedes visuelle Detail z\u00e4hlt. <\/p>\n<h2>Fortschrittliche Thermografie f\u00fcr pr\u00e4zise Diagnosen<\/h2>\n<p>Die W\u00e4rmebildkamera bietet eine Aufl\u00f6sung von 1.280 x 1.024, was viermal h\u00f6her ist als bei der vorherigen Generation. Sie deckt einen Temperaturbereich von -20 bis 1600 \u00b0C ab. Es stehen drei Stufen der thermischen Verst\u00e4rkung zur Verf\u00fcgung, einschlie\u00dflich eines hochaufl\u00f6senden Modus f\u00fcr geringe Temperaturunterschiede.  <\/p>\n<h3>Synchronisierter W\u00e4rmebild-Zoom<\/h3>\n<p>Die Funktion &#8222;Zoom-Link&#8220; erm\u00f6glicht ein paralleles Zoomen zwischen der W\u00e4rmebildkamera und der sichtbaren Kamera. So beh\u00e4lt der Bediener das gleiche Sichtfeld und vergleicht die Daten gleichzeitig, was Fehlinterpretationen reduziert. <\/p>\n<h2>Intelligente Datenerfassung und Datensicherheit<\/h2>\n<p>Die DJI-Algorithmen passen die visuellen Parameter automatisch an die Beleuchtung der Szene an. Das System erm\u00f6glicht auch eine Videovoraufzeichnung von bis zu 30 Sekunden, um zu verhindern, dass ein kritisches Ereignis verloren geht. <\/p>\n<h3>Sicherheitsfunktionen<\/h3>\n<ul>\n<li>AES-256-Verschl\u00fcsselung f\u00fcr Datenstr\u00f6me<\/li>\n<li>Durch Code gesicherte microSD-Karte<\/li>\n<li>L\u00f6schen von Protokollen mit einem Klick<\/li>\n<\/ul>\n<h2>Au\u00dfergew\u00f6hnliche Feldrobustheit<\/h2>\n<p>Mit der Schutzklasse IP54 ist die Zenmuse H30T staubdicht und spritzwassergesch\u00fctzt. Sie funktioniert einwandfrei zwischen -20\u00b0C und +50\u00b0C. Diese Robustheit macht sie zu einem zuverl\u00e4ssigen Werkzeug in extremen Umgebungen.  <\/p>\n<h2>DJI-Kompatibilit\u00e4t und einfache Integration<\/h2>\n<p>Sie ist vollst\u00e4ndig kompatibel mit den Drohnen DJI Matrice 300 RTK und <a href=\"https:\/\/drone-parts-center.com\/de\/produkt\/dji-matrice-350-rtk-m350rtk\/\">350 RTK<\/a> und l\u00e4sst sich mit <a href=\"https:\/\/drone-parts-center.com\/de\/produkt\/dji-flighthub-2-professional-version-12-month-plan\/\">DJI FlightHub 2<\/a> f\u00fcr eine synchronisierte Live-R\u00fcckmeldung integrieren. Er kann \u00fcber die DJI Pilot 2 Anwendung gesteuert werden.<\/p>\n<h2>Reale Anwendungsf\u00e4lle: nachgewiesene Leistung<\/h2>\n<p>In den Alpen wurde die Zenmuse H30T von der Feuerwehr in Savoyen eingesetzt, um ein Opfer zu finden, das von einer Lawine versch\u00fcttet worden war. Die W\u00e4rmebildkamera erkannte eine W\u00e4rmequelle in \u00fcber 50 Metern Entfernung und erm\u00f6glichte so eine schnelle Lokalisierung. Bei einem anderen Einsatz in Marseille wurde die Kamera von der Stadtverwaltung eingesetzt, um W\u00e4rmeverluste in \u00f6ffentlichen Geb\u00e4uden zu finden.  <\/p>\n<p>EDF-Teams nutzen die Kamera auch, um den Zustand von Hochspannungsisolatoren vom Boden aus zu \u00fcberpr\u00fcfen, dank des kombinierten optischen und thermischen Zooms. Dies verk\u00fcrzt die Einsatzzeit und verbessert die Sicherheit der Mitarbeiter. <\/p>\n<h2>Vergleich Zenmuse H30T vs. H20T<\/h2>\n<ul>\n<li><strong>Thermische Aufl\u00f6sung:<\/strong> H30T 1280 x 1024 vs. H20T 640 x 512<\/li>\n<li><strong>Optischer Zoom:<\/strong> H30T 34x vs. H20T 23x<\/li>\n<li><strong>Reichweite des Entfernungsmessers:<\/strong> H30T 3.000 m vs. H20T 1.200 m<\/li>\n<li><strong>Nachtsichtmodus Farbe:<\/strong> nur bei H30T<\/li>\n<li><strong>Hochaufl\u00f6sende thermische Verst\u00e4rkung:<\/strong> exklusiv f\u00fcr den H30T<\/li>\n<\/ul>\n<p>Zusammenfassend l\u00e4sst sich sagen, dass die H30T eine deutlich h\u00f6here Zoom-, Thermografie- und Verarbeitungskapazit\u00e4t als die H20T bietet. Daher wird sie f\u00fcr kritische Umgebungen empfohlen, in denen jedes visuelle Detail z\u00e4hlt. <\/p>\n<h2>Erfahrungsberichte aus der Praxis: Die Experten haben das Wort<\/h2>\n<p><em>Capitaine Dumas - Pompiers du Var:<\/em> &#8222;Die Zenmuse H30T hat unsere Art und Weise, in unzug\u00e4nglichen Gebieten zu intervenieren, ver\u00e4ndert. In weniger als zwei Minuten hatten wir eine W\u00e4rmequelle auf einem Dach nach einem Kaminbrand identifiziert.&#8220;<\/p>\n<p><em>In\u00e8s Gauthier - Netzingenieurin:<\/em> &#8222;Wir k\u00f6nnen damit den thermischen Zustand von Hochspannungskabeln \u00fcberpr\u00fcfen, ohne eine Gondel zu schicken. Das Ergebnis ist eine 40%ige Verringerung der Inspektionszeit.<\/p>\n<p><em>Hugo, zertifizierter Telepilot:<\/em> &#8222;Die Bildqualit\u00e4t und die optische Stabilit\u00e4t erm\u00f6glichen Missionen \u00fcber gro\u00dfe Entfernungen ohne Datenverlust. Beeindruckend!&#8220;<\/p>\n<h2>Implementierungstipps und Empfehlungen<\/h2>\n<p>Um das Beste aus dieser DJI-Drohne mit W\u00e4rmebildkamera herauszuholen, sind hier einige Tipps:<\/p>\n<ul>\n<li>Verwenden Sie eine DJI-Drohne Matrice 300\/350 RTK f\u00fcr volle Kompatibilit\u00e4t.<\/li>\n<li>Aktivieren Sie den Nachtaufnahmemodus manuell in schwach beleuchteten st\u00e4dtischen Umgebungen.<\/li>\n<li>Stellen Sie sicher, dass die microSD-Karte mit dem DJI-Zugangscode gesichert ist.<\/li>\n<li>Halten Sie die Firmware \u00fcber DJI Assistant 2 auf dem neuesten Stand.<\/li>\n<\/ul>\n<p>Schlie\u00dflich sollten Sie Ihre Mitarbeiter in der thermischen Analyse schulen, da die Qualit\u00e4t der Daten auch von ihrer Interpretation abh\u00e4ngt.<\/p>\n<h2>Fokus auf DJIs eingebettete Algorithmen<\/h2>\n<p>Die aktive Stabilisierung korrigiert automatisch die Vibrationen. Der Algorithmus &#8222;Zoom-Link&#8220; h\u00e4lt die beiden Lichtstr\u00f6me (sichtbar und thermisch) synchron. Der intelligente Aufnahmemodus passt sich an die Szene an, um Licht und Kontrast auszugleichen. Diese Software-Innovationen maximieren den Betriebswert der H30T.   <\/p>\n<h2>FAQ - H\u00e4ufig gestellte Fragen<\/h2>\n<ul>\n<li><strong>Ist die H30T mit der Matrice 200 kompatibel?<\/strong>  Nein, nur Matrice 300\/350 RTK.<\/li>\n<li><strong>Funktioniert die Thermikfunktion im Schwebeflug?<\/strong>  Ja, sogar in gro\u00dfen H\u00f6hen.<\/li>\n<li><strong>Kann man Live-Videos exportieren?<\/strong>  Ja, \u00fcber FlightHub 2 oder interne Aufzeichnung.<\/li>\n<\/ul>\n<h2>Schlussfolgerung<\/h2>\n<p>Die <strong>W\u00e4rmebildkamera f\u00fcr Drohnen DJI<\/strong> Zenmuse H30T ist die vollst\u00e4ndigste und leistungsst\u00e4rkste Gondel auf dem Markt. Sie kombiniert fortschrittliche W\u00e4rmebildtechnik, hochaufl\u00f6sendes Zoom, Nachtsicht und Datenschutz. Ob Sie nun im Bereich der \u00f6ffentlichen Sicherheit, der Energieinspektion oder der Umwelt\u00fcberwachung t\u00e4tig sind, die H30T ist ein gro\u00dfer Gewinn f\u00fcr Ihre betriebliche Effizienz.  <\/p>\n","protected":false},"excerpt":{"rendered":"<p>W\u00e4rmebildkamera Drohne DJI H30T, Tag-\/Nachtsicht, 400x Zoom, Thermografie 1600\u00b0C. Ideal f\u00fcr Inspektionen und kritische Missionen. <\/p>\n","protected":false},"featured_media":167140,"comment_status":"open","ping_status":"closed","template":"","meta":{"_seopress_robots_primary_cat":"none","_seopress_titles_title":"DJI Zenmuse H30T: W\u00e4rmebildkamera und optischer Zoom","_seopress_titles_desc":"Entdecken Sie die DJI Zenmuse H30T, die ideale Kamera f\u00fcr die \u00dcberwachung mit 400-fachem Zoom, fortschrittlicher W\u00e4rmebildtechnik und un\u00fcbertroffener Pr\u00e4zision.","_seopress_robots_index":""},"product_brand":[19450],"product_cat":[15911,15838],"product_tag":[16924,16910,16922,16912,16914,16906],"class_list":{"0":"post-96557","1":"product","2":"type-product","3":"status-publish","4":"has-post-thumbnail","6":"product_brand-dji-enterprise","7":"product_cat-gebaude-und-infrastrukturinspektion","8":"product_cat-sicherheit-und-rettung","9":"product_tag-erweiterte-nachtuberwachung-de","10":"product_tag-hochauflosende-zoom-kamera-de","11":"product_tag-infrarot-warmebildkamera-de","12":"product_tag-laser-entfernungsmesser-mit-groser-reichweite-de","13":"product_tag-multispektraltechnologie-de","14":"product_tag-zenmuse-h30t-de-2","16":"first","17":"onbackorder","18":"taxable","19":"shipping-taxable","20":"purchasable","21":"product-type-simple"},"_links":{"self":[{"href":"https:\/\/drone-parts-center.com\/de\/wp-json\/wp\/v2\/product\/96557","targetHints":{"allow":["GET"]}}],"collection":[{"href":"https:\/\/drone-parts-center.com\/de\/wp-json\/wp\/v2\/product"}],"about":[{"href":"https:\/\/drone-parts-center.com\/de\/wp-json\/wp\/v2\/types\/product"}],"replies":[{"embeddable":true,"href":"https:\/\/drone-parts-center.com\/de\/wp-json\/wp\/v2\/comments?post=96557"}],"wp:featuredmedia":[{"embeddable":true,"href":"https:\/\/drone-parts-center.com\/de\/wp-json\/wp\/v2\/media\/167140"}],"wp:attachment":[{"href":"https:\/\/drone-parts-center.com\/de\/wp-json\/wp\/v2\/media?parent=96557"}],"wp:term":[{"taxonomy":"product_brand","embeddable":true,"href":"https:\/\/drone-parts-center.com\/de\/wp-json\/wp\/v2\/product_brand?post=96557"},{"taxonomy":"product_cat","embeddable":true,"href":"https:\/\/drone-parts-center.com\/de\/wp-json\/wp\/v2\/product_cat?post=96557"},{"taxonomy":"product_tag","embeddable":true,"href":"https:\/\/drone-parts-center.com\/de\/wp-json\/wp\/v2\/product_tag?post=96557"}],"curies":[{"name":"wp","href":"https:\/\/api.w.org\/{rel}","templated":true}]}}