{"id":96503,"date":"2024-10-06T18:32:47","date_gmt":"2024-10-06T16:32:47","guid":{"rendered":"https:\/\/drone-parts-center.com\/produit\/dji-dock-2-komplettset-mit-sora-intelligente-loesung-fuer-3d-3td-matrix-drohnen\/"},"modified":"2026-03-10T08:44:02","modified_gmt":"2026-03-10T07:44:02","slug":"dji-dock-2-komplettset-mit-sora-intelligente-loesung-fuer-3d-3td-matrix-drohnen","status":"publish","type":"product","link":"https:\/\/drone-parts-center.com\/de\/produkt\/dji-dock-2-komplettset-mit-sora-intelligente-loesung-fuer-3d-3td-matrix-drohnen\/","title":{"rendered":"DJI Dock 2 Complete Kit mit SORA - Intelligente L\u00f6sung f\u00fcr Drohnen Matrice 3D\/3TD"},"content":{"rendered":"<p>Das <strong>DJI Dock 2 Kit<\/strong> definiert die Standards f\u00fcr den Drohnenbetrieb f\u00fcr die Modelle Matrice 3D und 3TD neu. Dieses innovative System bietet eine Komplettl\u00f6sung, die jeden Aspekt Ihrer Flugmissionen optimiert. <\/p>\n<ul class=\"marker:text-textOff list-disc pl-8\">\n<li><strong>Dock 2<\/strong>: Optimiert die Drohnenoperationen und erleichtert die Verwaltung von Missionen.<\/li>\n<li><strong>Drohne Matrice 3D oder 3TD<\/strong>: Au\u00dfergew\u00f6hnliche Leistung, Zuverl\u00e4ssigkeit und Bildqualit\u00e4t.<\/li>\n<li><strong>Dronavia System<\/strong>: Fallschirm und Stromkreisunterbrecher f\u00fcr optimale Sicherheit bei Ihren Fl\u00fcgen.<\/li>\n<li><strong>SORA-Dossier<\/strong>: Einschlie\u00dflich der Erstellung, wodurch die Einhaltung der Vorschriften vereinfacht wird.<\/li>\n<li><strong>Spezifikation<\/strong>: Senden Sie diese an Ihre technische Abteilung f\u00fcr ICT und Facility, um den Standort vor der Installation vorzubereiten.<\/li>\n<li><strong>Professionelle Installation<\/strong>: Wird von einem von DJI zertifizierten Techniker durchgef\u00fchrt, um einen reibungslosen Einsatz zu gew\u00e4hrleisten.<\/li>\n<li><strong>Technischer Support<\/strong>: Unterst\u00fctzung per Fernwartung oder vor Ort, je nach Ihren spezifischen Bed\u00fcrfnissen.<\/li>\n<\/ul>\n<h2 class=\"mb-2 mt-6 text-lg first:mt-3\">Kostenvoranschlag<\/h2>\n<ul class=\"marker:text-textOff list-disc pl-8\">\n<li><strong>Technische Erkundung<\/strong>: Besuch, um Ihre Bed\u00fcrfnisse zu identifizieren und den Standort f\u00fcr die Installation des DJI Dock 2 zu analysieren.<\/li>\n<\/ul>\n<h2 class=\"mb-2 mt-6 text-lg first:mt-3\">Verkauf<\/h2>\n<ul class=\"marker:text-textOff list-disc pl-8\">\n<li><strong>DJI Dock 2 mit Matrice 3D oder Matrice 3TD<\/strong>: Vollst\u00e4ndige Installation und Inbetriebnahme der Ausr\u00fcstung.<\/li>\n<li><strong>SORA\/PDRA-Redaktion<\/strong>: \u00dcber unseren Partner f\u00fcr den Erhalt der erforderlichen Betriebsgenehmigungen von der DGTA.<\/li>\n<li><strong>Software<\/strong>: Automatisierung von Drohneneins\u00e4tzen zur Sicherung des Gel\u00e4ndes, zur Inspektion oder f\u00fcr Notfalleins\u00e4tze.<\/li>\n<\/ul>\n<h2 class=\"mb-2 mt-6 text-lg first:mt-3\">Installation<\/h2>\n<ul class=\"marker:text-textOff list-disc pl-8\">\n<li><strong>Vor-Ort-Installation<\/strong>: Ein Tag f\u00fcr die Installation und Inbetriebnahme des DJI Dock 2 durch einen zertifizierten Techniker.<\/li>\n<\/ul>\n<h2 class=\"mb-2 mt-6 text-lg first:mt-3\">Unterst\u00fctzung<\/h2>\n<ul class=\"marker:text-textOff list-disc pl-8\">\n<li>Telefonisch <strong>von<\/strong> Montag bis Freitag von 9.00 bis 18.00 Uhr.<\/li>\n<li><strong>Vor<\/strong> Ort: Vor-Ort-Einsatz und Wartung 24 Stunden am Tag, 7 Tage die Woche.<\/li>\n<\/ul>\n<p>Das <strong>DJI Dock 2 Kit<\/strong> ist 75% kompakter und 68% leichter als die Vorg\u00e4ngermodelle, bietet aber gleichzeitig eine au\u00dfergew\u00f6hnliche Robustheit. Mit der Schutzart IP55 ist es wetterfest. Die Backup-Batterie garantiert einen kontinuierlichen Betrieb auch bei Stromausfall. Mit diesem Kit k\u00f6nnen Sie Ihren Flugbetrieb optimieren und gleichzeitig die Sicherheit und die Einhaltung der Vorschriften gew\u00e4hrleisten.   <\/p>\n","protected":false},"excerpt":{"rendered":"<p>Das <strong>DJI Dock 2 Kit<\/strong> beinhaltet das Dock, eine Drohne Matrice 3D\/3TD und ein Sicherheitssystem. Die Installation durch einen zertifizierten Techniker und technische Unterst\u00fctzung sind inbegriffen. Das Kit ist wetterfest und optimiert Ihren Flugbetrieb, w\u00e4hrend es gleichzeitig die Einhaltung der gesetzlichen Vorschriften gew\u00e4hrleistet.  <\/p>\n<a href=\"https:\/\/drone-parts-center.com\/contact-demande-de-devis\/?\" class=\"button primary is-primary is-medium\" >\n\t\t<span>Anfrage f\u00fcr ein Angebot<\/span>\n\t<\/a>\n\n","protected":false},"featured_media":101070,"comment_status":"open","ping_status":"closed","template":"","meta":{"_seopress_robots_primary_cat":"","_seopress_titles_title":"DJI Dock 2 Kit mit SORA - Drohnen Matrice 3D\/3TD","_seopress_titles_desc":"DJI Dock 2 Kit: Installation, technische Unterst\u00fctzung und erh\u00f6hte Sicherheit f\u00fcr Drohnen Matrice 3D\/3TD. Optimieren Sie Ihre Missionen jetzt! ","_seopress_robots_index":"yes"},"product_brand":[19450],"product_cat":[16688],"product_tag":[16691,16693,16689,16694,16697,15934,16531,16698],"class_list":{"0":"post-96503","1":"product","2":"type-product","3":"status-publish","4":"has-post-thumbnail","6":"product_brand-dji-enterprise","7":"product_cat-drohne-in-the-box","8":"product_tag-3d-matrix-de-2","9":"product_tag-3td-matrix-de","10":"product_tag-dji-dock-2-de-2","11":"product_tag-drohnen-komplettpaket-de","12":"product_tag-installation-einer-drohne-de","13":"product_tag-sicherheit-von-drohnen-de","14":"product_tag-sora-de-2","15":"product_tag-technische-unterstutzung-fur-drohnen-de","17":"first","18":"outofstock","19":"taxable","20":"shipping-taxable","21":"product-type-simple"},"_links":{"self":[{"href":"https:\/\/drone-parts-center.com\/de\/wp-json\/wp\/v2\/product\/96503","targetHints":{"allow":["GET"]}}],"collection":[{"href":"https:\/\/drone-parts-center.com\/de\/wp-json\/wp\/v2\/product"}],"about":[{"href":"https:\/\/drone-parts-center.com\/de\/wp-json\/wp\/v2\/types\/product"}],"replies":[{"embeddable":true,"href":"https:\/\/drone-parts-center.com\/de\/wp-json\/wp\/v2\/comments?post=96503"}],"wp:featuredmedia":[{"embeddable":true,"href":"https:\/\/drone-parts-center.com\/de\/wp-json\/wp\/v2\/media\/101070"}],"wp:attachment":[{"href":"https:\/\/drone-parts-center.com\/de\/wp-json\/wp\/v2\/media?parent=96503"}],"wp:term":[{"taxonomy":"product_brand","embeddable":true,"href":"https:\/\/drone-parts-center.com\/de\/wp-json\/wp\/v2\/product_brand?post=96503"},{"taxonomy":"product_cat","embeddable":true,"href":"https:\/\/drone-parts-center.com\/de\/wp-json\/wp\/v2\/product_cat?post=96503"},{"taxonomy":"product_tag","embeddable":true,"href":"https:\/\/drone-parts-center.com\/de\/wp-json\/wp\/v2\/product_tag?post=96503"}],"curies":[{"name":"wp","href":"https:\/\/api.w.org\/{rel}","templated":true}]}}