{"id":96502,"date":"2024-09-18T13:31:14","date_gmt":"2024-09-18T11:31:14","guid":{"rendered":"https:\/\/drone-parts-center.com\/produit\/dji-mini-2-two-way-charging-hub\/"},"modified":"2025-07-26T18:42:04","modified_gmt":"2025-07-26T16:42:04","slug":"dji-mini-2-two-way-charging-hub","status":"publish","type":"product","link":"https:\/\/drone-parts-center.com\/de\/produkt\/dji-mini-2-two-way-charging-hub\/","title":{"rendered":"DJI Mini 2 Two-Way Charging Hub"},"content":{"rendered":"<p>Der <strong>DJI Mini 2 Lade-Hub<\/strong> ist ein wichtiges Zubeh\u00f6r, um Ihre Flugsitzungen zu verl\u00e4ngern. Er kann bis zu drei Drohnenakkus aufladen, wobei die Akkus nacheinander aufgeladen werden. Der Hub funktioniert auch als externer Akku, so dass Sie zus\u00e4tzliche Ger\u00e4te wie Ihr Smartphone oder Ihre Fernbedienung aufladen k\u00f6nnen. Dank seines kompakten und leichten Designs ist er leicht zu transportieren und bietet eine praktische L\u00f6sung f\u00fcr Piloten, die ihre Flugzeit optimieren m\u00f6chten.   <\/p>\n<p>Hauptmerkmale :<\/p>\n<ul>\n<li>L\u00e4dt bis zu drei DJI Mini 2 Akkus auf.<\/li>\n<li>Funktion als externe Batterie f\u00fcr andere Ger\u00e4te.<\/li>\n<li>Sequentielles Laden der Batterien f\u00fcr mehr Effizienz.<\/li>\n<li>Kompaktes und tragbares Design.<\/li>\n<\/ul>\n<p>Wenn Sie diesen Hub verwenden, k\u00f6nnen Sie sicher sein, dass Ihnen w\u00e4hrend Ihres Fluges nie die Energie ausgeht. Er ist das perfekte Werkzeug f\u00fcr Berufs- und Hobbypiloten, die nach einer zuverl\u00e4ssigen und effizienten L\u00f6sung suchen. <\/p>\n","protected":false},"excerpt":{"rendered":"<p>Der DJI Mini 2 Charging Hub l\u00e4dt 3 Akkus nacheinander auf. Er dient auch als externer Akku f\u00fcr Ihre anderen Ger\u00e4te. Er ist leicht und kompakt und ideal, um Ihre Fl\u00fcge zu verl\u00e4ngern.  <\/p>\n","protected":false},"featured_media":101043,"comment_status":"open","ping_status":"closed","template":"","meta":{"_seopress_robots_primary_cat":"none","_seopress_titles_title":"DJI Mini 2 Ladeger\u00e4t: Verl\u00e4ngern Sie Ihre Fl\u00fcge!","_seopress_titles_desc":"Optimieren Sie Ihre Fl\u00fcge mit dem DJI Mini 2 Charging Hub: Laden Sie 3 Akkus und Ger\u00e4te. Kompaktes Design, ideal f\u00fcr Profi- und Hobbypiloten. ","_seopress_robots_index":"","_seopress_analysis_target_kw":"Ladehub DJI Mini 2"},"product_brand":[19390],"product_cat":[15692],"product_tag":[16690,16687,16699,16692,16696,16695],"class_list":{"0":"post-96502","1":"product","2":"type-product","3":"status-publish","4":"has-post-thumbnail","6":"product_brand-dji","7":"product_cat-dji-mini-2-de-2","8":"product_tag-dji-mini-2-lade-hub-de","9":"product_tag-dji-mini-2-zubehor-de-2","10":"product_tag-externer-akku-dji-mini-2-de","11":"product_tag-ladegerat-dji-mini-2-de","12":"product_tag-mehrfachladegerat-fur-dji-drohnen-de","13":"product_tag-two-way-charging-hub-de-2","15":"first","16":"instock","17":"taxable","18":"shipping-taxable","19":"purchasable","20":"product-type-simple"},"_links":{"self":[{"href":"https:\/\/drone-parts-center.com\/de\/wp-json\/wp\/v2\/product\/96502","targetHints":{"allow":["GET"]}}],"collection":[{"href":"https:\/\/drone-parts-center.com\/de\/wp-json\/wp\/v2\/product"}],"about":[{"href":"https:\/\/drone-parts-center.com\/de\/wp-json\/wp\/v2\/types\/product"}],"replies":[{"embeddable":true,"href":"https:\/\/drone-parts-center.com\/de\/wp-json\/wp\/v2\/comments?post=96502"}],"wp:featuredmedia":[{"embeddable":true,"href":"https:\/\/drone-parts-center.com\/de\/wp-json\/wp\/v2\/media\/101043"}],"wp:attachment":[{"href":"https:\/\/drone-parts-center.com\/de\/wp-json\/wp\/v2\/media?parent=96502"}],"wp:term":[{"taxonomy":"product_brand","embeddable":true,"href":"https:\/\/drone-parts-center.com\/de\/wp-json\/wp\/v2\/product_brand?post=96502"},{"taxonomy":"product_cat","embeddable":true,"href":"https:\/\/drone-parts-center.com\/de\/wp-json\/wp\/v2\/product_cat?post=96502"},{"taxonomy":"product_tag","embeddable":true,"href":"https:\/\/drone-parts-center.com\/de\/wp-json\/wp\/v2\/product_tag?post=96502"}],"curies":[{"name":"wp","href":"https:\/\/api.w.org\/{rel}","templated":true}]}}