{"id":96496,"date":"2023-02-08T11:51:46","date_gmt":"2023-02-08T10:51:46","guid":{"rendered":"https:\/\/drone-parts-center.com\/produit\/dji-matrice-30-kabelbaum-fuer-m3-m4-arme\/"},"modified":"2026-02-18T08:08:30","modified_gmt":"2026-02-18T07:08:30","slug":"dji-matrice-30-kabelbaum-fuer-m3-m4-arme","status":"publish","type":"product","link":"https:\/\/drone-parts-center.com\/de\/produkt\/dji-matrice-30-kabelbaum-fuer-m3-m4-arme\/","title":{"rendered":"DJI Matrice 30 - Kabelb\u00fcndel f\u00fcr M3 und M4 Arme"},"content":{"rendered":"<h2>DJI Matrice 30 - Kabelb\u00fcndel f\u00fcr M3 und M4 Arme<\/h2>\n<p>Der Kabelbaum f\u00fcr die Arme M3 und M4 der DJI Matrice 30 ist die interne Verkabelung, die die Motoren und ESC der hinteren Arme mit der Hauptflugplatine verbindet. Dieses Kabel \u00fcbertr\u00e4gt die Steuersignale und den Strom zu den Motoren. <\/p>\n<h3>Funktion<\/h3>\n<p>Der Kabelbaum stellt die Kommunikation zwischen dem Flugregler und den ESCs der Arme M3 (hinten links) und M4 (hinten rechts) sicher. Ein besch\u00e4digtes Kabel kann zu einem Verlust der Motorleistung, ESC-Fehlern oder einer Fehlfunktion der Navigations-LEDs f\u00fchren. <\/p>\n<h3>Kompatibilit\u00e4t<\/h3>\n<p>100% Original DJI Ersatzteil, kompatibel mit der DJI Matrice 30 und der DJI Matrice 30T. Speziell f\u00fcr die Arme M3 und M4 (hinten).<\/p>\n","protected":false},"excerpt":{"rendered":"<p>Kabelbaum f\u00fcr M3 und M4 Arm f\u00fcr Ihre DJI Matrice 30 Drohne als Ersatzteil<\/p>\n","protected":false},"featured_media":99686,"comment_status":"open","ping_status":"closed","template":"","meta":{"_seopress_robots_primary_cat":"","_seopress_titles_title":"DJI M30 Kabel: Original, Ideal f\u00fcr Arme M3\/M4","_seopress_titles_desc":"Kaufen Sie den originalen Kabelbaum f\u00fcr den M3 und M4 Arm der DJI Matrice 30. Kompatibilit\u00e4t garantiert. ","_seopress_robots_index":"yes","_seopress_analysis_target_kw":"DJI Matrice 30 - Kabelbaum f\u00fcr M3 & M4 Arme"},"product_brand":[19390],"product_cat":[15853],"product_tag":[15485,15703],"class_list":{"0":"post-96496","1":"product","2":"type-product","3":"status-publish","4":"has-post-thumbnail","6":"product_brand-dji","7":"product_cat-dji-matrice-30-de","8":"product_tag-dji-de-3","9":"product_tag-enterprise-de-3","10":"pa_position-4-in-1-set-de","11":"pa_position-arriere-droit-de","12":"pa_position-arriere-gauche-de","13":"pa_position-avant-droit-de","14":"pa_position-avant-gauche-de","15":"pa_position-left-back-de","16":"pa_position-right-back-de","17":"pa_position-right-front-de","19":"first","20":"outofstock","21":"taxable","22":"shipping-taxable","23":"purchasable","24":"product-type-simple"},"_links":{"self":[{"href":"https:\/\/drone-parts-center.com\/de\/wp-json\/wp\/v2\/product\/96496","targetHints":{"allow":["GET"]}}],"collection":[{"href":"https:\/\/drone-parts-center.com\/de\/wp-json\/wp\/v2\/product"}],"about":[{"href":"https:\/\/drone-parts-center.com\/de\/wp-json\/wp\/v2\/types\/product"}],"replies":[{"embeddable":true,"href":"https:\/\/drone-parts-center.com\/de\/wp-json\/wp\/v2\/comments?post=96496"}],"wp:featuredmedia":[{"embeddable":true,"href":"https:\/\/drone-parts-center.com\/de\/wp-json\/wp\/v2\/media\/99686"}],"wp:attachment":[{"href":"https:\/\/drone-parts-center.com\/de\/wp-json\/wp\/v2\/media?parent=96496"}],"wp:term":[{"taxonomy":"product_brand","embeddable":true,"href":"https:\/\/drone-parts-center.com\/de\/wp-json\/wp\/v2\/product_brand?post=96496"},{"taxonomy":"product_cat","embeddable":true,"href":"https:\/\/drone-parts-center.com\/de\/wp-json\/wp\/v2\/product_cat?post=96496"},{"taxonomy":"product_tag","embeddable":true,"href":"https:\/\/drone-parts-center.com\/de\/wp-json\/wp\/v2\/product_tag?post=96496"}],"curies":[{"name":"wp","href":"https:\/\/api.w.org\/{rel}","templated":true}]}}