{"id":96490,"date":"2023-02-28T11:33:58","date_gmt":"2023-02-28T10:33:58","guid":{"rendered":"https:\/\/drone-parts-center.com\/produit\/dji-matrice-30-unteres-chassis\/"},"modified":"2026-02-18T08:09:15","modified_gmt":"2026-02-18T07:09:15","slug":"dji-matrice-30-unteres-chassis","status":"publish","type":"product","link":"https:\/\/drone-parts-center.com\/de\/produkt\/dji-matrice-30-unteres-chassis\/","title":{"rendered":"DJI Matrice 30 - Unterer Rahmen"},"content":{"rendered":"<h2>DJI Matrice 30 - Unterer Rahmen (Ersatzteil)<\/h2>\n<p>Der untere Rahmen (bottom shell) der DJI Matrice 30 ist der untere strukturelle Teil der Drohne. Er sch\u00fctzt die internen elektronischen Komponenten und beherbergt die Fahrwerksbefestigungen. Mit diesem offiziellen DJI-Ersatzteil k\u00f6nnen Sie einen besch\u00e4digten unteren Rahmen ersetzen.  <\/p>\n<h3>Funktion<\/h3>\n<p>Der untere Rahmen bietet Schutz f\u00fcr die unteren Vision-Sensoren (die f\u00fcr das Halten der Position und die Landung verwendet werden), die internen Anschl\u00fcsse und die Hauptplatine. Seine Integrit\u00e4t ist entscheidend f\u00fcr die IP55-Abdichtung der Matrice 30. <\/p>\n<h3>Kompatibilit\u00e4t<\/h3>\n<p>100% Original DJI Ersatzteil, kompatibel mit der DJI Matrice 30 und der DJI Matrice 30T.<\/p>\n","protected":false},"excerpt":{"rendered":"<p>Bodenrahmen f\u00fcr Ihre DJI Matrice 30 Drohne als Ersatzteil<\/p>\n","protected":false},"featured_media":99718,"comment_status":"open","ping_status":"closed","template":"","meta":{"_seopress_robots_primary_cat":"","_seopress_titles_title":"DJI Matrice 30: Authentisches Untergestell","_seopress_titles_desc":"Entdecken Sie den 100% originalen unteren Rahmen f\u00fcr die DJI Matrice 30, der f\u00fcr optimale Kompatibilit\u00e4t und Leistung sorgt.","_seopress_robots_index":"yes","_seopress_analysis_target_kw":"DJI Matrice 30 - Unteres Chassis"},"product_brand":[19390],"product_cat":[15853],"product_tag":[15485,15703],"class_list":{"0":"post-96490","1":"product","2":"type-product","3":"status-publish","4":"has-post-thumbnail","6":"product_brand-dji","7":"product_cat-dji-matrice-30-de","8":"product_tag-dji-de-3","9":"product_tag-enterprise-de-3","10":"pa_position-4-in-1-set-de","11":"pa_position-arriere-droit-de","12":"pa_position-arriere-gauche-de","13":"pa_position-avant-droit-de","14":"pa_position-avant-gauche-de","15":"pa_position-left-back-de","16":"pa_position-right-back-de","17":"pa_position-right-front-de","19":"first","20":"outofstock","21":"taxable","22":"shipping-taxable","23":"purchasable","24":"product-type-simple"},"_links":{"self":[{"href":"https:\/\/drone-parts-center.com\/de\/wp-json\/wp\/v2\/product\/96490","targetHints":{"allow":["GET"]}}],"collection":[{"href":"https:\/\/drone-parts-center.com\/de\/wp-json\/wp\/v2\/product"}],"about":[{"href":"https:\/\/drone-parts-center.com\/de\/wp-json\/wp\/v2\/types\/product"}],"replies":[{"embeddable":true,"href":"https:\/\/drone-parts-center.com\/de\/wp-json\/wp\/v2\/comments?post=96490"}],"wp:featuredmedia":[{"embeddable":true,"href":"https:\/\/drone-parts-center.com\/de\/wp-json\/wp\/v2\/media\/99718"}],"wp:attachment":[{"href":"https:\/\/drone-parts-center.com\/de\/wp-json\/wp\/v2\/media?parent=96490"}],"wp:term":[{"taxonomy":"product_brand","embeddable":true,"href":"https:\/\/drone-parts-center.com\/de\/wp-json\/wp\/v2\/product_brand?post=96490"},{"taxonomy":"product_cat","embeddable":true,"href":"https:\/\/drone-parts-center.com\/de\/wp-json\/wp\/v2\/product_cat?post=96490"},{"taxonomy":"product_tag","embeddable":true,"href":"https:\/\/drone-parts-center.com\/de\/wp-json\/wp\/v2\/product_tag?post=96490"}],"curies":[{"name":"wp","href":"https:\/\/api.w.org\/{rel}","templated":true}]}}