{"id":96487,"date":"2023-05-29T12:50:04","date_gmt":"2023-05-29T10:50:04","guid":{"rendered":"https:\/\/drone-parts-center.com\/produit\/dji-mini-3-mittleres-chassis\/"},"modified":"2026-02-18T08:10:02","modified_gmt":"2026-02-18T07:10:02","slug":"dji-mini-3-mittleres-chassis","status":"publish","type":"product","link":"https:\/\/drone-parts-center.com\/de\/produkt\/dji-mini-3-mittleres-chassis\/","title":{"rendered":"DJI Mini 3 - Mittlerer Rahmen"},"content":{"rendered":"<h2>DJI Mini 3 - Zwischenrahmen (Ersatzteil)<\/h2>\n<p>Original DJI-Zwischenrahmen f\u00fcr die Mini 3 Drohne. Dieses zentrale Strukturteil bildet den Hauptrahmen der Drohne und dient als Tr\u00e4ger f\u00fcr die Hauptplatine, die Kommunikationsmodule und die Verbindungen zwischen dem oberen und unteren Teil. <\/p>\n<h3>Wann sollte diese M\u00fcnze ausgetauscht werden?<\/h3>\n<p>Ersetzen Sie den Zwischenrahmen bei strukturellen Rissen, Verformungen der Befestigungspunkte oder Sch\u00e4den an den internen Verbindungen. Dies ist eine gr\u00f6\u00dfere Reparatur, die eine vollst\u00e4ndige Demontage erfordert. <\/p>\n<h3>Kompatibilit\u00e4t<\/h3>\n<p>Nur mit dem DJI Mini 3 kompatibel. Nicht kompatibel mit dem DJI Mini 3 Pro oder anderen Modellen. 100% Original DJI-Produkt.  <\/p>\n","protected":false},"excerpt":{"rendered":"<p>Dieses Produkt ist ein Original-Zwischenrahmen f\u00fcr den DJI Mini 3. Es handelt sich um ein einzelnes Ersatzteil. Es ist wichtig zu beachten, dass dieses Produkt nicht mit dem Modell DJI Mini 3 Pro kompatibel ist.  <\/p>\n","protected":false},"featured_media":100093,"comment_status":"open","ping_status":"closed","template":"","meta":{"_seopress_robots_primary_cat":"","_seopress_titles_title":"DJI Mini 3 - Original Zwischenrahmen","_seopress_titles_desc":"Entdecken Sie den 100% originalen Zwischenrahmen f\u00fcr DJI Mini 3. Achtung, nicht kompatibel mit DJI Mini 3 Pro. ","_seopress_robots_index":""},"product_brand":[19390],"product_cat":[15798],"product_tag":[15485],"class_list":{"0":"post-96487","1":"product","2":"type-product","3":"status-publish","4":"has-post-thumbnail","6":"product_brand-dji","7":"product_cat-dji-mini-3-de-2","8":"product_tag-dji-de-3","9":"pa_piece-3-in-1-set-global-de","10":"pa_piece-3-in-1-set-japan-de","11":"pa_piece-chassis-inferieur-de","12":"pa_piece-chassis-milieu-de","13":"pa_piece-chassis-superieur-de","14":"pa_piece-middle-frame-global-de","15":"pa_piece-upper-cover-de","17":"first","18":"instock","19":"taxable","20":"shipping-taxable","21":"purchasable","22":"product-type-simple"},"_links":{"self":[{"href":"https:\/\/drone-parts-center.com\/de\/wp-json\/wp\/v2\/product\/96487","targetHints":{"allow":["GET"]}}],"collection":[{"href":"https:\/\/drone-parts-center.com\/de\/wp-json\/wp\/v2\/product"}],"about":[{"href":"https:\/\/drone-parts-center.com\/de\/wp-json\/wp\/v2\/types\/product"}],"replies":[{"embeddable":true,"href":"https:\/\/drone-parts-center.com\/de\/wp-json\/wp\/v2\/comments?post=96487"}],"wp:featuredmedia":[{"embeddable":true,"href":"https:\/\/drone-parts-center.com\/de\/wp-json\/wp\/v2\/media\/100093"}],"wp:attachment":[{"href":"https:\/\/drone-parts-center.com\/de\/wp-json\/wp\/v2\/media?parent=96487"}],"wp:term":[{"taxonomy":"product_brand","embeddable":true,"href":"https:\/\/drone-parts-center.com\/de\/wp-json\/wp\/v2\/product_brand?post=96487"},{"taxonomy":"product_cat","embeddable":true,"href":"https:\/\/drone-parts-center.com\/de\/wp-json\/wp\/v2\/product_cat?post=96487"},{"taxonomy":"product_tag","embeddable":true,"href":"https:\/\/drone-parts-center.com\/de\/wp-json\/wp\/v2\/product_tag?post=96487"}],"curies":[{"name":"wp","href":"https:\/\/api.w.org\/{rel}","templated":true}]}}