{"id":96486,"date":"2023-05-29T12:50:25","date_gmt":"2023-05-29T10:50:25","guid":{"rendered":"https:\/\/drone-parts-center.com\/produit\/dji-mini-3-top-chassis\/"},"modified":"2026-02-18T08:09:57","modified_gmt":"2026-02-18T07:09:57","slug":"dji-mini-3-top-chassis","status":"publish","type":"product","link":"https:\/\/drone-parts-center.com\/de\/produkt\/dji-mini-3-top-chassis\/","title":{"rendered":"DJI Mini 3 - Oberer Rahmen"},"content":{"rendered":"<h2>DJI Mini 3 - Oberer Rahmen (Ersatzteil)<\/h2>\n<p>Original DJI Oberer Rahmen f\u00fcr die Mini 3 Drohne. Diese Schale bildet den oberen Teil des Drohnenk\u00f6rpers und sch\u00fctzt die internen elektronischen Komponenten, das GPS-Modul und die Kommunikationsantennen. <\/p>\n<h3>Wann sollte diese M\u00fcnze ausgetauscht werden?<\/h3>\n<p>Ersetzen Sie den oberen Rahmen, wenn er Risse aufweist, verformt oder nach einem Absturz gebrochen ist. Ein besch\u00e4digter Rahmen verringert den Schutz der internen Komponenten und kann den GPS- und Radioempfang beeintr\u00e4chtigen. <\/p>\n<h3>Kompatibilit\u00e4t<\/h3>\n<p>Nur mit dem DJI Mini 3 kompatibel. Nicht kompatibel mit DJI Mini 3 Pro, Mini 2, Mini SE oder Mini 4 Pro. 100% Original DJI-Produkt.  <\/p>\n","protected":false},"excerpt":{"rendered":"<p>Dieses Produkt ist ein originaler Oberrahmen f\u00fcr den DJI Mini 3. Es handelt sich hierbei um ein einzelnes Ersatzteil. Es ist wichtig zu beachten, dass dieses Produkt nicht mit dem Modell DJI Mini 3 Pro kompatibel ist.  <\/p>\n","protected":false},"featured_media":100092,"comment_status":"open","ping_status":"closed","template":"","meta":{"_seopress_robots_primary_cat":"","_seopress_titles_title":"Kaufen Sie Original DJI Mini 3 Oberer Rahmen","_seopress_titles_desc":"Kaufen Sie den 100% originalen oberen Rahmen f\u00fcr DJI Mini 3. Nicht kompatibel mit DJI Mini 3 Pro. Perfekt f\u00fcr Ihre Drohnenbed\u00fcrfnisse.  ","_seopress_robots_index":"yes","_seopress_analysis_target_kw":"DJI Mini 3 - Top-Chassis"},"product_brand":[19390],"product_cat":[15798],"product_tag":[15485],"class_list":{"0":"post-96486","1":"product","2":"type-product","3":"status-publish","4":"has-post-thumbnail","6":"product_brand-dji","7":"product_cat-dji-mini-3-de-2","8":"product_tag-dji-de-3","9":"pa_piece-3-in-1-set-global-de","10":"pa_piece-3-in-1-set-japan-de","11":"pa_piece-chassis-inferieur-de","12":"pa_piece-chassis-milieu-de","13":"pa_piece-chassis-superieur-de","14":"pa_piece-middle-frame-global-de","15":"pa_piece-upper-cover-de","17":"first","18":"outofstock","19":"taxable","20":"shipping-taxable","21":"purchasable","22":"product-type-simple"},"_links":{"self":[{"href":"https:\/\/drone-parts-center.com\/de\/wp-json\/wp\/v2\/product\/96486","targetHints":{"allow":["GET"]}}],"collection":[{"href":"https:\/\/drone-parts-center.com\/de\/wp-json\/wp\/v2\/product"}],"about":[{"href":"https:\/\/drone-parts-center.com\/de\/wp-json\/wp\/v2\/types\/product"}],"replies":[{"embeddable":true,"href":"https:\/\/drone-parts-center.com\/de\/wp-json\/wp\/v2\/comments?post=96486"}],"wp:featuredmedia":[{"embeddable":true,"href":"https:\/\/drone-parts-center.com\/de\/wp-json\/wp\/v2\/media\/100092"}],"wp:attachment":[{"href":"https:\/\/drone-parts-center.com\/de\/wp-json\/wp\/v2\/media?parent=96486"}],"wp:term":[{"taxonomy":"product_brand","embeddable":true,"href":"https:\/\/drone-parts-center.com\/de\/wp-json\/wp\/v2\/product_brand?post=96486"},{"taxonomy":"product_cat","embeddable":true,"href":"https:\/\/drone-parts-center.com\/de\/wp-json\/wp\/v2\/product_cat?post=96486"},{"taxonomy":"product_tag","embeddable":true,"href":"https:\/\/drone-parts-center.com\/de\/wp-json\/wp\/v2\/product_tag?post=96486"}],"curies":[{"name":"wp","href":"https:\/\/api.w.org\/{rel}","templated":true}]}}