{"id":96485,"date":"2023-05-29T13:09:18","date_gmt":"2023-05-29T11:09:18","guid":{"rendered":"https:\/\/drone-parts-center.com\/produit\/dji-mini-3-gimbal-schutz\/"},"modified":"2026-02-18T08:10:10","modified_gmt":"2026-02-18T07:10:10","slug":"dji-mini-3-gimbal-schutz","status":"publish","type":"product","link":"https:\/\/drone-parts-center.com\/de\/produkt\/dji-mini-3-gimbal-schutz\/","title":{"rendered":"DJI Mini 3 - Schutz f\u00fcr die Gondel"},"content":{"rendered":"<h2>DJI Mini 3 - Schutz f\u00fcr die Gondel<\/h2>\n<p>Original DJI Gondelschutz f\u00fcr die Mini 3 Drohne. Diese Schutzabdeckung wird an der Kameragondel befestigt, um das Objektiv und den 3-Achsen-Stabilisator w\u00e4hrend des Transports und der Lagerung zu sch\u00fctzen. <\/p>\n<h3>Funktion<\/h3>\n<p>Der Schutz h\u00e4lt die Gondel ruhig und sch\u00fctzt das Objektiv vor Kratzern, Staub und St\u00f6\u00dfen, wenn es in einer Tasche oder einem Etui transportiert wird. Der Schutz kann vor dem Flug einfach abgenommen werden. <\/p>\n<h3>Kompatibilit\u00e4t<\/h3>\n<p>Nur mit dem DJI Mini 3 kompatibel. Nicht kompatibel mit DJI Mini 3 Pro, Mini 2 oder Mini 4 Pro (andere Gondelma\u00dfe). 100% Original DJI-Produkt.  <\/p>\n","protected":false},"excerpt":{"rendered":"<p>Dieses Produkt ist ein originaler Gondelschutz f\u00fcr den DJI Mini 3. Es handelt sich um ein einzelnes Ersatzteil. Es ist wichtig zu beachten, dass dieses Produkt nicht mit dem Modell DJI Mini 3 Pro kompatibel ist.  <\/p>\n","protected":false},"featured_media":100091,"comment_status":"open","ping_status":"closed","template":"","meta":{"_seopress_robots_primary_cat":"","_seopress_titles_title":"DJI Mini 3 Gondelschutz - Original Qualit\u00e4t","_seopress_titles_desc":"Entdecken Sie den DJI Mini 3 Gondelschutz, ein originelles und wichtiges Produkt, um Ihre Drohne zu sichern. Nicht kompatibel mit Mini 3 Pro. ","_seopress_robots_index":"","_seopress_analysis_target_kw":"DJI Mini 3 - Gimbal-Schutz"},"product_brand":[19390],"product_cat":[15798],"product_tag":[15485],"class_list":{"0":"post-96485","1":"product","2":"type-product","3":"status-publish","4":"has-post-thumbnail","6":"product_brand-dji","7":"product_cat-dji-mini-3-de-2","8":"product_tag-dji-de-3","9":"pa_piece-3-in-1-set-global-de","10":"pa_piece-3-in-1-set-japan-de","11":"pa_piece-chassis-inferieur-de","12":"pa_piece-chassis-milieu-de","13":"pa_piece-chassis-superieur-de","14":"pa_piece-middle-frame-global-de","15":"pa_piece-upper-cover-de","17":"first","18":"instock","19":"taxable","20":"shipping-taxable","21":"purchasable","22":"product-type-simple"},"_links":{"self":[{"href":"https:\/\/drone-parts-center.com\/de\/wp-json\/wp\/v2\/product\/96485","targetHints":{"allow":["GET"]}}],"collection":[{"href":"https:\/\/drone-parts-center.com\/de\/wp-json\/wp\/v2\/product"}],"about":[{"href":"https:\/\/drone-parts-center.com\/de\/wp-json\/wp\/v2\/types\/product"}],"replies":[{"embeddable":true,"href":"https:\/\/drone-parts-center.com\/de\/wp-json\/wp\/v2\/comments?post=96485"}],"wp:featuredmedia":[{"embeddable":true,"href":"https:\/\/drone-parts-center.com\/de\/wp-json\/wp\/v2\/media\/100091"}],"wp:attachment":[{"href":"https:\/\/drone-parts-center.com\/de\/wp-json\/wp\/v2\/media?parent=96485"}],"wp:term":[{"taxonomy":"product_brand","embeddable":true,"href":"https:\/\/drone-parts-center.com\/de\/wp-json\/wp\/v2\/product_brand?post=96485"},{"taxonomy":"product_cat","embeddable":true,"href":"https:\/\/drone-parts-center.com\/de\/wp-json\/wp\/v2\/product_cat?post=96485"},{"taxonomy":"product_tag","embeddable":true,"href":"https:\/\/drone-parts-center.com\/de\/wp-json\/wp\/v2\/product_tag?post=96485"}],"curies":[{"name":"wp","href":"https:\/\/api.w.org\/{rel}","templated":true}]}}