{"id":96478,"date":"2023-05-29T12:50:00","date_gmt":"2023-05-29T10:50:00","guid":{"rendered":"https:\/\/drone-parts-center.com\/produit\/dji-mini-3-linker-querlenker-vorne\/"},"modified":"2026-02-18T08:09:54","modified_gmt":"2026-02-18T07:09:54","slug":"dji-mini-3-linker-querlenker-vorne","status":"publish","type":"product","link":"https:\/\/drone-parts-center.com\/de\/produkt\/dji-mini-3-linker-querlenker-vorne\/","title":{"rendered":"DJI Mini 3 - Linker Vorderarm"},"content":{"rendered":"<h2>DJI Mini 3 - Linker vorderer Arm (Ersatzteil)<\/h2>\n<p>Original DJI linker vorderer Arm f\u00fcr die Mini 3 Drohne. In diesem Arm sind der b\u00fcrstenlose Motor und der Klappmechanismus integriert, die f\u00fcr den Antrieb und die Man\u00f6vrierf\u00e4higkeit der Drohne sorgen. Der vordere Arm des Mini 3 verf\u00fcgt \u00fcber ein nach vorne klappbares Design, um den Platzbedarf zu minimieren.  <\/p>\n<h3>Wann sollte diese M\u00fcnze ausgetauscht werden?<\/h3>\n<p>Ersetzen Sie diesen Arm, wenn der Motor blockiert ist, der Arm verbogen oder gebrochen ist oder wenn der Faltmechanismus nicht mehr funktioniert. Ein besch\u00e4digter Arm macht die Drohne f\u00fcr einen sicheren Flug untauglich. <\/p>\n<h3>Kompatibilit\u00e4t<\/h3>\n<p>Nur mit dem DJI Mini 3 kompatibel. Achtung: Dieser Arm ist spezifisch f\u00fcr die vordere linke Seite (spezifische Motordrehrichtung). Nicht kompatibel mit dem Mini 3 Pro oder anderen Modellen. 100% Original DJI-Produkt.   <\/p>\n","protected":false},"excerpt":{"rendered":"<p>Dieses Produkt ist ein originaler linker vorderer Arm f\u00fcr den DJI Mini 3. Es handelt sich um ein einzelnes Ersatzteil. Es ist wichtig zu beachten, dass dieses Produkt nicht mit dem Modell DJI Mini 3 Pro kompatibel ist.  <\/p>\n","protected":false},"featured_media":100089,"comment_status":"open","ping_status":"closed","template":"","meta":{"_seopress_robots_primary_cat":"","_seopress_titles_title":"DJI Mini 3: Original linker Vorderarm","_seopress_titles_desc":"Kaufen Sie den linken vorderen Arm 100% original f\u00fcr DJI Mini 3. Nicht kompatibel mit dem DJI Mini 3. ","_seopress_robots_index":"yes","_seopress_analysis_target_kw":"DJI Mini 3 - Linker Querlenker vorne"},"product_brand":[19390],"product_cat":[15798],"product_tag":[15485],"class_list":{"0":"post-96478","1":"product","2":"type-product","3":"status-publish","4":"has-post-thumbnail","6":"product_brand-dji","7":"product_cat-dji-mini-3-de-2","8":"product_tag-dji-de-3","9":"pa_piece-3-in-1-set-global-de","10":"pa_piece-3-in-1-set-japan-de","11":"pa_piece-chassis-inferieur-de","12":"pa_piece-chassis-milieu-de","13":"pa_piece-chassis-superieur-de","14":"pa_piece-middle-frame-global-de","15":"pa_piece-upper-cover-de","17":"first","18":"outofstock","19":"taxable","20":"shipping-taxable","21":"purchasable","22":"product-type-simple"},"_links":{"self":[{"href":"https:\/\/drone-parts-center.com\/de\/wp-json\/wp\/v2\/product\/96478","targetHints":{"allow":["GET"]}}],"collection":[{"href":"https:\/\/drone-parts-center.com\/de\/wp-json\/wp\/v2\/product"}],"about":[{"href":"https:\/\/drone-parts-center.com\/de\/wp-json\/wp\/v2\/types\/product"}],"replies":[{"embeddable":true,"href":"https:\/\/drone-parts-center.com\/de\/wp-json\/wp\/v2\/comments?post=96478"}],"wp:featuredmedia":[{"embeddable":true,"href":"https:\/\/drone-parts-center.com\/de\/wp-json\/wp\/v2\/media\/100089"}],"wp:attachment":[{"href":"https:\/\/drone-parts-center.com\/de\/wp-json\/wp\/v2\/media?parent=96478"}],"wp:term":[{"taxonomy":"product_brand","embeddable":true,"href":"https:\/\/drone-parts-center.com\/de\/wp-json\/wp\/v2\/product_brand?post=96478"},{"taxonomy":"product_cat","embeddable":true,"href":"https:\/\/drone-parts-center.com\/de\/wp-json\/wp\/v2\/product_cat?post=96478"},{"taxonomy":"product_tag","embeddable":true,"href":"https:\/\/drone-parts-center.com\/de\/wp-json\/wp\/v2\/product_tag?post=96478"}],"curies":[{"name":"wp","href":"https:\/\/api.w.org\/{rel}","templated":true}]}}