{"id":96467,"date":"2023-07-25T15:00:16","date_gmt":"2023-07-25T13:00:16","guid":{"rendered":"https:\/\/drone-parts-center.com\/produit\/dji-air-3-intelligenter-flugakku\/"},"modified":"2026-03-02T11:42:25","modified_gmt":"2026-03-02T10:42:25","slug":"dji-air-3-intelligenter-flugakku","status":"publish","type":"product","link":"https:\/\/drone-parts-center.com\/de\/produkt\/dji-air-3-intelligenter-flugakku\/","title":{"rendered":"DJI Air 3 - Intelligenter Flugakku"},"content":{"rendered":"<p>Der <strong>intelligente Flugakku DJI Air 3<\/strong> bietet bis zu 46 Minuten Flugzeit*, so dass Sie ohne Unterbrechung Bilder aufnehmen k\u00f6nnen. Mit einer Kapazit\u00e4t von 4.241 mAh bietet dieser Li-Ion 4S Akku eine stabile Leistung und ein intelligentes Lade- und Temperaturmanagement. <\/p>\n<p>Hier sind die wichtigsten Vorteile:<\/p>\n<ul>\n<li>Bis zu 46 Minuten Flugzeit*.<\/li>\n<li>4.241 mAh Kapazit\u00e4t.<\/li>\n<li>Schnelles Aufladen.<\/li>\n<li>Intelligentes Management f\u00fcr mehr Sicherheit.<\/li>\n<li>Ladetemperaturbereich: 5 \u00b0C bis 40 \u00b0C.<\/li>\n<\/ul>\n<p>Dieser Akku wurde bei einer konstanten Geschwindigkeit von 28,8 km\/h getestet und garantiert eine optimale Flugzeit unter idealen Bedingungen. Er l\u00e4dt sich schnell auf und ist leicht auszutauschen, so dass Sie Ihren Flug im Handumdrehen fortsetzen k\u00f6nnen. Er ist sowohl f\u00fcr Amateure als auch f\u00fcr Profis geeignet und optimiert Ihre Flugsitzungen.  <\/p>\n<p>*Die Flugdauer kann je nach den tats\u00e4chlichen Flugbedingungen variieren. Befolgen Sie immer die Erinnerungen der Anwendung, um einen sicheren Flug zu gew\u00e4hrleisten. <\/p>\n","protected":false},"excerpt":{"rendered":"<p>Der DJI Air 3 Smart Battery bietet mit 4.241 mAh bis zu 46 Minuten Flugzeit. Schnelles Aufladen und intelligentes Management f\u00fcr maximale Sicherheit. <\/p>\n","protected":false},"featured_media":100218,"comment_status":"open","ping_status":"closed","template":"","meta":{"_seopress_robots_primary_cat":"","_seopress_titles_title":"DJI Air 3 - Intelligenter Akku: 46 Min. Flugzeit","_seopress_titles_desc":"Entdecken Sie den intelligenten Flugakku DJI Air 3: 46 Minuten Flugzeit, 4241 mAh, schnelles Aufladen und sichere Verwaltung. Perfekt f\u00fcr Aufnahmen ohne Unterbrechung. ","_seopress_robots_index":"yes"},"product_brand":[19390],"product_cat":[19957,15723,15930],"product_tag":[16627,16629,15933,16624,16631,16625,16035,16604,16620,16622],"class_list":{"0":"post-96467","1":"product","2":"type-product","3":"status-publish","4":"has-post-thumbnail","6":"product_brand-dji","7":"product_cat-auslaufmodelle","8":"product_cat-dji-air-3-de","9":"product_cat-zubehor-de","10":"product_tag-4241-mah-drohnen-akku","11":"product_tag-4s-li-ionen-akku","12":"product_tag-dji-air-3-de","13":"product_tag-dji-air-3-akku","14":"product_tag-dji-air-3-flugakku","15":"product_tag-dji-smart-akku","16":"product_tag-dji-zubehor-de-3","17":"product_tag-franzosisch","18":"product_tag-intelligente-flugbatterie","19":"product_tag-laufzeit-der-dji-drohne-de","21":"first","22":"outofstock","23":"sale","24":"taxable","25":"shipping-taxable","26":"purchasable","27":"product-type-simple"},"_links":{"self":[{"href":"https:\/\/drone-parts-center.com\/de\/wp-json\/wp\/v2\/product\/96467","targetHints":{"allow":["GET"]}}],"collection":[{"href":"https:\/\/drone-parts-center.com\/de\/wp-json\/wp\/v2\/product"}],"about":[{"href":"https:\/\/drone-parts-center.com\/de\/wp-json\/wp\/v2\/types\/product"}],"replies":[{"embeddable":true,"href":"https:\/\/drone-parts-center.com\/de\/wp-json\/wp\/v2\/comments?post=96467"}],"wp:featuredmedia":[{"embeddable":true,"href":"https:\/\/drone-parts-center.com\/de\/wp-json\/wp\/v2\/media\/100218"}],"wp:attachment":[{"href":"https:\/\/drone-parts-center.com\/de\/wp-json\/wp\/v2\/media?parent=96467"}],"wp:term":[{"taxonomy":"product_brand","embeddable":true,"href":"https:\/\/drone-parts-center.com\/de\/wp-json\/wp\/v2\/product_brand?post=96467"},{"taxonomy":"product_cat","embeddable":true,"href":"https:\/\/drone-parts-center.com\/de\/wp-json\/wp\/v2\/product_cat?post=96467"},{"taxonomy":"product_tag","embeddable":true,"href":"https:\/\/drone-parts-center.com\/de\/wp-json\/wp\/v2\/product_tag?post=96467"}],"curies":[{"name":"wp","href":"https:\/\/api.w.org\/{rel}","templated":true}]}}