{"id":96451,"date":"2024-01-19T12:10:19","date_gmt":"2024-01-19T11:10:19","guid":{"rendered":"https:\/\/drone-parts-center.com\/produit\/dji-avata-ersatzgeraet\/"},"modified":"2026-03-05T14:12:56","modified_gmt":"2026-03-05T13:12:56","slug":"dji-avata-ersatzgeraet","status":"publish","type":"product","link":"https:\/\/drone-parts-center.com\/de\/produkt\/dji-avata-ersatzgeraet\/","title":{"rendered":"Drohne DJI Avata - Neue Ersatzeinheit"},"content":{"rendered":"<p class=\"\" data-start=\"530\" data-end=\"899\">Die <strong data-start=\"533\" data-end=\"582\">DJI Avata Drohne - Ersatzneueinheit<\/strong> wurde speziell f\u00fcr FPV-Piloten entwickelt, die ihr Ger\u00e4t verloren haben, abgest\u00fcrzt sind oder besch\u00e4digt wurden. Dieses Ersatzger\u00e4t erm\u00f6glicht es Ihnen, Ihre immersiven Flugsitzungen wieder aufzunehmen, ohne ein komplettes Paket kaufen zu m\u00fcssen. Es ist ideal f\u00fcr diejenigen, die noch \u00fcber DJI FPV-Zubeh\u00f6r (Brille, Fernsteuerung, Batterien) verf\u00fcgen.  <\/p>\n<p class=\"\" data-start=\"901\" data-end=\"1253\">Dieses <strong data-start=\"907\" data-end=\"932\">Ersatzger\u00e4t<\/strong> ist <strong data-start=\"937\" data-end=\"946\">neu<\/strong> und <strong data-start=\"950\" data-end=\"982\">f\u00fcr den DJI Care Refresh qualifiziert<\/strong>, der ein Sicherheitsniveau garantiert, das dem des Originalprodukts entspricht. Es umfasst das <strong data-start=\"1069\" data-end=\"1112\">komplette Chassis mit der eingebauten Kamera<\/strong> (4K-Aufnahmen bei 60 fps mit RockSteady- und HorizonSteady-Stabilisierung), aber <strong data-start=\"1201\" data-end=\"1252\">ohne Brille, Controller, Akku und Ladeger\u00e4t<\/strong>. <\/p>\n<p class=\"\" data-start=\"1255\" data-end=\"1340\">Ein <strong data-start=\"1258\" data-end=\"1293\">Austausch der DJI Avata Drohne<\/strong> wird in den folgenden Situationen empfohlen:<\/p>\n<ul data-start=\"1342\" data-end=\"1518\">\n<li class=\"\" data-start=\"1342\" data-end=\"1366\">\n<p class=\"\" data-start=\"1344\" data-end=\"1366\">Totalabsturz bei FPV-Flug<\/p>\n<\/li>\n<li class=\"\" data-start=\"1367\" data-end=\"1410\">\n<p class=\"\" data-start=\"1369\" data-end=\"1410\">Verlust der Kontrolle oder Eintauchen in Wasser<\/p>\n<\/li>\n<li class=\"\" data-start=\"1411\" data-end=\"1459\">\n<p class=\"\" data-start=\"1413\" data-end=\"1459\">Drohnenflug zu Dreharbeiten oder zu Freizeitzwecken<\/p>\n<\/li>\n<li class=\"\" data-start=\"1460\" data-end=\"1518\">\n<p class=\"\" data-start=\"1462\" data-end=\"1518\">Erhalt aller noch funktionierenden Zubeh\u00f6rteile<\/p>\n<\/li>\n<\/ul>\n<p class=\"\" data-start=\"1520\" data-end=\"1779\">Die Avata ist eine kompakte, robuste und schnelle FPV-Drohne, die f\u00fcr ein <strong data-start=\"1595\" data-end=\"1635\">unvergleichliches, immersives Flugerlebnis<\/strong> entwickelt wurde. Mit diesem <strong data-start=\"1651\" data-end=\"1680\">Ersatzger\u00e4t von DJI<\/strong> k\u00f6nnen Sie Ihre Aktivit\u00e4ten in wenigen Schritten wieder aufnehmen, ohne in ein komplettes neues Kit investieren zu m\u00fcssen. <\/p>\n<p class=\"\" data-start=\"1781\" data-end=\"2043\">Dieses Produkt ist besonders geeignet f\u00fcr <strong data-start=\"1824\" data-end=\"1928\">FPV-Videografen, Freestyle-Piloten, Ersteller von immersiven Inhalten und professionelle Film-Drohnen<\/strong>. Es erm\u00f6glicht Ihnen, weiterhin dynamische und fl\u00fcssige Bilder aufzunehmen und dabei das Leistungsniveau von DJI beizubehalten. <\/p>\n","protected":false},"excerpt":{"rendered":"<p>FPV-Drohne abgest\u00fcrzt oder verloren? Ersetzen Sie Ihre DJI Avata durch ein neues Ger\u00e4t. Zubeh\u00f6r ist nicht enthalten. DJI Care Refresh ist kompatibel.   <\/p>\n","protected":false},"featured_media":100625,"comment_status":"open","ping_status":"closed","template":"","meta":{"_seopress_robots_primary_cat":"","_seopress_titles_title":"Ersatz f\u00fcr neue DJI Avata Drohne","_seopress_titles_desc":"Ersatz f\u00fcr DJI Avata Drohne mit neuem Ger\u00e4t. Ohne Brille und Batterie. Kompatibel mit DJI Care Refresh. Schnelle Lieferung.   ","_seopress_robots_index":"yes"},"product_brand":[19390],"product_cat":[15785],"product_tag":[16559,16560,16330,16434,16561,15755],"class_list":{"0":"post-96451","1":"product","2":"type-product","3":"status-publish","4":"has-post-thumbnail","6":"product_brand-dji","7":"product_cat-dji-avata-de","8":"product_tag-dji-avata-ersatzgerat","9":"product_tag-dji-care-auffrischung","10":"product_tag-dji-drohne","11":"product_tag-drohne-fotografie","12":"product_tag-drohnenlosung-fur-kmu","13":"product_tag-professionelle-drohne-de-2","15":"first","16":"outofstock","17":"taxable","18":"shipping-taxable","19":"purchasable","20":"product-type-simple"},"_links":{"self":[{"href":"https:\/\/drone-parts-center.com\/de\/wp-json\/wp\/v2\/product\/96451","targetHints":{"allow":["GET"]}}],"collection":[{"href":"https:\/\/drone-parts-center.com\/de\/wp-json\/wp\/v2\/product"}],"about":[{"href":"https:\/\/drone-parts-center.com\/de\/wp-json\/wp\/v2\/types\/product"}],"replies":[{"embeddable":true,"href":"https:\/\/drone-parts-center.com\/de\/wp-json\/wp\/v2\/comments?post=96451"}],"wp:featuredmedia":[{"embeddable":true,"href":"https:\/\/drone-parts-center.com\/de\/wp-json\/wp\/v2\/media\/100625"}],"wp:attachment":[{"href":"https:\/\/drone-parts-center.com\/de\/wp-json\/wp\/v2\/media?parent=96451"}],"wp:term":[{"taxonomy":"product_brand","embeddable":true,"href":"https:\/\/drone-parts-center.com\/de\/wp-json\/wp\/v2\/product_brand?post=96451"},{"taxonomy":"product_cat","embeddable":true,"href":"https:\/\/drone-parts-center.com\/de\/wp-json\/wp\/v2\/product_cat?post=96451"},{"taxonomy":"product_tag","embeddable":true,"href":"https:\/\/drone-parts-center.com\/de\/wp-json\/wp\/v2\/product_tag?post=96451"}],"curies":[{"name":"wp","href":"https:\/\/api.w.org\/{rel}","templated":true}]}}