{"id":96446,"date":"2024-02-05T12:48:19","date_gmt":"2024-02-05T11:48:19","guid":{"rendered":"https:\/\/drone-parts-center.com\/produit\/agisoft-metashape-pro-schwebend\/"},"modified":"2025-11-29T10:09:40","modified_gmt":"2025-11-29T09:09:40","slug":"agisoft-metashape-pro-schwebend","status":"publish","type":"product","link":"https:\/\/drone-parts-center.com\/de\/produkt\/agisoft-metashape-pro-schwebend\/","title":{"rendered":"Agisoft Metashape Pro Schwebend"},"content":{"rendered":"<h1>Agisoft Metashape Pro Floating, Ihre ultimative L\u00f6sung f\u00fcr die Photogrammetrie.<\/h1>\n<p>Diese Photogrammetrie-L\u00f6sung ver\u00e4ndert die Art und Weise, wie Fachleute Bilder verarbeiten und interpretieren. Agisoft Metashape Pro erzeugt mit Leichtigkeit dichte Punktwolken, 3D-Modelle und Orthomosaike. Die Genauigkeit ist au\u00dfergew\u00f6hnlich und reicht bis zu 1 mm f\u00fcr Nahaufnahmen.  <\/p>\n<p>Mit der innovativen Technologie von Agisoft bietet diese Photogrammetrie-L\u00f6sung eine beschleunigte Datenverarbeitung. Die F\u00e4higkeit, Tausende von Bildern lokal zu verarbeiten, erh\u00f6ht die Sicherheit sensibler Informationen. <\/p>\n<p>Floating Version, Installation auf mehreren Computern m\u00f6glich, Nutzung auf einem Computer zur gleichen Zeit.<\/p>\n<h2>Die Benutzerfreundlichkeit ist bemerkenswert.<\/h2>\n<p>Auch ohne photogrammetrisches Fachwissen werden Sie die intuitive Benutzeroberfl\u00e4che zu sch\u00e4tzen wissen. F\u00fcr Experten bietet es jedoch ein hohes Ma\u00df an Kontrolle mit detaillierten Berichten. <\/p>\n<p>Die Vorteile von Agisoft Metashape Pro gehen noch weiter. Es ist grafikbeschleunigt, netzwerkf\u00e4hig f\u00fcr gro\u00dfe Projekte und plattform\u00fcbergreifend einsetzbar: <\/p>\n<ul>\n<li>Fenster<\/li>\n<li>Mac OS X<\/li>\n<li>Linux (Englisch)<\/li>\n<\/ul>\n<p>Zusammenfassend l\u00e4sst sich sagen, dass Agisoft Metashape Pro die Photogrammetrie-L\u00f6sung der Wahl ist, egal ob f\u00fcr Vermessung, Landwirtschaft, Arch\u00e4ologie oder Denkmalpflege. Sie erf\u00fcllt die Bed\u00fcrfnisse der unterschiedlichsten Branchen ad\u00e4quat. <\/p>\n","protected":false},"excerpt":{"rendered":"<p><em>Agisoft Metashape Pro<\/em> Floating ist die bevorzugte Wahl in der Photogrammetrie. Es generiert 3D-Modelle, Orthomosaike und mehr mit un\u00fcbertroffener Genauigkeit. Es ist in der Lage, Tausende von Bildern lokal zu verarbeiten und gew\u00e4hrleistet die Datensicherheit. Einfach zu bedienen und dennoch eine tiefgreifende Kontrolle f\u00fcr Experten, ist es das ideale Werkzeug f\u00fcr verschiedene Branchen.   <\/p>\n","protected":false},"featured_media":100405,"comment_status":"open","ping_status":"closed","template":"","meta":{"_seopress_robots_primary_cat":"none","_seopress_titles_title":"Effiziente Photogrammetrie mit Agisoft Metashape","_seopress_titles_desc":"Verwandeln Sie Ihre Projekte mit Agisoft Metashape Pro: h\u00f6chste Genauigkeit, schnelle Verarbeitung und Datensicherheit f\u00fcr eine optimale Photogrammetrie.","_seopress_robots_index":""},"product_brand":[19483],"product_cat":[15754,20051],"product_tag":[16025,16023,16043,16031,16034,16046,16016,16037,16029,16020,16014,16040],"class_list":{"0":"post-96446","1":"product","2":"type-product","3":"status-publish","4":"has-post-thumbnail","6":"product_brand-agisoft","7":"product_cat-photogrammetrie","8":"product_cat-topographie-kartographie","9":"product_tag-3d-modelle","10":"product_tag-agisoft-metashape-pro-de","11":"product_tag-archaologie","12":"product_tag-digitale-hohenmodelle","13":"product_tag-digitale-oberflachenmodelle","14":"product_tag-kulturerbe","15":"product_tag-landwirtschaft-de","16":"product_tag-lokale-behandlung","17":"product_tag-orthomosaike","18":"product_tag-photogrammetrie-de-2","19":"product_tag-prazision","20":"product_tag-vermessung","22":"first","23":"onbackorder","24":"taxable","25":"shipping-taxable","26":"purchasable","27":"product-type-simple"},"_links":{"self":[{"href":"https:\/\/drone-parts-center.com\/de\/wp-json\/wp\/v2\/product\/96446","targetHints":{"allow":["GET"]}}],"collection":[{"href":"https:\/\/drone-parts-center.com\/de\/wp-json\/wp\/v2\/product"}],"about":[{"href":"https:\/\/drone-parts-center.com\/de\/wp-json\/wp\/v2\/types\/product"}],"replies":[{"embeddable":true,"href":"https:\/\/drone-parts-center.com\/de\/wp-json\/wp\/v2\/comments?post=96446"}],"wp:featuredmedia":[{"embeddable":true,"href":"https:\/\/drone-parts-center.com\/de\/wp-json\/wp\/v2\/media\/100405"}],"wp:attachment":[{"href":"https:\/\/drone-parts-center.com\/de\/wp-json\/wp\/v2\/media?parent=96446"}],"wp:term":[{"taxonomy":"product_brand","embeddable":true,"href":"https:\/\/drone-parts-center.com\/de\/wp-json\/wp\/v2\/product_brand?post=96446"},{"taxonomy":"product_cat","embeddable":true,"href":"https:\/\/drone-parts-center.com\/de\/wp-json\/wp\/v2\/product_cat?post=96446"},{"taxonomy":"product_tag","embeddable":true,"href":"https:\/\/drone-parts-center.com\/de\/wp-json\/wp\/v2\/product_tag?post=96446"}],"curies":[{"name":"wp","href":"https:\/\/api.w.org\/{rel}","templated":true}]}}