{"id":96444,"date":"2024-02-05T13:39:31","date_gmt":"2024-02-05T12:39:31","guid":{"rendered":"https:\/\/drone-parts-center.com\/produit\/dronavia-kronos-m350\/"},"modified":"2026-03-02T11:41:04","modified_gmt":"2026-03-02T10:41:04","slug":"dronavia-kronos-m350","status":"publish","type":"product","link":"https:\/\/drone-parts-center.com\/de\/produkt\/dronavia-kronos-m350\/","title":{"rendered":"Dronavia - Kronos M350"},"content":{"rendered":"<h2>Kronos M350: Professionelles Sicherheitssystem f\u00fcr DJI Matrice 350 RTK<\/h2>\n<p><strong>Kronos M350<\/strong> ist das Fallschirmrettungs- (PRS) und Flugbeendigungssystem (FTS), das f\u00fcr die <strong>DJI Matrice 350 RTK<\/strong> entwickelt wurde, eine der am h\u00e4ufigsten verwendeten professionellen Drohnen f\u00fcr Kartographie, Inspektion und zivile Sicherheit. Dieser von Dronavia entwickelte Umr\u00fcstsatz verwandelt Ihre Matrice 350 in ein Flugger\u00e4t, das den <strong>EASA-Klassen C3 und C5<\/strong> entspricht. <\/p>\n<p>Der Kronos M350 verf\u00fcgt \u00fcber einen Hochleistungsfallschirm, der f\u00fcr das h\u00f6here Gewicht der Matrice 350 und ihrer Nutzlasten (LiDAR, W\u00e4rmebildkameras, Multi-Spektral-Sensoren) ausgelegt ist. Bei einem Zwischenfall schaltet das FTS die Triebwerke ab und der Fallschirm entfaltet sich innerhalb von <strong>0,27 Sekunden,<\/strong> wodurch die Sicherheit von Personen und G\u00fctern am Boden gew\u00e4hrleistet wird. <\/p>\n<h3>Einhaltung der Klassen C3\/C5 und der EASA-Vorschriften<\/h3>\n<p>Der Kronos M350 Umr\u00fcstsatz ist nach den europ\u00e4ischen Standards zertifiziert:<\/p>\n<ul>\n<li><strong>MoC 2511<\/strong> - Flight Termination System (FTS): konformer interner Stromkreisunterbrecher<\/li>\n<li><strong>MoC 2512<\/strong> - Parachute Recovery System (PRS) : Zertifiziertes Wiederauffindungssystem<\/li>\n<\/ul>\n<p>Diese doppelte Konformit\u00e4t verwandelt Ihre DJI Matrice 350 RTK in eine <strong>Kronos AD Matrice 350<\/strong> Drohne <strong>(Klassen C3\/C5)<\/strong>, die den EASA-Anforderungen f\u00fcr den Betrieb in speziellen Kategorien (STS-01, STS-02, SORA\/PDRA) entspricht. Ideal f\u00fcr professionelle Betreiber in Belgien, den Niederlanden, Luxemburg und der gesamten Europ\u00e4ischen Union. <\/p>\n<h3>Technische Merkmale<\/h3>\n<ul>\n<li><strong>Entfaltungszeit:<\/strong> 0,27 Sekunden<\/li>\n<li><strong>Fallschirmtyp:<\/strong> Hohe Kapazit\u00e4t, angepasst an das Gewicht der Matrice 350 + Nutzlasten<\/li>\n<li><strong>Erkennung und Ausl\u00f6sung :<\/strong> Autonom, unbegrenzte Energie<\/li>\n<li><strong>Start:<\/strong> Automatisch beim Einschalten der Drohne<\/li>\n<li><strong>Sicherheitsverriegelung:<\/strong> Automatische Aktivierung bei einer H\u00f6he von 20 m.<\/li>\n<li><strong>Landeerkennung:<\/strong> Integriert<\/li>\n<li><strong>FTS intern:<\/strong> Installation in einer anerkannten Werkstatt<\/li>\n<li><strong>Temperatur bei Betrieb :<\/strong> -5\u00b0C bis 40\u00b0C<\/li>\n<li><strong>Kompatibler POD:<\/strong> Kronos M350 (spezifisch, mit 8g CO2-Patrone)<\/li>\n<li><strong>Wiederaufr\u00fcstung :<\/strong> Durch Austausch von POD Kronos M350 + CO2-Patrone 8g<\/li>\n<li><strong>Manuelle Aktivierung:<\/strong> Klick-Fernbedienung (Reichweite bis zu 10 km)<\/li>\n<li><strong>Kompatible Drohne:<\/strong> DJI Matrice 350 RTK<\/li>\n<li><strong>Konformit\u00e4t:<\/strong> MoC 2511 (FTS) + MoC 2512 (PRS) - Klassen C3\/C5 EASA<\/li>\n<\/ul>\n<h3>Inhalt des Kronos M350 Pakets<\/h3>\n<ul>\n<li>Fallschirmrettungssystem (PRS) Kronos M350<\/li>\n<li>Internes Flugabschlusssystem (FTS) Kronos M350<\/li>\n<li>POD Fallschirm Kronos M350 (vorgespannt, mit CO2-Patrone 8g)<\/li>\n<li>Klick-Fernbedienung mit gro\u00dfer Reichweite (manuelle Aktivierung, Reichweite 10 km)<\/li>\n<li>EASA-Konformit\u00e4tsdokumente (MoC 2511 + MoC 2512)<\/li>\n<li>Anleitung zur Installation und Nutzung<\/li>\n<\/ul>\n<h3>Installation des internen FTS<\/h3>\n<p>Die Installation des internen Stromkreisunterbrechers (FTS) in der DJI Matrice 350 RTK muss von einem zertifizierten Techniker in einer autorisierten Werkstatt durchgef\u00fchrt werden. <strong>Drone Parts Center verf\u00fcgt \u00fcber eine Werkstatt in Nivelles (Belgien)<\/strong>, die diesen Service anbietet. Die Drohne kann auch per Postpaket verschickt werden (Versandkosten auf Anfrage oder zu Ihren Lasten). <\/p>\n<p><strong>Die DJI-Herstellergarantie bleibt erhalten<\/strong>: Wenn Sie einen DJI-Kundendienst ben\u00f6tigen, nehmen Sie einfach den Umr\u00fcstsatz ab, bevor Sie die Drohne zur Reparatur einsenden.<\/p>\n<h3>Wartung und j\u00e4hrliche \u00dcberpr\u00fcfung<\/h3>\n<p>Die <strong>j\u00e4hrliche \u00dcberpr\u00fcfung ist obligatorisch<\/strong>, um die Konformit\u00e4t des Systems und die G\u00fcltigkeit der Zertifizierung aufrechtzuerhalten. Sie umfasst : <\/p>\n<ul>\n<li>Vollst\u00e4ndige \u00dcberpr\u00fcfung des PRS und des FTS<\/li>\n<li>Test des Einsatzes<\/li>\n<li>Austausch von Verbrauchsmaterial (POD, CO2-Patrone 8g) bei Bedarf<\/li>\n<li>Erneuerung der Zertifizierung f\u00fcr 12 Monate<\/li>\n<\/ul>\n<p>Die Wiederbewaffnung nach einem Einsatz erfordert einen Austausch des POD Kronos M350 und einer 8g CO2-Patrone.<\/p>\n<h3>H\u00e4ufig gestellte Fragen (FAQ)<\/h3>\n<p><strong>Was ist der Unterschied zwischen dem Kronos M350 und den Systemen f\u00fcr die Mavic-Reihe?<\/strong><br \/>\nDer Kronos M350 verwendet einen Hochleistungsfallschirm, der f\u00fcr das h\u00f6here Gewicht der Matrice 350 RTK dimensioniert ist (bis zu 6,2 kg mit Nutzlast). Der POD ist spezifisch (Kronos M350) und verwendet eine 8g CO2-Patrone f\u00fcr die Entfaltung, im Gegensatz zum POD Mini der Mavic-Systeme. <\/p>\n<p><strong>Ist das System mit den DJI-Nutzlasten (H20T, L2, etc.) kompatibel?<\/strong><br \/>\nJa, der Fallschirm ist so dimensioniert, dass er das maximale Startgewicht der Matrice 350 RTK einschlie\u00dflich der offiziellen DJI-Nutzlasten tragen kann.<\/p>\n<p><strong>Wie gro\u00df ist die Reichweite der Klick-Fernbedienung f\u00fcr den M350?<\/strong><br \/>\nDie Klick-Fernbedienung des Kronos M350 bietet eine Reichweite von bis zu 10 km und ist damit f\u00fcr die Langstreckeneins\u00e4tze der Matrice 350 geeignet.<\/p>\n<p><strong>Wie erfolgt die Wiedereinstellung nach einem Einsatz?<\/strong><br \/>\nDie R\u00fcckstellung erfordert den Austausch des POD Kronos M350 und einer 8g CO2-Patrone. Dieser Vorgang dauert einige Minuten. Ersatz-PODs und -Patronen sind in unserem Shop erh\u00e4ltlich.  <\/p>\n<p><strong>Kann die j\u00e4hrliche \u00dcberpr\u00fcfung vor Ort durchgef\u00fchrt werden?<\/strong><br \/>\nJa, unsere Werkstatt in Nivelles f\u00fchrt die j\u00e4hrlichen Inspektionen durch. Sie k\u00f6nnen uns Ihre Drohne auch als sicheres Postpaket schicken. <\/p>\n<h3>Warum Drone Parts Center?<\/h3>\n<ul>\n<li><strong>Zugelassener Dronavia-H\u00e4ndler<\/strong> (Gold Reseller) f\u00fcr Belgien und die Benelux-L\u00e4nder<\/li>\n<li>Installations- <strong>und Wartungswerkstatt<\/strong> in Nivelles - FTS-Installation, j\u00e4hrliche \u00dcberholung, POD-Austausch<\/li>\n<li><strong>Technische Unterst\u00fctzung<\/strong> FR\/EN - +32 67 88 37 37<\/li>\n<li><strong>EASA Expertise<\/strong>: Begleitung bei Ihren C3\/C5 Compliance Dossiers und Zertifizierungen<\/li>\n<li><strong>Postversand<\/strong> f\u00fcr ganz Belgien und die Nachbarl\u00e4nder m\u00f6glich (Kosten auf Anfrage oder zu Ihren Lasten)<\/li>\n<\/ul>\n","protected":false},"excerpt":{"rendered":"<p>Kronos Fallschirm- und FTS-System f\u00fcr DJI Matrice 350 RTK. EASA-konformer Umr\u00fcstsatz Klasse C5 (MoC 2511 + MoC 2512). Entfaltung in 0,27 Sekunden, internes FTS, Fallschirm mit hoher Kapazit\u00e4t. Manuelle Klick-Aktivierung bis zu 10 km.   <\/p>\n<p>\u26a0\ufe0f <strong>Wichtiger Hinweis:<\/strong> Dieses Paket enth\u00e4lt nur die Dronavia-Hardware. Die Installation, die j\u00e4hrliche Wartung und die technische Unterst\u00fctzung werden separat angeboten. Siehe unsere empfohlenen Dienstleistungen unten.  <\/p>\n","protected":false},"featured_media":101155,"comment_status":"open","ping_status":"closed","template":"","meta":{"_seopress_robots_primary_cat":"none","_seopress_titles_title":"Kronos M350 | Fallschirm DJI Matrice 350 RTK | Drone Parts Center","_seopress_titles_desc":"Kronos M350: Fallschirm- und FTS-System f\u00fcr DJI Matrice 350 RTK. Umr\u00fcstsatz f\u00fcr die Klassen C3\/C5 gem\u00e4\u00df EASA. Autorisierter Dronavia-H\u00e4ndler, Belgien und Benelux.  ","_seopress_robots_index":""},"product_brand":[19486],"product_cat":[16529],"product_tag":[16917,17073,16549,20007,16875,20010,20009,20006,16531,20008],"class_list":{"0":"post-96444","1":"product","2":"type-product","3":"status-publish","4":"has-post-thumbnail","6":"product_brand-dronavia","7":"product_cat-fallschirme","8":"product_tag-dji-matrix-350-de","9":"product_tag-dronavia-de","10":"product_tag-easa-konformitat","11":"product_tag-fallschirm-drohne","12":"product_tag-flugsicherheit-de-3","13":"product_tag-klasse-c3","14":"product_tag-klasse-c5","15":"product_tag-kronos","16":"product_tag-sora-de-2","17":"product_tag-sts-01","19":"first","20":"onbackorder","21":"taxable","22":"shipping-taxable","23":"purchasable","24":"product-type-simple"},"_links":{"self":[{"href":"https:\/\/drone-parts-center.com\/de\/wp-json\/wp\/v2\/product\/96444","targetHints":{"allow":["GET"]}}],"collection":[{"href":"https:\/\/drone-parts-center.com\/de\/wp-json\/wp\/v2\/product"}],"about":[{"href":"https:\/\/drone-parts-center.com\/de\/wp-json\/wp\/v2\/types\/product"}],"replies":[{"embeddable":true,"href":"https:\/\/drone-parts-center.com\/de\/wp-json\/wp\/v2\/comments?post=96444"}],"wp:featuredmedia":[{"embeddable":true,"href":"https:\/\/drone-parts-center.com\/de\/wp-json\/wp\/v2\/media\/101155"}],"wp:attachment":[{"href":"https:\/\/drone-parts-center.com\/de\/wp-json\/wp\/v2\/media?parent=96444"}],"wp:term":[{"taxonomy":"product_brand","embeddable":true,"href":"https:\/\/drone-parts-center.com\/de\/wp-json\/wp\/v2\/product_brand?post=96444"},{"taxonomy":"product_cat","embeddable":true,"href":"https:\/\/drone-parts-center.com\/de\/wp-json\/wp\/v2\/product_cat?post=96444"},{"taxonomy":"product_tag","embeddable":true,"href":"https:\/\/drone-parts-center.com\/de\/wp-json\/wp\/v2\/product_tag?post=96444"}],"curies":[{"name":"wp","href":"https:\/\/api.w.org\/{rel}","templated":true}]}}