{"id":96440,"date":"2024-02-26T17:56:30","date_gmt":"2024-02-26T16:56:30","guid":{"rendered":"https:\/\/drone-parts-center.com\/produit\/autel-evo-max-4t-rechter-querlenker-hinten\/"},"modified":"2026-03-08T11:28:56","modified_gmt":"2026-03-08T10:28:56","slug":"autel-evo-max-4t-rechter-querlenker-hinten","status":"publish","type":"product","link":"https:\/\/drone-parts-center.com\/de\/produkt\/autel-evo-max-4t-rechter-querlenker-hinten\/","title":{"rendered":"Autel Evo Max 4T - Rechter Querlenker hinten"},"content":{"rendered":"<p>Erwecken Sie Ihre Drohne zu neuem Leben mit dem rechten hinteren Arm, der speziell f\u00fcr den Autel Evo Max 4T entwickelt wurde, ein Premium-Ersatzteil von Autel Robotics.<\/p>\n<p>Dieser rechte hintere Arm passt perfekt zum Evo Max 4T und ist ein idealer Ersatz f\u00fcr Sch\u00e4den, die bei einem Crash entstanden sind.<\/p>\n<p>Als 100%iges Original- und Neuteil sorgt er f\u00fcr eine perfekte Harmonie mit Ihrer Drohne und tr\u00e4gt dazu bei, die Leistung und die Flugstabilit\u00e4t zu erhalten. Dieser Arm ist kein Upgrade-Teil, sondern ein wichtiges Ersatzteil f\u00fcr Nutzer, die mit ihrer Drohne einen Unfall hatten. <\/p>\n<p>Dieser rechte hintere Arm wurde f\u00fcr Personen mit Elektronik- und Drohnenreparaturkenntnissen entwickelt und erm\u00f6glicht eine pr\u00e4zise und zuverl\u00e4ssige Reparatur Ihres Flugger\u00e4ts.<\/p>\n<p>Mit der Wahl dieses Autel Robotics Ersatzteils entscheiden Sie sich f\u00fcr Zuverl\u00e4ssigkeit und Qualit\u00e4t und stellen sicher, dass Ihr Autel Evo Max 4T wieder wie neu funktioniert.<\/p>\n<p>Die Investition in ein Originalersatzteil ist f\u00fcr die Langlebigkeit und Sicherheit Ihrer Flugausr\u00fcstung von entscheidender Bedeutung.<\/p>\n","protected":false},"excerpt":{"rendered":"<p>Autel Evo Max 4T Rechter Querlenker - Original-Ersatzteil, unerl\u00e4sslich f\u00fcr zuverl\u00e4ssige Reparaturen und die Aufrechterhaltung der Leistung.<\/p>\n","protected":false},"featured_media":100745,"comment_status":"open","ping_status":"closed","template":"","meta":{"_seopress_robots_primary_cat":"","_seopress_titles_title":"Autel Evo Max 4T: Ersetzen Sie den rechten hinteren Arm.","_seopress_titles_desc":"Original rechter Querlenker f\u00fcr Autel Evo Max 4T, ideal f\u00fcr den Austausch nach einem Unfall, um die Leistung und Stabilit\u00e4t der Drohne zu gew\u00e4hrleisten.","_seopress_robots_index":""},"product_brand":[19441],"product_cat":[19957,16501],"product_tag":[16372,16503,16521,16522,16026,16350,16504,16019],"class_list":{"0":"post-96440","1":"product","2":"type-product","3":"status-publish","4":"has-post-thumbnail","6":"product_brand-autel-robotics","7":"product_cat-auslaufmodelle","8":"product_cat-autel-evo-max-de","9":"product_tag-autel-robotics-de","10":"product_tag-ersatzteil-drohne-de","11":"product_tag-qualitat-und-langlebigkeit","12":"product_tag-querlenker-hinten-rechts-autel-evo-max-4t","13":"product_tag-reparatur-von-drohnen-de-2","14":"product_tag-restaurierung-von-drohnen","15":"product_tag-ursprungliche-komponente","16":"product_tag-wartung-von-drohnen-de-2","18":"first","19":"instock","20":"sale","21":"taxable","22":"shipping-taxable","23":"purchasable","24":"product-type-simple"},"_links":{"self":[{"href":"https:\/\/drone-parts-center.com\/de\/wp-json\/wp\/v2\/product\/96440","targetHints":{"allow":["GET"]}}],"collection":[{"href":"https:\/\/drone-parts-center.com\/de\/wp-json\/wp\/v2\/product"}],"about":[{"href":"https:\/\/drone-parts-center.com\/de\/wp-json\/wp\/v2\/types\/product"}],"replies":[{"embeddable":true,"href":"https:\/\/drone-parts-center.com\/de\/wp-json\/wp\/v2\/comments?post=96440"}],"wp:featuredmedia":[{"embeddable":true,"href":"https:\/\/drone-parts-center.com\/de\/wp-json\/wp\/v2\/media\/100745"}],"wp:attachment":[{"href":"https:\/\/drone-parts-center.com\/de\/wp-json\/wp\/v2\/media?parent=96440"}],"wp:term":[{"taxonomy":"product_brand","embeddable":true,"href":"https:\/\/drone-parts-center.com\/de\/wp-json\/wp\/v2\/product_brand?post=96440"},{"taxonomy":"product_cat","embeddable":true,"href":"https:\/\/drone-parts-center.com\/de\/wp-json\/wp\/v2\/product_cat?post=96440"},{"taxonomy":"product_tag","embeddable":true,"href":"https:\/\/drone-parts-center.com\/de\/wp-json\/wp\/v2\/product_tag?post=96440"}],"curies":[{"name":"wp","href":"https:\/\/api.w.org\/{rel}","templated":true}]}}