{"id":96437,"date":"2024-02-22T18:48:59","date_gmt":"2024-02-22T17:48:59","guid":{"rendered":"https:\/\/drone-parts-center.com\/produit\/sniffer4d-nano2\/"},"modified":"2026-03-13T15:14:06","modified_gmt":"2026-03-13T14:14:06","slug":"sniffer4d-nano2","status":"publish","type":"product","link":"https:\/\/drone-parts-center.com\/de\/produkt\/sniffer4d-nano2\/","title":{"rendered":"Sniffer4D Nano2"},"content":{"rendered":"<div style=\"background:#fff3cd;border:2px solid #ffc107;border-radius:6px;padding:16px 20px;margin-bottom:24px;font-family:Lato,sans-serif;\">\n<p style=\"margin:0 0 8px;font-weight:700;color:#856404;font-size:15px;\">&#9888; Der Sniffer4D Nano2 wird schrittweise durch den Sniffer4D Nano2+ ersetzt<\/p>\n<p style=\"margin:0 0 12px;color:#856404;font-size:13px;\">Der Nano2+ ist kompatibel mit DJI Matrice 4D\/4TD, Matrice 4E\/4T, Matrice 400 und Dock 3. Der Nano2 bleibt auf Bestellung f&uuml;r Nutzer von DJI M3D\/3TD und Dock 2 verf&uuml;gbar.<\/p>\n<p><a href=\"\/de\/produkt\/sniffer4d-nano2-2\/\" style=\"display:inline-block;background:#11519B;color:#fff;padding:8px 20px;text-decoration:none;font-weight:700;font-size:13px;text-transform:uppercase;letter-spacing:0.5px;border-radius:3px;\">Nano2+ entdecken &rarr;<\/a>\n<\/div>\n<h3>Pr\u00e4sentation<\/h3>\n<p>Der <strong>Sniffer4D Nano2<\/strong> ist der kompakteste Multi-Gas-Sensor in der AIRINS-Produktreihe. Mit einem Gewicht von weniger als 200 Gramm passt er perfekt in die <strong>DJI Matrice 3D\/3TD<\/strong>, ohne die Sensoren zur Hindernisvermeidung der Drohne zu beeintr\u00e4chtigen. <\/p>\n<p>Mit <strong>4 internen Steckpl\u00e4tzen<\/strong> bietet er gen\u00fcgend Flexibilit\u00e4t f\u00fcr die meisten Anwendungen in der Umwelt\u00fcberwachung und bei Notfalleins\u00e4tzen. Kompatibel mit dem <strong>DJI Dock 2<\/strong> f\u00fcr 100% unabh\u00e4ngige Missionen. <\/p>\n<h3>Kompatibilit\u00e4t mit DJI-Drohnen<\/h3>\n<table>\n<thead>\n<tr>\n<th>Drohne<\/th>\n<th>Integration<\/th>\n<th>Erforderliches Kit<\/th>\n<th>Eigenst\u00e4ndige Missionen<\/th>\n<\/tr>\n<\/thead>\n<tbody>\n<tr>\n<td><strong>DJI Matrice 3D \/ 3TD<\/strong><\/td>\n<td>Direkte Montage<\/td>\n<td>Keine<\/td>\n<td>Ja (\u00fcber DJI Dock 2)<\/td>\n<\/tr>\n<\/tbody>\n<\/table>\n<p><em>Hinweis: Der Nano2 wurde speziell f\u00fcr das DJI Matrice 3 \u00d6kosystem entwickelt. F\u00fcr die DJI Matrice 4D\/4TD, siehe <a href=\"https:\/\/drone-parts-center.com\/de\/produkt\/sniffer4d-nano2-2\/\">Sniffer4D Nano2+<\/a>. F\u00fcr die M400\/M350 sehen Sie bitte den <a href=\"https:\/\/drone-parts-center.com\/de\/produkt\/sniffer4d-mini2\/\">Sniffer4D Mini2<\/a>.  <\/em><\/p>\n<h3>Anwendungsf\u00e4lle<\/h3>\n<ul>\n<li><strong>\u00dcberwachung der Luftqualit\u00e4t<\/strong> - Kartierung mehrerer Schadstoffe PM, NO\u2082, SO\u2082, CO, O\u2083 in st\u00e4dtischen oder industriellen Umgebungen<\/li>\n<li><strong>Industriegas-Einsatz<\/strong> - Schnelle Erkennung gef\u00e4hrlicher Gase vor dem Einsatz von Rettungsteams<\/li>\n<li><strong>Deponien und TECs<\/strong> - Screening von Biogasemissionen und Einhaltung von Vorschriften<\/li>\n<li><strong>Wiederkehrende autonome Missionen<\/strong> - Programmierte \u00dcberwachung \u00fcber DJI Dock 2 ohne menschliches Eingreifen<\/li>\n<\/ul>\n<h3>AIRINS.ai Software<\/h3>\n<p>Jeder Sniffer4D Nano2 beinhaltet den Zugang zu <strong>AIRINS.ai<\/strong>:<\/p>\n<ul>\n<li>2D\/3D-Visualisierung der Konzentrationsdaten in Echtzeit<\/li>\n<li>Strukturierte Berichte als PDF\/DOCX-Export<\/li>\n<li>GIS-Export: Shapefile, GeoJSON, CSV<\/li>\n<li>Echtzeitsteuerung \u00fcber DJI Pilot App<\/li>\n<\/ul>\n<div class=\"airins-configurator\" data-product=\"nano2\"><\/div>\n<h3>Technische Spezifikationen<\/h3>\n<table>\n<tbody>\n<tr>\n<td><strong>Modell<\/strong><\/td>\n<td>Sniffer4D Nano2<\/td>\n<\/tr>\n<tr>\n<td><strong>Gewicht<\/strong><\/td>\n<td>&lt; 200 g<\/td>\n<\/tr>\n<tr>\n<td><strong>Interne Sensoren<\/strong><\/td>\n<td>Bis zu 4 konfigurierbare Module<\/td>\n<\/tr>\n<tr>\n<td><strong>Verf\u00fcgbare Sensoren<\/strong><\/td>\n<td>11 konfigurierbare Module: PM, O\u2083+NO\u2082, CO, SO\u2082, H\u2082S, NH\u2083, TVOC, CO\u2082, CH\u2084\/LEL, etc.<\/td>\n<\/tr>\n<tr>\n<td><strong>Kompatible Drohne<\/strong><\/td>\n<td>DJI Matrice 3D \/ 3TD<\/td>\n<\/tr>\n<tr>\n<td><strong>Eigenst\u00e4ndige Missionen<\/strong><\/td>\n<td>Ja (\u00fcber DJI Dock 2)<\/td>\n<\/tr>\n<tr>\n<td><strong>Umgehung von Hindernissen<\/strong><\/td>\n<td>Ungehindert (ultrakompaktes Design)<\/td>\n<\/tr>\n<tr>\n<td><strong>Software<\/strong><\/td>\n<td>Sniffer4D Mapper + AIRINS.ai (enthalten)<\/td>\n<\/tr>\n<tr>\n<td><strong>Konnektivit\u00e4t<\/strong><\/td>\n<td>4G\/LTE optional, GPS<\/td>\n<\/tr>\n<tr>\n<td><strong>Hersteller<\/strong><\/td>\n<td>AIRINS (ehemals Soarability)<\/td>\n<\/tr>\n<\/tbody>\n<\/table>\n<h3>H\u00e4ufig gestellte Fragen<\/h3>\n<p><strong>Behindert der Nano2 die Sensoren zur Hindernisvermeidung des DJI M3D?<\/strong><\/p>\n<p>Nein. Der Sniffer4D Nano2 wurde speziell entwickelt, um die Hindernisvermeidungssensoren der DJI Matrice 3D\/3TD nicht zu beeintr\u00e4chtigen, da er weniger als 200 g wiegt und ein kompaktes Design hat. <\/p>\n<p><strong>Kann ich den Nano2 mit dem DJI Dock 2 f\u00fcr autonome Missionen verwenden?<\/strong><\/p>\n<p>Ja, der Nano2 ist vollst\u00e4ndig mit dem DJI Dock 2 kompatibel. Sie k\u00f6nnen wiederkehrende \u00dcberwachungsmissionen \u00fcber DJI FlightHub 2 mit Echtzeit-Daten\u00fcbertragung zu AIRINS.ai planen. <\/p>\n<p><strong>Was ist der Unterschied zwischen Nano2 und Nano2+?<\/strong><\/p>\n<p>Der Nano2 (4 Slots) ist f\u00fcr den DJI M3D\/M3TD + Dock 2 konzipiert. Der Nano2+ (5 Slots) wurde f\u00fcr die neueste Generation des DJI M4D\/4TD + Dock 3 entwickelt. Der Nano2+ bietet einen zus\u00e4tzlichen Steckplatz und Kompatibilit\u00e4t mit dem Matrice 4 \u00d6kosystem.  <\/p>\n<p><strong>Kann man den Nano2 mit externen Modulen erweitern?<\/strong><\/p>\n<p>Nein, die externen Module (Wind, TDLAS, Sampling) sind nur mit dem Sniffer4D Mini2 kompatibel. Der Nano2 nutzt nur seine 4 internen Steckpl\u00e4tze. <\/p>\n<p><strong>Ist DPC ein autorisierter AIRINS-Wiederverk\u00e4ufer?<\/strong><\/p>\n<p>Ja, Drone Parts Center ist ein autorisierter AIRINS-H\u00e4ndler f\u00fcr Belgien.<\/p>\n<p><em>Drone Parts Center ist ein autorisierter AIRINS-H\u00e4ndler f\u00fcr Belgien. <a href=\"https:\/\/drone-parts-center.com\/de\/anfrage-fuer-ein-angebot\/\">Kontaktieren Sie uns<\/a> f\u00fcr ein individuelles Angebot.<\/em><\/p>\n<h2>H\u00e4ufig gestellte Fragen - Sniffer4D Nano2<\/h2>\n<div>\n<div style=\"margin-bottom:1.5em\">\n<h3>Welche Drohnen sind mit dem Nano2 kompatibel?<\/h3>\n<div>\n<p>Der Nano2 wurde f\u00fcr die DJI Matrice 3D, Matrice 3TD, M30\/M30T und das DJI Dock 2 entwickelt. Er wird direkt \u00fcber den E-Port ohne Integrationskit angeschlossen. <\/p>\n<\/div>\n<\/div>\n<div style=\"margin-bottom:1.5em\">\n<h3>Wie hoch ist die Aufl\u00f6sung beim Nachweis von Methan?<\/h3>\n<div>\n<p>Der Nano2 verf\u00fcgt \u00fcber ein TDLAS-Mehrwegemodul, das Methan mit einer Aufl\u00f6sung von 1 ppm (parts per million) erkennt. Dies ist eine Genauigkeit, die f\u00fcr die Erkennung von Lecks in Pipelines und Gasanlagen geeignet ist. <\/p>\n<\/div>\n<\/div>\n<div style=\"margin-bottom:1.5em\">\n<h3>Behindert der Nano2 das Hindernisvermeidungssystem der Drohne?<\/h3>\n<div>\n<p>Nein. Der Nano2 wurde speziell so entwickelt, dass er die Sensoren zur Hindernisvermeidung der Matrice 3D\/3TD nicht beeintr\u00e4chtigt. <\/p>\n<\/div>\n<\/div>\n<div style=\"margin-bottom:1.5em\">\n<h3>Wie viele Sensoren k\u00f6nnen installiert werden?<\/h3>\n<div>\n<p>Der Nano2 kann bis zu 4 interne Module aufnehmen. Die Module sind die gleichen wie beim Nano2+ und Mini2. <\/p>\n<\/div>\n<\/div>\n<div style=\"margin-bottom:1.5em\">\n<h3>Funktioniert der Nano2 mit dem DJI FlightHub 2?<\/h3>\n<div>\n<p>Ja, der Nano2 l\u00e4sst sich mit DJI FlightHub 2 integrieren, um Echtzeitdaten anzuzeigen und den Sensor \u00fcber die Fernsteuerung zu steuern. <\/p>\n<\/div>\n<\/div>\n<\/div>\n","protected":false},"excerpt":{"rendered":"<p><strong>Sniffer4D Nano2<\/strong> von AIRINS - ein ultrakompakter Multi-Gas-Sensor, der speziell f\u00fcr die <strong>DJI Matrice 3D\/3TD und das DJI Dock 2<\/strong> entwickelt wurde. Bis zu <strong>4<\/strong> konfigurierbare <strong>interne Module<\/strong>. Ultraleicht (&lt; 200 g), behindert keine Hindernisvermeidungssysteme.  <\/p>\n<p><strong>Preis nach Kostenvoranschlag<\/strong> - Konfiguration anpassbar. Kontaktieren Sie uns f\u00fcr ein Angebot. <\/p>\n","protected":false},"featured_media":253001,"comment_status":"open","ping_status":"closed","template":"","meta":{"_seopress_robots_primary_cat":"none","_seopress_titles_title":"Sniffer4D Nano2 - Multi-Gas-Sensor f\u00fcr DJI`M3D\/3TD | AIRINS","_seopress_titles_desc":"Sniffer4D Nano2 von AIRINS: Modularer Multi-Gassensor (4 Slots) f\u00fcr DJI`Matrix 3D\/3TD und Dock 2. \u00dcberwachung der Luftqualit\u00e4t und Gasdetektion. Drone Parts Center, autorisierter H\u00e4ndler.  ","_seopress_robots_index":""},"product_brand":[19459],"product_cat":[19918],"product_tag":[],"class_list":{"0":"post-96437","1":"product","2":"type-product","3":"status-publish","4":"has-post-thumbnail","6":"product_brand-airins","7":"product_cat-umweltueberwachung","9":"first","10":"onbackorder","11":"taxable","12":"shipping-taxable","13":"product-type-simple"},"_links":{"self":[{"href":"https:\/\/drone-parts-center.com\/de\/wp-json\/wp\/v2\/product\/96437","targetHints":{"allow":["GET"]}}],"collection":[{"href":"https:\/\/drone-parts-center.com\/de\/wp-json\/wp\/v2\/product"}],"about":[{"href":"https:\/\/drone-parts-center.com\/de\/wp-json\/wp\/v2\/types\/product"}],"replies":[{"embeddable":true,"href":"https:\/\/drone-parts-center.com\/de\/wp-json\/wp\/v2\/comments?post=96437"}],"wp:featuredmedia":[{"embeddable":true,"href":"https:\/\/drone-parts-center.com\/de\/wp-json\/wp\/v2\/media\/253001"}],"wp:attachment":[{"href":"https:\/\/drone-parts-center.com\/de\/wp-json\/wp\/v2\/media?parent=96437"}],"wp:term":[{"taxonomy":"product_brand","embeddable":true,"href":"https:\/\/drone-parts-center.com\/de\/wp-json\/wp\/v2\/product_brand?post=96437"},{"taxonomy":"product_cat","embeddable":true,"href":"https:\/\/drone-parts-center.com\/de\/wp-json\/wp\/v2\/product_cat?post=96437"},{"taxonomy":"product_tag","embeddable":true,"href":"https:\/\/drone-parts-center.com\/de\/wp-json\/wp\/v2\/product_tag?post=96437"}],"curies":[{"name":"wp","href":"https:\/\/api.w.org\/{rel}","templated":true}]}}