{"id":96432,"date":"2024-02-06T11:33:31","date_gmt":"2024-02-06T10:33:31","guid":{"rendered":"https:\/\/drone-parts-center.com\/produit\/speedip-v2\/"},"modified":"2026-04-18T10:53:33","modified_gmt":"2026-04-18T08:53:33","slug":"speedip-v2","status":"publish","type":"product","link":"https:\/\/drone-parts-center.com\/de\/produkt\/speedip-v2\/","title":{"rendered":"Speedip V2+ (PFAS-Ready)"},"content":{"rendered":"<h2>Speedip V2+ - Wasserentnahme mit PFAS-Ready-Drohne<\/h2>\n<p>Der <strong>Speedip V2+<\/strong> ist ein von AIRINS (ehemals Soarability) entwickeltes luftgest\u00fctztes Wasserprobenentnahmesystem. Es erm\u00f6glicht die <strong>sichere, schnelle und genaue<\/strong> Sammlung von Wasserproben in schwer zug\u00e4nglichen Gebieten: Seen, Fl\u00fcsse, R\u00fcckhaltebecken, Industrieanlagen, kontaminierte Gebiete. <\/p>\n<figure id=\"attachment_252790\" aria-describedby=\"caption-attachment-252790\" style=\"width: 1280px\" class=\"wp-caption alignnone\"><img loading=\"lazy\" decoding=\"async\" class=\"size-full wp-image-252790\" src=\"https:\/\/drone-parts-center.com\/wp-content\/uploads\/2024\/02\/image-1.png\" alt=\"Drohne, die einen wei\u00dfen Container transportiert.\" width=\"1280\" height=\"960\" srcset=\"https:\/\/drone-parts-center.com\/wp-content\/uploads\/2024\/02\/image-1.png 1280w, https:\/\/drone-parts-center.com\/wp-content\/uploads\/2024\/02\/image-1-800x600.png 800w, https:\/\/drone-parts-center.com\/wp-content\/uploads\/2024\/02\/image-1-768x576.png 768w, https:\/\/drone-parts-center.com\/wp-content\/uploads\/2024\/02\/image-1-510x383.png 510w\" sizes=\"auto, (max-width: 1280px) 100vw, 1280px\" \/><figcaption id=\"caption-attachment-252790\" class=\"wp-caption-text\">speedip v2+ (pfas ready)<\/figcaption><\/figure>\n<h3>Warum Speedip V2+?<\/h3>\n<ul>\n<li><strong>Sicherheit<\/strong>: Fernabholung, keine Notwendigkeit, einen Mitarbeiter vor Ort zu entsenden<\/li>\n<li><strong>Effizienz<\/strong>: ein typischer Abholauftrag in weniger als 8 Minuten (80% Zeitersparnis)<\/li>\n<li><strong>Wirtschaftlich<\/strong>: 88% Kostensenkung im Vergleich zur manuellen Entnahme per Schiff<\/li>\n<li><strong>Weniger Gel\u00e4ndeeinschr\u00e4nkungen<\/strong>: Zugang zu Orten, die f\u00fcr Schiffe und Fahrzeuge nicht zug\u00e4nglich sind<\/li>\n<\/ul>\n<h3>PFAS-Ready - Laborvalidiert<\/h3>\n<p>Die <strong>Edelstahlbeh\u00e4lter<\/strong> des Speedip V2+ wurden speziell f\u00fcr die Entnahme von <strong>PFAS<\/strong> (per- und polyfluoralkylierte Substanzen) entwickelt. Jede Charge wird von Dritten auf Auslaugung und Adsorption von PFAS auf ppt-Niveau (parts per trillion) getestet, um die Zuverl\u00e4ssigkeit der Analyseergebnisse zu gew\u00e4hrleisten. <\/p>\n<h3>Technische Merkmale<\/h3>\n<ul>\n<li><strong>Gewicht<\/strong>: &lt; 750 g (Haupteinheit), Flugzeugaluminium<\/li>\n<li><strong>Kamera<\/strong>: eingebautes Nachtsichtger\u00e4t, diagonales Sichtfeld ~180\u00b0.<\/li>\n<li><strong>Kabel<\/strong>: Echtzeit-\u00dcberwachungssystem mit Verwicklungserkennung und Notschnittfunktion<\/li>\n<li><strong>HMS<\/strong>: Health Management System mit Warnungen bei abnormalen Zust\u00e4nden und Wartungsbenachrichtigungen f\u00fcr die Winde<\/li>\n<li><strong>Interne PCBAs<\/strong>: best\u00e4ndig gegen Feuchtigkeit, Staub und Korrosion<\/li>\n<\/ul>\n<h3>4 verf\u00fcgbare Pakete<\/h3>\n<div style=\"background:#eaf4fc;border:2px solid #11519B;border-radius:4px;padding:20px 24px;margin-bottom:16px;\">\n<strong style=\"color:#11519B;font-size:15px;text-transform:uppercase;letter-spacing:0.5px;\">DJI Matrice 400<\/strong><\/p>\n<table style=\"width:100%;margin-top:12px;\">\n<thead>\n<tr>\n<th style=\"text-align:left;\">Paket<\/th>\n<th style=\"text-align:left;\">Inhalt<\/th>\n<th style=\"text-align:right;\">Richtpreis ohne MwSt.<\/th>\n<\/tr>\n<\/thead>\n<tbody>\n<tr>\n<td><strong>Standard M400<\/strong><\/td>\n<td>Speedip V2+ Einheit + 1\u00d7 2L PMMA Container + M400 Kit<\/td>\n<td style=\"text-align:right;\"><strong>5 700 \u20ac<\/strong><\/td>\n<\/tr>\n<tr>\n<td><strong>PFAS-Ready M400<\/strong><\/td>\n<td>Speedip V2+ Einheit + 1\u00d7 PMMA Beh\u00e4lter 2L + 3\u00d7 Edelstahlbeh\u00e4lter 1L + M400 Kit<\/td>\n<td style=\"text-align:right;\"><strong>6 600 \u20ac<\/strong><\/td>\n<\/tr>\n<\/tbody>\n<\/table>\n<\/div>\n<div style=\"background:#f0faf0;border:2px solid #2d8f2d;border-radius:4px;padding:20px 24px;margin-bottom:24px;\">\n<strong style=\"color:#2d8f2d;font-size:15px;text-transform:uppercase;letter-spacing:0.5px;\">DJI M350 \/ M300 RTK<\/strong><\/p>\n<table style=\"width:100%;margin-top:12px;\">\n<thead>\n<tr>\n<th style=\"text-align:left;\">Paket<\/th>\n<th style=\"text-align:left;\">Inhalt<\/th>\n<th style=\"text-align:right;\">Richtpreis ohne MwSt.<\/th>\n<\/tr>\n<\/thead>\n<tbody>\n<tr>\n<td><strong>Standard M350<\/strong><\/td>\n<td>Speedip V2+ Einheit + 1\u00d7 PMMA Beh\u00e4lter 1.1L + Kit M350\/M300<\/td>\n<td style=\"text-align:right;\"><strong>5 250 \u20ac<\/strong><\/td>\n<\/tr>\n<tr>\n<td><strong>PFAS-Ready M350<\/strong><\/td>\n<td>Speedip V2+ Einheit + 1\u00d7 PMMA Beh\u00e4lter 1.1L + 3\u00d7 Edelstahlbeh\u00e4lter 1L + Kit M350\/M300<\/td>\n<td style=\"text-align:right;\"><strong>6 150 \u20ac<\/strong><\/td>\n<\/tr>\n<\/tbody>\n<\/table>\n<\/div>\n<h3>Zus\u00e4tzliche Container<\/h3>\n<table style=\"width:100%;margin-bottom:24px;\">\n<thead>\n<tr>\n<th style=\"text-align:left;\">Container<\/th>\n<th style=\"text-align:left;\">Kompatibel mit<\/th>\n<th style=\"text-align:right;\">Richtpreis ohne MwSt.<\/th>\n<\/tr>\n<\/thead>\n<tbody>\n<tr>\n<td>Edelstahlbeh\u00e4lter 1L (PFAS-Ready)<\/td>\n<td>M400 und M350\/M300<\/td>\n<td style=\"text-align:right;\">300 \u20ac<\/td>\n<\/tr>\n<tr>\n<td>PMMA-Container 2L<\/td>\n<td>Nur M400<\/td>\n<td style=\"text-align:right;\">150 \u20ac<\/td>\n<\/tr>\n<tr>\n<td>PMMA-Beh\u00e4lter 1.1L<\/td>\n<td>Nur M350\/M300<\/td>\n<td style=\"text-align:right;\">120 \u20ac<\/td>\n<\/tr>\n<\/tbody>\n<\/table>\n<h3>Anwendungen<\/h3>\n<ul>\n<li><strong>Umwelt<\/strong>: \u00dcberwachung der Wasserqualit\u00e4t, gesetzlich vorgeschriebene Probenahmen<\/li>\n<li><strong>PFAS<\/strong>: Probenahme f\u00fcr die Analyse dauerhafter Schadstoffe<\/li>\n<li><strong>Industrie<\/strong>: Kontrolle von Abw\u00e4ssern, R\u00fcckhaltebecken, Bergbaustandorte<\/li>\n<li><strong>Forschung<\/strong>: hydrologische Studien, \u00dcberwachung der aquatischen Biodiversit\u00e4t<\/li>\n<\/ul>\n<h3>Leistungsbeschreibung<\/h3>\n<table>\n<tbody>\n<tr>\n<td><strong>Modell<\/strong><\/td>\n<td>Speedip V2+ (PFAS-Ready)<\/td>\n<\/tr>\n<tr>\n<td><strong>Drohnen-Versionen<\/strong><\/td>\n<td>DJI Matrice 400 \/ DJI M350\/M300 RTK<\/td>\n<\/tr>\n<tr>\n<td><strong>Gewicht der Haupteinheit<\/strong><\/td>\n<td>&lt; 750 g<\/td>\n<\/tr>\n<tr>\n<td><strong>Beh\u00e4lter<\/strong><\/td>\n<td>PMMA (Standard) + Edelstahl (PFAS-Ready)<\/td>\n<\/tr>\n<tr>\n<td><strong>Kamera<\/strong><\/td>\n<td>Eingebaute 180\u00b0 Nachtsicht<\/td>\n<\/tr>\n<tr>\n<td><strong>Sicherheit<\/strong><\/td>\n<td>Kabel\u00fcberwachung + Notschnitt<\/td>\n<\/tr>\n<tr>\n<td><strong>Wartung<\/strong><\/td>\n<td>HMS (Health Management System)<\/td>\n<\/tr>\n<tr>\n<td><strong>Hersteller<\/strong><\/td>\n<td>AIRINS (ehemals Soarability)<\/td>\n<\/tr>\n<\/tbody>\n<\/table>\n<p><em>Drone Parts Center ist ein autorisierter AIRINS-H\u00e4ndler in Belgien. Kontaktieren Sie uns f\u00fcr ein pers\u00f6nliches Angebot, das das Modell und die Optionen enth\u00e4lt, die Ihren Bed\u00fcrfnissen entsprechen. <\/em><\/p>\n<h3>Workflow f\u00fcr einen Auftragstyp<\/h3>\n<ol>\n<li><strong>Planung<\/strong>: Festlegen der Entnahmepunkte in DJI Pilot 2 (Wegpunktmission)<\/li>\n<li><strong>Start<\/strong>: Die Drohne fliegt automatisch zum Entnahmepunkt.<\/li>\n<li><strong>Abstieg<\/strong>: Kontrolliertes Absenken des Kabels und des Containers bis zur Wasseroberfl\u00e4che.<\/li>\n<li><strong>Probenahme<\/strong>: F\u00fcllen des Containers mit visueller \u00dcberwachung durch eine 180\u00b0-Nachtkamera<\/li>\n<li><strong>Aufstieg<\/strong>: \u00dcberwachung des Kabels mit Erkennung von Verwicklungen und ggf. Notschnitt<\/li>\n<li><strong>Zur\u00fcck<\/strong>: Die Drohne kehrt mit der Probe zur Analyse im Labor zur Basis zur\u00fcck.<\/li>\n<\/ol>\n<figure id=\"attachment_252788\" aria-describedby=\"caption-attachment-252788\" style=\"width: 1280px\" class=\"wp-caption alignnone\"><img loading=\"lazy\" decoding=\"async\" class=\"size-full wp-image-252788\" src=\"https:\/\/drone-parts-center.com\/wp-content\/uploads\/2024\/02\/image-2.png\" alt=\"Drohne, die ein Luftpaket transportiert.\" width=\"1280\" height=\"960\" srcset=\"https:\/\/drone-parts-center.com\/wp-content\/uploads\/2024\/02\/image-2.png 1280w, https:\/\/drone-parts-center.com\/wp-content\/uploads\/2024\/02\/image-2-800x600.png 800w, https:\/\/drone-parts-center.com\/wp-content\/uploads\/2024\/02\/image-2-768x576.png 768w, https:\/\/drone-parts-center.com\/wp-content\/uploads\/2024\/02\/image-2-510x383.png 510w\" sizes=\"auto, (max-width: 1280px) 100vw, 1280px\" \/><figcaption id=\"caption-attachment-252788\" class=\"wp-caption-text\">speedip v2+ (pfas ready)<\/figcaption><\/figure>\n<div class=\"airins-configurator\" data-product=\"speedip\"><\/div>\n<figure id=\"attachment_252789\" aria-describedby=\"caption-attachment-252789\" style=\"width: 1810px\" class=\"wp-caption alignnone\"><img loading=\"lazy\" decoding=\"async\" class=\"size-full wp-image-252789\" src=\"https:\/\/drone-parts-center.com\/wp-content\/uploads\/2024\/02\/screenshot-20251031-111938.png\" alt=\"Drohne, die \u00fcber den Strand und den Ozean fliegt\" width=\"1810\" height=\"642\" srcset=\"https:\/\/drone-parts-center.com\/wp-content\/uploads\/2024\/02\/screenshot-20251031-111938.png 1810w, https:\/\/drone-parts-center.com\/wp-content\/uploads\/2024\/02\/screenshot-20251031-111938-800x284.png 800w, https:\/\/drone-parts-center.com\/wp-content\/uploads\/2024\/02\/screenshot-20251031-111938-1400x497.png 1400w, https:\/\/drone-parts-center.com\/wp-content\/uploads\/2024\/02\/screenshot-20251031-111938-768x272.png 768w, https:\/\/drone-parts-center.com\/wp-content\/uploads\/2024\/02\/screenshot-20251031-111938-1536x545.png 1536w, https:\/\/drone-parts-center.com\/wp-content\/uploads\/2024\/02\/screenshot-20251031-111938-510x181.png 510w\" sizes=\"auto, (max-width: 1810px) 100vw, 1810px\" \/><figcaption id=\"caption-attachment-252789\" class=\"wp-caption-text\">speedip v2+ (pfas ready)<\/figcaption><\/figure>\n<h3>H\u00e4ufig gestellte Fragen<\/h3>\n<p><strong>Ist der Speedip V2+ f\u00fcr die PFAS-Probe zertifiziert?<\/strong><\/p>\n<p>Ja, die Edelstahlbeh\u00e4lter des Speedip V2+ wurden im Labor f\u00fcr die Entnahme von Wasserproben f\u00fcr die PFAS-Analyse (ppt-Level) validiert. Das Material aus Edelstahl verhindert eine Kreuzkontamination. <\/p>\n<p><strong>Was ist der Unterschied zwischen den Versionen M400 und M350?<\/strong><\/p>\n<p>Die M400-Version verwendet einen 2L PMMA-Beh\u00e4lter (im Lieferumfang enthalten) und ein M400-Integrationskit (5.700 \u20ac f\u00fcr Standard, 6.600 \u20ac f\u00fcr PFAS-Ready). Die Version M350 verwendet einen 1,1L PMMA-Beh\u00e4lter (im Lieferumfang enthalten) und ein M350\/M300 Kit (5.250 \u20ac f\u00fcr Standard, 6.150 \u20ac f\u00fcr PFAS-Ready). Beide Versionen sind PFAS-Ready mit der Option eines Edelstahlbeh\u00e4lters. Das Zubeh\u00f6r ist zwischen den beiden Versionen nicht austauschbar.   <\/p>\n<p><strong>Was passiert, wenn sich das Kabel verheddert?<\/strong><\/p>\n<p>Der Speedip V2+ ist mit einem Echtzeit-Kabel\u00fcberwachungssystem ausgestattet. Wenn eine Verwicklung festgestellt wird, trennt ein Notschneidemechanismus automatisch den Container, um die Drohne zu sch\u00fctzen. <\/p>\n<p><strong>Kann man automatische Abbuchungsauftr\u00e4ge planen?<\/strong><\/p>\n<p>Ja, Wegpunktmissionen werden \u00fcber DJI Pilot 2 programmiert. Die Drohne fliegt automatisch zu jedem Entnahmepunkt. Das Absenken und Aufsteigen des Containers wird dann vom Bediener gesteuert.  <\/p>\n<p><strong>Welche Art von Analyse kann mit den gesammelten Proben durchgef\u00fchrt werden?<\/strong><\/p>\n<p>Die mit dem Speedip V2+ entnommenen Proben k\u00f6nnen in einem Labor analysiert werden auf : PFAS, Schwermetalle, bakteriologische Qualit\u00e4t, pH-Wert, Leitf\u00e4higkeit usw. Die G\u00fcltigkeit der Probe h\u00e4ngt von der Wahl des Beh\u00e4lters ab (Standard PMMA oder Edelstahl PFAS). <\/p>\n<p><!-- FAQ Schema --><\/p>\n<div itemscope=\"\" itemtype=\"https:\/\/schema.org\/FAQPage\" style=\"margin-top:30px;\">\n<h3 style=\"font-size:1.3em;margin-bottom:15px;\">H\u00e4ufig gestellte Fragen<\/h3>\n<div itemscope=\"\" itemprop=\"mainEntity\" itemtype=\"https:\/\/schema.org\/Question\" style=\"margin-bottom:15px;\">\n<h4 itemprop=\"name\" style=\"font-size:1em;margin-bottom:5px;\">Was ist der Unterschied zwischen Speedip V2+ Standard und PFAS-Ready?<\/h4>\n<div itemscope=\"\" itemprop=\"acceptedAnswer\" itemtype=\"https:\/\/schema.org\/Answer\">\n<p itemprop=\"text\" style=\"color:#555;margin:0;\">Das PFAS-Ready beinhaltet 3 Edelstahlbeh\u00e4lter, die im Labor auf PFAS-Kreuzkontamination gepr\u00fcft wurden. Der Standard ist f\u00fcr allgemeine Proben geeignet. <\/p>\n<\/div>\n<\/div>\n<div itemscope=\"\" itemprop=\"mainEntity\" itemtype=\"https:\/\/schema.org\/Question\" style=\"margin-bottom:15px;\">\n<h4 itemprop=\"name\" style=\"font-size:1em;margin-bottom:5px;\">Sind die Versionen M400 und M350 des Speedip austauschbar?<\/h4>\n<div itemscope=\"\" itemprop=\"acceptedAnswer\" itemtype=\"https:\/\/schema.org\/Answer\">\n<p itemprop=\"text\" style=\"color:#555;margin:0;\">Nein. Die beiden Versionen sind physisch verschieden und nicht kompatibel. W\u00e4hlen Sie entsprechend Ihrer Drohne.  <\/p>\n<\/div>\n<\/div>\n<div itemscope=\"\" itemprop=\"mainEntity\" itemtype=\"https:\/\/schema.org\/Question\" style=\"margin-bottom:15px;\">\n<h4 itemprop=\"name\" style=\"font-size:1em;margin-bottom:5px;\">Ist die Wasserentnahme durch Drohnen automatisiert?<\/h4>\n<div itemscope=\"\" itemprop=\"acceptedAnswer\" itemtype=\"https:\/\/schema.org\/Answer\">\n<p itemprop=\"text\" style=\"color:#555;margin:0;\">Ja, DJI Pilot 2 Wegpunktmissionen mit automatischer Entnahme, Notfall-Kabelschneider und Verwicklungserkennung. <\/p>\n<\/div>\n<\/div>\n<\/div>\n<p><script type=\"application\/ld+json\">\n{\"@context\":\"https:\/\/schema.org\",\"@type\":\"FAQPage\",\"mainEntity\":[\n    {\"@type\":\"Question\",\"name\":\"Quelle est la diff\u00e9rence entre Speedip V2+ Standard et PFAS-Ready ?\",\"acceptedAnswer\":{\"@type\":\"Answer\",\"text\":\"Le PFAS-Ready inclut 3 conteneurs Inox valid\u00e9s en labo pour l'absence de contamination crois\u00e9e PFAS.\"}},\n    {\"@type\":\"Question\",\"name\":\"Les versions M400 et M350 du Speedip sont-elles interchangeables ?\",\"acceptedAnswer\":{\"@type\":\"Answer\",\"text\":\"Non. Les deux versions sont physiquement distinctes et incompatibles. Choisissez en fonction de votre drone.\"}},\n    {\"@type\":\"Question\",\"name\":\"Le pr\u00e9l\u00e8vement d'eau par drone est-il automatis\u00e9 ?\",\"acceptedAnswer\":{\"@type\":\"Answer\",\"text\":\"Oui. Missions waypoint DJI Pilot 2 avec pr\u00e9l\u00e8vement automatis\u00e9, coupe-c\u00e2ble d'urgence et d\u00e9tection d'emm\u00ealement.\"}}\n]}\n<\/script><br \/>\n<!-- \/FAQ Schema --><\/p>\n<p><!-- AIRINS YouTube Videos --><\/p>\n<div style=\"background:#f8f9fa;border-radius:12px;padding:30px;margin:35px 0;\">\n<h2 style=\"font-size:1.4em;color:#1a1a2e;margin-top:0;margin-bottom:20px;\">Sehen Sie sich den Speedip V2+ in Aktion an<\/h2>\n<div style=\"display:grid;grid-template-columns:repeat(auto-fit,minmax(320px,1fr));gap:20px;\">\n<div>\n<p style=\"font-size:0.9em;font-weight:600;color:#333;margin-bottom:8px;\">Speedip V2+ Water Sampling f\u00fcr DJI Matrice 400 (0:20)<\/p>\n<div style=\"position:relative;padding-bottom:56.25%;height:0;overflow:hidden;border-radius:8px;\"><iframe style=\"position:absolute;top:0;left:0;width:100%;height:100%;border:0;\" src=\"https:\/\/www.youtube.com\/embed\/2k4x103snfY\" title=\"Speedip V2+ Water Sampling f\u00fcr DJI Matrice 400\" allow=\"accelerometer; autoplay; clipboard-write; encrypted-media; gyroscope; picture-in-picture\" allowfullscreen=\"\" loading=\"lazy\"><\/iframe><\/div>\n<\/div>\n<div>\n<p style=\"font-size:0.9em;font-weight:600;color:#333;margin-bottom:8px;\">Genaue Wasserprobenentnahme durch UAVs f\u00fcr PFAS-Kritikanwendungen (0:27)<\/p>\n<div style=\"position:relative;padding-bottom:56.25%;height:0;overflow:hidden;border-radius:8px;\"><iframe style=\"position:absolute;top:0;left:0;width:100%;height:100%;border:0;\" src=\"https:\/\/www.youtube.com\/embed\/iQJZ1V4nDdw\" title=\"Genaue UAV-Wasserprobenahme f\u00fcr PFAS-Kritikalanwendungen\" allow=\"accelerometer; autoplay; clipboard-write; encrypted-media; gyroscope; picture-in-picture\" allowfullscreen=\"\" loading=\"lazy\"><\/iframe><\/div>\n<\/div>\n<div>\n<p style=\"font-size:0.9em;font-weight:600;color:#333;margin-bottom:8px;\">Safer Remote Water Sampling mit UAVs (0:15)<\/p>\n<div style=\"position:relative;padding-bottom:56.25%;height:0;overflow:hidden;border-radius:8px;\"><iframe style=\"position:absolute;top:0;left:0;width:100%;height:100%;border:0;\" src=\"https:\/\/www.youtube.com\/embed\/kb-n2SJaQBs\" title=\"Safer Remote Water Sampling mit UAVs\" allow=\"accelerometer; autoplay; clipboard-write; encrypted-media; gyroscope; picture-in-picture\" allowfullscreen=\"\" loading=\"lazy\"><\/iframe><\/div>\n<\/div>\n<\/div>\n<\/div>\n<p><!-- \/AIRINS YouTube Videos --><\/p>\n","protected":false},"excerpt":{"rendered":"<p><strong>Speedip V2+<\/strong> von AIRINS (ehemals Soarability) - Drohnenbasiertes Wasserentnahmesystem, das f\u00fcr die <strong>DJI Matrice 400<\/strong> und <strong>M350\/M300 RTK<\/strong> entwickelt wurde.<\/p>\n<ul>\n<li><strong>PFAS-Ready<\/strong>: Laborvalidierte Edelstahlbeh\u00e4lter f\u00fcr die PFAS-Probe (ppt-Niveau)<\/li>\n<li>Ultraleichtes Gewicht: Haupteinheit <strong>&lt; 750 g<\/strong> aus Flugzeugaluminium<\/li>\n<li>Integrierte 180\u00b0-Nachtkamera zur visuellen \u00dcberwachung der Probenahme<\/li>\n<li>Kabel\u00fcberwachungssystem mit Notschnittfunktion<\/li>\n<li>Health Management System (HMS): Warnungen und Wartungsbenachrichtigungen<\/li>\n<\/ul>\n<p><strong>Preis nach Angebot<\/strong> - Zwei Modelle verf\u00fcgbar (M400 und M350\/M300). Kontaktieren Sie uns f\u00fcr ein individuelles Angebot. <\/p>\n","protected":false},"featured_media":252793,"comment_status":"open","ping_status":"closed","template":"","meta":{"_seopress_robots_primary_cat":"none","_seopress_titles_title":"Speedip V2+ (PFAS-Ready) - Wasserentnahme durch Drohnen | AIRINS","_seopress_titles_desc":"Speedip V2+ von AIRINS: PFAS-Ready Drohnen-Wasserentnahmesystem f\u00fcr DJI Matrice 400 und M350\/M300. Laborgepr\u00fcfte Edelstahlbeh\u00e4lter. Drone Parts Center, autorisierter H\u00e4ndler Benelux.  ","_seopress_robots_index":""},"product_brand":[19459],"product_cat":[19918],"product_tag":[16488,16482,16476,16475,16484,16480,16486,16478],"class_list":{"0":"post-96432","1":"product","2":"type-product","3":"status-publish","4":"has-post-thumbnail","6":"product_brand-airins","7":"product_cat-umweltueberwachung","8":"product_tag-autonome-drohne","9":"product_tag-hazmat-technologie-de","10":"product_tag-probenahme-von-drohnenflussigkeiten","11":"product_tag-speedip-v2-de","12":"product_tag-uberwachung-des-meeres","13":"product_tag-umwelt-drohne","14":"product_tag-wasseranalyse","15":"product_tag-wasserprobenahme","17":"first","18":"onbackorder","19":"taxable","20":"shipping-taxable","21":"product-type-simple"},"_links":{"self":[{"href":"https:\/\/drone-parts-center.com\/de\/wp-json\/wp\/v2\/product\/96432","targetHints":{"allow":["GET"]}}],"collection":[{"href":"https:\/\/drone-parts-center.com\/de\/wp-json\/wp\/v2\/product"}],"about":[{"href":"https:\/\/drone-parts-center.com\/de\/wp-json\/wp\/v2\/types\/product"}],"replies":[{"embeddable":true,"href":"https:\/\/drone-parts-center.com\/de\/wp-json\/wp\/v2\/comments?post=96432"}],"wp:featuredmedia":[{"embeddable":true,"href":"https:\/\/drone-parts-center.com\/de\/wp-json\/wp\/v2\/media\/252793"}],"wp:attachment":[{"href":"https:\/\/drone-parts-center.com\/de\/wp-json\/wp\/v2\/media?parent=96432"}],"wp:term":[{"taxonomy":"product_brand","embeddable":true,"href":"https:\/\/drone-parts-center.com\/de\/wp-json\/wp\/v2\/product_brand?post=96432"},{"taxonomy":"product_cat","embeddable":true,"href":"https:\/\/drone-parts-center.com\/de\/wp-json\/wp\/v2\/product_cat?post=96432"},{"taxonomy":"product_tag","embeddable":true,"href":"https:\/\/drone-parts-center.com\/de\/wp-json\/wp\/v2\/product_tag?post=96432"}],"curies":[{"name":"wp","href":"https:\/\/api.w.org\/{rel}","templated":true}]}}