{"id":96426,"date":"2023-03-08T13:54:53","date_gmt":"2023-03-08T12:54:53","guid":{"rendered":"https:\/\/drone-parts-center.com\/produit\/dji-avata-flachbandkabel-zur-verbindung-von-vision-sensor-und-mainboard\/"},"modified":"2025-10-01T16:32:12","modified_gmt":"2025-10-01T14:32:12","slug":"dji-avata-flachbandkabel-zur-verbindung-von-vision-sensor-und-mainboard","status":"publish","type":"product","link":"https:\/\/drone-parts-center.com\/de\/produkt\/dji-avata-flachbandkabel-zur-verbindung-von-vision-sensor-und-mainboard\/","title":{"rendered":"DJI Avata - Flachbandkabel zur Verbindung von Vision Sensor und Mainboard"},"content":{"rendered":"<p>Das <strong>DJI Avata Flachbandkabel<\/strong> ist ein wichtiges Teil, um die perfekte Verbindung zwischen dem Vision-Sensor und der Hauptplatine Ihrer DJI Avata Drohne zu gew\u00e4hrleisten. Wenn Ihr aktuelles Kabel besch\u00e4digt oder defekt ist, k\u00f6nnen Sie es mit diesem Produkt schnell und einfach ersetzen, ohne die Leistung Ihrer Drohne zu beeintr\u00e4chtigen. <\/p>\n<p>Dieses <strong>Flachbandkabel<\/strong> ist ein neues und 100%iges Originalprodukt von DJI, das speziell f\u00fcr die Avata entwickelt wurde. Es enth\u00e4lt keine elektronischen Komponenten, so dass es einfach zu installieren ist, ohne dass andere empfindliche Teile der Drohne besch\u00e4digt werden. Dieser Ersatz ist ideal f\u00fcr Benutzer, die ihre DJI Avata in einwandfreiem Betriebszustand halten und gleichzeitig die hohen Kosten einer vollst\u00e4ndigen Reparatur vermeiden m\u00f6chten.  <\/p>\n<p>Charaktereigenschaften:<\/p>\n<ul>\n<li>Nur mit <strong>DJI Avata<\/strong> kompatibel<\/li>\n<li>Erm\u00f6glicht den Anschluss des Vision-Sensors an das Motherboard<\/li>\n<li><strong>Originalprodukt<\/strong> DJI, Qualit\u00e4tsgarantie<\/li>\n<li>Keine Elektronik f\u00fcr eine sichere Installation im Lieferumfang enthalten<\/li>\n<\/ul>\n<p>Dieses Flachbandkabel ist die perfekte L\u00f6sung, um die Lebensdauer Ihrer Drohne zu verl\u00e4ngern und gleichzeitig eine optimale Leistung zu erzielen.<\/p>\n","protected":false},"excerpt":{"rendered":"<p>Das <strong>DJI Avata Flachbandkabel<\/strong> verbindet den Vision-Sensor mit dem Motherboard Ihrer Drohne. Originalprodukt, ohne Elektronik, perfekt f\u00fcr eine schnelle und sichere Installation. <\/p>\n","protected":false},"featured_media":99766,"comment_status":"open","ping_status":"closed","template":"","meta":{"_seopress_robots_primary_cat":"","_seopress_titles_title":"DJI Avata Flachbandkabel: Einfaches und sicheres Auswechseln","_seopress_titles_desc":"Original DJI Avata Flachbandkabel zum Verbinden des Vision-Sensors und des Motherboards. Brandneues Produkt, einfach zu installieren, ohne Elektronik. DJI Avata kompatibel.  ","_seopress_robots_index":"yes"},"product_brand":[19390],"product_cat":[15785],"product_tag":[15784,15485,16418,16449,16450,16452,15678,16451],"class_list":{"0":"post-96426","1":"product","2":"type-product","3":"status-publish","4":"has-post-thumbnail","6":"product_brand-dji","7":"product_cat-dji-avata-de","8":"product_tag-avata-de","9":"product_tag-dji-de-3","10":"product_tag-dji-avata-de","11":"product_tag-dji-avata-flachkabel","12":"product_tag-dji-avata-reparatur","13":"product_tag-dji-ersatzteil","14":"product_tag-dji-zubehor-de-2","15":"product_tag-kabel-fur-vision-sensoren","17":"first","18":"outofstock","19":"taxable","20":"shipping-taxable","21":"purchasable","22":"product-type-simple"},"_links":{"self":[{"href":"https:\/\/drone-parts-center.com\/de\/wp-json\/wp\/v2\/product\/96426","targetHints":{"allow":["GET"]}}],"collection":[{"href":"https:\/\/drone-parts-center.com\/de\/wp-json\/wp\/v2\/product"}],"about":[{"href":"https:\/\/drone-parts-center.com\/de\/wp-json\/wp\/v2\/types\/product"}],"replies":[{"embeddable":true,"href":"https:\/\/drone-parts-center.com\/de\/wp-json\/wp\/v2\/comments?post=96426"}],"wp:featuredmedia":[{"embeddable":true,"href":"https:\/\/drone-parts-center.com\/de\/wp-json\/wp\/v2\/media\/99766"}],"wp:attachment":[{"href":"https:\/\/drone-parts-center.com\/de\/wp-json\/wp\/v2\/media?parent=96426"}],"wp:term":[{"taxonomy":"product_brand","embeddable":true,"href":"https:\/\/drone-parts-center.com\/de\/wp-json\/wp\/v2\/product_brand?post=96426"},{"taxonomy":"product_cat","embeddable":true,"href":"https:\/\/drone-parts-center.com\/de\/wp-json\/wp\/v2\/product_cat?post=96426"},{"taxonomy":"product_tag","embeddable":true,"href":"https:\/\/drone-parts-center.com\/de\/wp-json\/wp\/v2\/product_tag?post=96426"}],"curies":[{"name":"wp","href":"https:\/\/api.w.org\/{rel}","templated":true}]}}