{"id":96424,"date":"2023-03-27T13:26:41","date_gmt":"2023-03-27T11:26:41","guid":{"rendered":"https:\/\/drone-parts-center.com\/produit\/jz-t30-led-projektor-fuer-dji-mavic-3-enterprise\/"},"modified":"2025-11-29T09:28:27","modified_gmt":"2025-11-29T08:28:27","slug":"jz-t30-led-projektor-fuer-dji-mavic-3-enterprise","status":"publish","type":"product","link":"https:\/\/drone-parts-center.com\/de\/produkt\/jz-t30-led-projektor-fuer-dji-mavic-3-enterprise\/","title":{"rendered":"JZ - T30 LED Projektor f\u00fcr DJI Mavic 3 Enterprise"},"content":{"rendered":"<p>Der <strong>T30 LED-Scheinwerfer f\u00fcr DJI Mavic 3 Enterprise<\/strong> ist ideal f\u00fcr Missionen bei Nacht oder bei schlechten Lichtverh\u00e4ltnissen. Mit einer <g id=\"gid_1\">Leistung von 30 W<\/g> bietet er eine starke Beleuchtung und ist dabei mit nur <g id=\"gid_2\">110 g<\/g> leicht. Der <strong>14-Grad-Winkel<\/strong> erm\u00f6glicht eine optimale Konzentration des Lichts und beleuchtet effektiv bis zu <strong>50 Meter<\/strong> mit mehr als <strong>24 Lux<\/strong>.  <\/p>\n<p>Dieser Scheinwerfer ist mit einem stabilisierten Gimbal mit einer Achse ausgestattet, der eine pr\u00e4zise Ausrichtung der Beleuchtung gew\u00e4hrleistet. Er ist so konzipiert, dass er sich perfekt in die Drohnen <g id=\"gid_0\">DJI Mavic 3E und Mavic 3T<\/g> integrieren l\u00e4sst und wird \u00fcber die Anwendung <g id=\"gid_1\">DJI Pilot 2<\/g> gesteuert. Ob Sie nun auf einer \u00dcberwachungs-, Such- oder Inspektionsmission sind, dieser Scheinwerfer bietet eine zuverl\u00e4ssige und konstante Leistung.  <\/p>\n<h3>Schl\u00fcsselpunkte :<\/h3>\n<ul>\n<li><strong>30 W<\/strong> Lichtleistung<\/li>\n<li>Wiegt nur <strong>110 g<\/strong><\/li>\n<li><strong>14 Grad<\/strong> Wurfwinkel<\/li>\n<li>Helligkeit von mehr als <strong>24 Lux<\/strong> auf <strong>50 Meter<\/strong><\/li>\n<li>Kompatibel mit <strong>DJI Mavic 3 Enterprise<\/strong> und <strong>Mavic 3T<\/strong><\/li>\n<li>Steuerbar \u00fcber <strong>DJI Pilot 2<\/strong> und einachsige Stabilisierung<\/li>\n<\/ul>\n","protected":false},"excerpt":{"rendered":"<p>T30 LED-Projektor f\u00fcr DJI Mavic 3 Enterprise. 30W Leistung, 14\u00b0 Winkel, 50 Meter Helligkeit, leicht und kompatibel mit DJI Mavic 3E und Mavic 3T. <\/p>\n","protected":false},"featured_media":99814,"comment_status":"open","ping_status":"closed","template":"","meta":{"_seopress_robots_primary_cat":"none","_seopress_titles_title":"30W LED-Scheinwerfer f\u00fcr DJI Mavic 3 Enterprise","_seopress_titles_desc":"Entdecken Sie den LED-Scheinwerfer DJI Mavic 3 Enterprise, 30W f\u00fcr Nachtmissionen. Kompakt, 110g, beleuchtet bis zu 50m mit un\u00fcbertroffener Pr\u00e4zision. ","_seopress_robots_index":""},"product_brand":[19462],"product_cat":[15838],"product_tag":[16436,16438,15843],"class_list":{"0":"post-96424","1":"product","2":"type-product","3":"status-publish","4":"has-post-thumbnail","6":"product_brand-jz-drones","7":"product_cat-sicherheit-und-rettung","8":"product_tag-dji-mavic-3-enterprise-drohne","9":"product_tag-jz-t30-de","10":"product_tag-led-de","12":"first","13":"instock","14":"taxable","15":"shipping-taxable","16":"purchasable","17":"product-type-simple"},"_links":{"self":[{"href":"https:\/\/drone-parts-center.com\/de\/wp-json\/wp\/v2\/product\/96424","targetHints":{"allow":["GET"]}}],"collection":[{"href":"https:\/\/drone-parts-center.com\/de\/wp-json\/wp\/v2\/product"}],"about":[{"href":"https:\/\/drone-parts-center.com\/de\/wp-json\/wp\/v2\/types\/product"}],"replies":[{"embeddable":true,"href":"https:\/\/drone-parts-center.com\/de\/wp-json\/wp\/v2\/comments?post=96424"}],"wp:featuredmedia":[{"embeddable":true,"href":"https:\/\/drone-parts-center.com\/de\/wp-json\/wp\/v2\/media\/99814"}],"wp:attachment":[{"href":"https:\/\/drone-parts-center.com\/de\/wp-json\/wp\/v2\/media?parent=96424"}],"wp:term":[{"taxonomy":"product_brand","embeddable":true,"href":"https:\/\/drone-parts-center.com\/de\/wp-json\/wp\/v2\/product_brand?post=96424"},{"taxonomy":"product_cat","embeddable":true,"href":"https:\/\/drone-parts-center.com\/de\/wp-json\/wp\/v2\/product_cat?post=96424"},{"taxonomy":"product_tag","embeddable":true,"href":"https:\/\/drone-parts-center.com\/de\/wp-json\/wp\/v2\/product_tag?post=96424"}],"curies":[{"name":"wp","href":"https:\/\/api.w.org\/{rel}","templated":true}]}}