{"id":96407,"date":"2023-04-17T13:55:18","date_gmt":"2023-04-17T11:55:18","guid":{"rendered":"https:\/\/drone-parts-center.com\/produit\/sunnylife-sicherheitstasche-fuer-3-akkus-fuer-dji-mavic-3\/"},"modified":"2026-03-02T11:42:16","modified_gmt":"2026-03-02T10:42:16","slug":"sunnylife-sicherheitstasche-fuer-3-akkus-fuer-dji-mavic-3","status":"publish","type":"product","link":"https:\/\/drone-parts-center.com\/de\/produkt\/sunnylife-sicherheitstasche-fuer-3-akkus-fuer-dji-mavic-3\/","title":{"rendered":"Sunnylife - Sicherheitstasche f\u00fcr 3 Batterien f\u00fcr DJI Mavic 3"},"content":{"rendered":"<p>Die <strong>Sicherheitstasche f\u00fcr DJI Mavic 3 Batterien<\/strong> von Sunnylife ist ein unverzichtbares Zubeh\u00f6r f\u00fcr jeden Benutzer der DJI Mavic 3 Drohne. Diese Tasche ist f\u00fcr die Aufbewahrung und den Schutz von bis zu drei Ersatzakkus konzipiert. Sie bietet optimalen Schutz vor St\u00f6\u00dfen, Feuchtigkeit und potenziellen Kurzschl\u00fcssen und garantiert so maximale Sicherheit beim Transport.  <\/p>\n<p>Hergestellt aus wasser- und sto\u00dffesten Materialien ist diese <strong>DJI Mavic 3 Sicherheitstasche<\/strong> robust und langlebig. Der sichere Verschluss verhindert ein versehentliches \u00d6ffnen und stellt sicher, dass Ihre Batterien w\u00e4hrend des Transports sicher sind. Dar\u00fcber hinaus ist die Tasche kompakt und leicht, so dass sie einfach zu transportieren ist, wenn Sie im Freien oder auf Reisen sind.  <\/p>\n<p>Mit dieser <strong>DJI-Batterie-Tasche<\/strong> sch\u00fctzen Sie Ihre Batterien nicht nur vor Sch\u00e4den, sondern verl\u00e4ngern auch ihre Lebensdauer. Dieses <strong>Sunnylife DJI Mavic 3 Zubeh\u00f6r<\/strong> ist ideal f\u00fcr Drohnenpiloten, die ihre Akkus sicher transportieren und die Risiken vermeiden m\u00f6chten, die mit der Handhabung der Akkus verbunden sind. <\/p>\n<p>Charaktereigenschaften:<\/p>\n<ul>\n<li>Kann bis zu <strong>3 DJI Mavic 3 Akkus<\/strong> aufnehmen<\/li>\n<li>Wasserbest\u00e4ndige und sto\u00dffeste Materialien<\/li>\n<li>Sicherer Verschluss f\u00fcr zus\u00e4tzlichen Schutz<\/li>\n<li>Leicht und kompakt, einfach zu transportieren<\/li>\n<\/ul>\n<p>Mit dieser <strong>Sicherheitstasche von Sunnylife<\/strong> verl\u00e4ngern Sie die Lebensdauer Ihrer Batterien und sorgen daf\u00fcr, dass sie unterwegs sicher sind.<\/p>\n","protected":false},"excerpt":{"rendered":"<p>Die <strong>Sunnylife Sicherheitstasche<\/strong> f\u00fcr <strong>DJI Mavic 3-Akkus<\/strong> sch\u00fctzt Ihre Akkus vor St\u00f6\u00dfen und Feuchtigkeit. Die Tasche ist leicht und kompakt und bietet dank des verst\u00e4rkten Verschlusses einen sicheren Transport von drei Batterien. <\/p>\n","protected":false},"featured_media":99866,"comment_status":"open","ping_status":"closed","template":"","meta":{"_seopress_robots_primary_cat":"","_seopress_titles_title":"Sunnylife Sicherheitstasche f\u00fcr 3 DJI Mavic 3 Akkus","_seopress_titles_desc":"Sunnylife Sicherheitstasche f\u00fcr 3 DJI Mavic 3 Akkus. Wasser- und sto\u00dffest, kompakt und leicht. Sch\u00fctzt Ihre Batterien effektiv.  ","_seopress_robots_index":""},"product_brand":[19432],"product_cat":[19957,15718],"product_tag":[15630,16218,16410,16392],"class_list":{"0":"post-96407","1":"product","2":"type-product","3":"status-publish","4":"has-post-thumbnail","6":"product_brand-sunnylife","7":"product_cat-auslaufmodelle","8":"product_cat-dji-mavic-3-de-2","9":"product_tag-batterie-de-3","10":"product_tag-dji-mavic-3-de-2","11":"product_tag-sicherheitstasche","12":"product_tag-sunnylife-de","13":"pa_type-ccw-de","14":"pa_type-cw-de","16":"first","17":"instock","18":"sale","19":"taxable","20":"shipping-taxable","21":"purchasable","22":"product-type-simple"},"_links":{"self":[{"href":"https:\/\/drone-parts-center.com\/de\/wp-json\/wp\/v2\/product\/96407","targetHints":{"allow":["GET"]}}],"collection":[{"href":"https:\/\/drone-parts-center.com\/de\/wp-json\/wp\/v2\/product"}],"about":[{"href":"https:\/\/drone-parts-center.com\/de\/wp-json\/wp\/v2\/types\/product"}],"replies":[{"embeddable":true,"href":"https:\/\/drone-parts-center.com\/de\/wp-json\/wp\/v2\/comments?post=96407"}],"wp:featuredmedia":[{"embeddable":true,"href":"https:\/\/drone-parts-center.com\/de\/wp-json\/wp\/v2\/media\/99866"}],"wp:attachment":[{"href":"https:\/\/drone-parts-center.com\/de\/wp-json\/wp\/v2\/media?parent=96407"}],"wp:term":[{"taxonomy":"product_brand","embeddable":true,"href":"https:\/\/drone-parts-center.com\/de\/wp-json\/wp\/v2\/product_brand?post=96407"},{"taxonomy":"product_cat","embeddable":true,"href":"https:\/\/drone-parts-center.com\/de\/wp-json\/wp\/v2\/product_cat?post=96407"},{"taxonomy":"product_tag","embeddable":true,"href":"https:\/\/drone-parts-center.com\/de\/wp-json\/wp\/v2\/product_tag?post=96407"}],"curies":[{"name":"wp","href":"https:\/\/api.w.org\/{rel}","templated":true}]}}