{"id":96405,"date":"2023-04-17T14:04:32","date_gmt":"2023-04-17T12:04:32","guid":{"rendered":"https:\/\/drone-parts-center.com\/produit\/sunnylife-2-akkus-sicherheitstasche-fuer-dji-avata\/"},"modified":"2026-03-08T13:39:34","modified_gmt":"2026-03-08T12:39:34","slug":"sunnylife-2-akkus-sicherheitstasche-fuer-dji-avata","status":"publish","type":"product","link":"https:\/\/drone-parts-center.com\/de\/produkt\/sunnylife-2-akkus-sicherheitstasche-fuer-dji-avata\/","title":{"rendered":"Sunnylife - 2 Akkus Sicherheitstasche f\u00fcr DJI Avata"},"content":{"rendered":"<p>Die <strong>Sicherheitstasche f\u00fcr DJI Avata-Akkus<\/strong> von Sunnylife wurde entwickelt, um einen zuverl\u00e4ssigen Schutz f\u00fcr Ihre Ersatzakkus zu bieten. Sie bietet Platz f\u00fcr zwei Akkus und sorgt f\u00fcr optimale Sicherheit beim Transport. Hergestellt aus wasser- und sto\u00dffesten Materialien, sch\u00fctzt sie Ihre Batterien effektiv vor m\u00f6glichen Sch\u00e4den.  <\/p>\n<p>Dar\u00fcber hinaus ist diese <strong>DJI Avata Sicherheitstasche<\/strong> kompakt und leicht, so dass sie einfach zu transportieren ist, sei es auf Reisen oder einfach nur f\u00fcr Ihre Flugsitzungen. Dank des sicheren Verschlusses bleiben Ihre Batterien gut gesch\u00fctzt. Dies verringert das Risiko eines Kurzschlusses oder einer versehentlichen Besch\u00e4digung. So verl\u00e4ngern Sie die Lebensdauer Ihrer Batterien auf einfache Weise.   <\/p>\n<p>Mit diesem <strong>Sunnylife DJI Avata Zubeh\u00f6r<\/strong> entscheiden Sie sich f\u00fcr eine dauerhafte und praktische L\u00f6sung, um Ihre Batterien zu sch\u00fctzen. Diese Tasche ist der perfekte Verb\u00fcndete f\u00fcr Drohnenpiloten, die ihre Akkus sicher transportieren und die Risiken vermeiden m\u00f6chten, die mit der Handhabung verbunden sind. <\/p>\n<p>Charaktereigenschaften:<\/p>\n<ul>\n<li>Kapazit\u00e4t f\u00fcr <strong>2 DJI Avata Akkus<\/strong><\/li>\n<li>Wasser- und schlagfeste Materialien<\/li>\n<li>Sicherer Verschluss, um ein versehentliches \u00d6ffnen zu verhindern<\/li>\n<li>Leicht, kompakt und einfach zu transportieren<\/li>\n<\/ul>\n<p>Mit dieser <strong>Sunnylife Sicherheitstasche<\/strong> sch\u00fctzen Sie Ihre Batterien und verl\u00e4ngern gleichzeitig deren Lebensdauer mit effektivem Schutz auf jeder Reise.<\/p>\n","protected":false},"excerpt":{"rendered":"<p>Die <strong>Sunnylife Safety Bag<\/strong> f\u00fcr <strong>DJI Avata Akkus<\/strong> sch\u00fctzt zwei Akkus effektiv vor St\u00f6\u00dfen und Wasser. Kompakt und leicht, sorgt es dank seines verst\u00e4rkten Verschlusses f\u00fcr einen sicheren Transport. <\/p>\n","protected":false},"featured_media":99878,"comment_status":"open","ping_status":"closed","template":"","meta":{"_seopress_robots_primary_cat":"","_seopress_titles_title":"Sunnylife Sicherheitstasche f\u00fcr 2 DJI Avata Akkus","_seopress_titles_desc":"Sunnylife Sicherheitstasche f\u00fcr 2 DJI Avata Akkus. Kompakt, wasser- und sto\u00dffest, sch\u00fctzt es Ihre Batterien w\u00e4hrend des Transports. ","_seopress_robots_index":"","_seopress_analysis_target_kw":"DJI Avata Akku-Sicherheitstasche"},"product_brand":[19432],"product_cat":[19957,15720],"product_tag":[15630,16418,16410,16392],"class_list":{"0":"post-96405","1":"product","2":"type-product","3":"status-publish","4":"has-post-thumbnail","6":"product_brand-sunnylife","7":"product_cat-auslaufmodelle","8":"product_cat-dji-avata-1-und-2","9":"product_tag-batterie-de-3","10":"product_tag-dji-avata-de","11":"product_tag-sicherheitstasche","12":"product_tag-sunnylife-de","13":"pa_type-ccw-de","14":"pa_type-cw-de","16":"first","17":"instock","18":"sale","19":"taxable","20":"shipping-taxable","21":"purchasable","22":"product-type-simple"},"_links":{"self":[{"href":"https:\/\/drone-parts-center.com\/de\/wp-json\/wp\/v2\/product\/96405","targetHints":{"allow":["GET"]}}],"collection":[{"href":"https:\/\/drone-parts-center.com\/de\/wp-json\/wp\/v2\/product"}],"about":[{"href":"https:\/\/drone-parts-center.com\/de\/wp-json\/wp\/v2\/types\/product"}],"replies":[{"embeddable":true,"href":"https:\/\/drone-parts-center.com\/de\/wp-json\/wp\/v2\/comments?post=96405"}],"wp:featuredmedia":[{"embeddable":true,"href":"https:\/\/drone-parts-center.com\/de\/wp-json\/wp\/v2\/media\/99878"}],"wp:attachment":[{"href":"https:\/\/drone-parts-center.com\/de\/wp-json\/wp\/v2\/media?parent=96405"}],"wp:term":[{"taxonomy":"product_brand","embeddable":true,"href":"https:\/\/drone-parts-center.com\/de\/wp-json\/wp\/v2\/product_brand?post=96405"},{"taxonomy":"product_cat","embeddable":true,"href":"https:\/\/drone-parts-center.com\/de\/wp-json\/wp\/v2\/product_cat?post=96405"},{"taxonomy":"product_tag","embeddable":true,"href":"https:\/\/drone-parts-center.com\/de\/wp-json\/wp\/v2\/product_tag?post=96405"}],"curies":[{"name":"wp","href":"https:\/\/api.w.org\/{rel}","templated":true}]}}