{"id":96404,"date":"2023-04-17T14:04:33","date_gmt":"2023-04-17T12:04:33","guid":{"rendered":"https:\/\/drone-parts-center.com\/produit\/sunnylife-sicherheitstasche-fuer-3-akkus-fuer-dji-avata\/"},"modified":"2025-07-26T20:42:50","modified_gmt":"2025-07-26T18:42:50","slug":"sunnylife-sicherheitstasche-fuer-3-akkus-fuer-dji-avata","status":"publish","type":"product","link":"https:\/\/drone-parts-center.com\/de\/produkt\/sunnylife-sicherheitstasche-fuer-3-akkus-fuer-dji-avata\/","title":{"rendered":"Sunnylife - Sicherheitstasche f\u00fcr 3 Akkus f\u00fcr DJI Avata"},"content":{"rendered":"<p>Die <strong>DJI Avata Akku-Sicherheitstasche<\/strong> von Sunnylife ist ein unverzichtbares Zubeh\u00f6r f\u00fcr den sicheren Transport von bis zu drei Akkus. Die Tasche wurde f\u00fcr optimalen Schutz entwickelt und sch\u00fctzt Ihre Akkus vor St\u00f6\u00dfen, Feuchtigkeit und Kurzschl\u00fcssen. Dank des wasserfesten Designs ist Ihre Ausr\u00fcstung auch unterwegs sicher.  <\/p>\n<p>Diese Tasche ist leicht und kompakt, so dass sie einfach zu transportieren ist, ohne Ihre Ausr\u00fcstung zu belasten. Au\u00dferdem verhindert der verst\u00e4rkte Verschluss ein versehentliches \u00d6ffnen und sorgt so f\u00fcr maximalen Schutz. Mit dieser <strong>Tasche von Sunnylife<\/strong> verl\u00e4ngern Sie die Lebensdauer Ihrer Batterien und sorgen gleichzeitig f\u00fcr deren Sicherheit.  <\/p>\n<p>Au\u00dferdem ist dieses Zubeh\u00f6r besonders n\u00fctzlich f\u00fcr <strong>DJI Avata<\/strong> Piloten, die w\u00e4hrend ihrer Flugsessions organisiert bleiben wollen. Dank des ergonomischen Designs k\u00f6nnen Sie Ihre Akkus leicht und sicher transportieren. <\/p>\n<p>Charaktereigenschaften:<\/p>\n<ul>\n<li>Fasst bis zu <strong>3 DJI Avata Akkus<\/strong><\/li>\n<li>Wasser- und sto\u00dffest<\/li>\n<li>Sicherer Verschluss, um ein versehentliches \u00d6ffnen zu verhindern<\/li>\n<li>Leicht und kompakt f\u00fcr bequemen Transport<\/li>\n<\/ul>\n<p>Wenn Sie sich f\u00fcr diese <strong>Sunnylife-Sicherheitstasche<\/strong> entscheiden, bleiben Ihre Batterien bei jeder Reise gesch\u00fctzt.<\/p>\n","protected":false},"excerpt":{"rendered":"<p>Die <strong>Sunnylife Safety Bag<\/strong> f\u00fcr DJI Avata Akkus sch\u00fctzt vor St\u00f6\u00dfen und Wasser. Kompakt und leicht, erm\u00f6glicht es Ihnen, drei Batterien sicher zu transportieren. <\/p>\n","protected":false},"featured_media":99879,"comment_status":"open","ping_status":"closed","template":"","meta":{"_seopress_robots_primary_cat":"","_seopress_titles_title":"DJI Avata Akku-Sicherheitstasche \u2013 Sunnylife","_seopress_titles_desc":"Sunnylife Sicherheitstasche f\u00fcr DJI Avata Batterien. Leicht, kompakt und sto\u00dffest und wasserfest, ideal zum Schutz und Transport Ihrer Batterien. ","_seopress_robots_index":"","_seopress_analysis_target_kw":"DJI Avata Akku-Sicherheitstasche"},"product_brand":[19432],"product_cat":[15720],"product_tag":[15784,15630,15485,16410,16392],"class_list":{"0":"post-96404","1":"product","2":"type-product","3":"status-publish","4":"has-post-thumbnail","6":"product_brand-sunnylife","7":"product_cat-dji-avata-1-und-2","8":"product_tag-avata-de","9":"product_tag-batterie-de-3","10":"product_tag-dji-de-3","11":"product_tag-sicherheitstasche","12":"product_tag-sunnylife-de","13":"pa_type-ccw-de","14":"pa_type-cw-de","16":"first","17":"instock","18":"taxable","19":"shipping-taxable","20":"purchasable","21":"product-type-simple"},"_links":{"self":[{"href":"https:\/\/drone-parts-center.com\/de\/wp-json\/wp\/v2\/product\/96404","targetHints":{"allow":["GET"]}}],"collection":[{"href":"https:\/\/drone-parts-center.com\/de\/wp-json\/wp\/v2\/product"}],"about":[{"href":"https:\/\/drone-parts-center.com\/de\/wp-json\/wp\/v2\/types\/product"}],"replies":[{"embeddable":true,"href":"https:\/\/drone-parts-center.com\/de\/wp-json\/wp\/v2\/comments?post=96404"}],"wp:featuredmedia":[{"embeddable":true,"href":"https:\/\/drone-parts-center.com\/de\/wp-json\/wp\/v2\/media\/99879"}],"wp:attachment":[{"href":"https:\/\/drone-parts-center.com\/de\/wp-json\/wp\/v2\/media?parent=96404"}],"wp:term":[{"taxonomy":"product_brand","embeddable":true,"href":"https:\/\/drone-parts-center.com\/de\/wp-json\/wp\/v2\/product_brand?post=96404"},{"taxonomy":"product_cat","embeddable":true,"href":"https:\/\/drone-parts-center.com\/de\/wp-json\/wp\/v2\/product_cat?post=96404"},{"taxonomy":"product_tag","embeddable":true,"href":"https:\/\/drone-parts-center.com\/de\/wp-json\/wp\/v2\/product_tag?post=96404"}],"curies":[{"name":"wp","href":"https:\/\/api.w.org\/{rel}","templated":true}]}}