{"id":96403,"date":"2023-04-17T14:09:24","date_gmt":"2023-04-17T12:09:24","guid":{"rendered":"https:\/\/drone-parts-center.com\/produit\/sunnylife-sicherheitstasche-fuer-3-akkus-fuer-dji-mini-mini-2-se\/"},"modified":"2026-03-08T13:39:34","modified_gmt":"2026-03-08T12:39:34","slug":"sunnylife-sicherheitstasche-fuer-3-akkus-fuer-dji-mini-mini-2-se","status":"publish","type":"product","link":"https:\/\/drone-parts-center.com\/de\/produkt\/sunnylife-sicherheitstasche-fuer-3-akkus-fuer-dji-mini-mini-2-se\/","title":{"rendered":"Sunnylife - Sicherheitstasche f\u00fcr 3 Akkus f\u00fcr DJI Mini\/Mini 2\/SE"},"content":{"rendered":"<p>Die <strong>DJI Mini Akku-Sicherheitstasche<\/strong> von Sunnylife ist ein unverzichtbares Zubeh\u00f6r, um Ihre Akkus auf Reisen zu sch\u00fctzen. Die Tasche ist mit den Modellen <strong>DJI Mini<\/strong>, <strong>Mini 2<\/strong> und <strong>Mini SE<\/strong> kompatibel und verwendet ein feuerfestes Material, um Br\u00e4nde und \u00dcberhitzung zu verhindern. <\/p>\n<p>Diese kompakte Tasche kann bis zu drei Batterien aufnehmen und bietet nicht nur einen wirksamen Schutz vor Unf\u00e4llen, sondern sorgt auch f\u00fcr eine ordentliche Organisation. Dar\u00fcber hinaus verhindert sie Kurzschl\u00fcsse und verl\u00e4ngert so die Lebensdauer Ihrer Batterien. <\/p>\n<h3>Hauptmerkmale :<\/h3>\n<ul>\n<li><strong>Mehr Sicherheit<\/strong> durch feuerhemmendes Material.<\/li>\n<li>Kapazit\u00e4t von <strong>3 DJI Mini Akkus<\/strong>.<\/li>\n<li>Leicht, einfach zu transportieren und zu lagern.<\/li>\n<li>Ideal f\u00fcr Reisen oder die Aufbewahrung zu Hause.<\/li>\n<\/ul>\n<p>Diese Tasche erf\u00fcllt die Bed\u00fcrfnisse von Drohnen-Enthusiasten und sorgt daf\u00fcr, dass Ihre Akkus immer sicher sind, egal ob Sie unterwegs oder zu Hause sind. Wenn Sie in diese Tasche investieren, verl\u00e4ngern Sie die Lebensdauer Ihrer Batterien und transportieren Sie Ihre Ausr\u00fcstung in aller Ruhe. <\/p>\n","protected":false},"excerpt":{"rendered":"<p>Die Sunnylife Safety Bag sch\u00fctzt 3 Akkus von DJI Mini, Mini 2 und SE vor Feuer. Kompakt und widerstandsf\u00e4hig, sorgt es f\u00fcr optimale Sicherheit. <\/p>\n","protected":false},"featured_media":99880,"comment_status":"open","ping_status":"closed","template":"","meta":{"_seopress_robots_primary_cat":"","_seopress_titles_title":"DJI Mini Akku Sicherheitstasche - Sunnylife - 3 Akkus f\u00fcr Mini\/Mini 2\/SE","_seopress_titles_desc":"Sicherheitstasche f\u00fcr DJI Mini, Mini 2 und SE Akkus von Sunnylife. Kapazit\u00e4t 3 Batterien, Brandschutz mit schwer entflammbarem Material. Sicherer Transport.  ","_seopress_robots_index":"","_seopress_analysis_target_kw":"DJI Mini Akku Sicherheitstasche"},"product_brand":[19432],"product_cat":[19957,15627,15692],"product_tag":[15630,15485,15693,15888,16266,16410,16392],"class_list":{"0":"post-96403","1":"product","2":"type-product","3":"status-publish","4":"has-post-thumbnail","6":"product_brand-sunnylife","7":"product_cat-auslaufmodelle","8":"product_cat-dji-mavic-mini-de-2","9":"product_cat-dji-mini-2-de-2","10":"product_tag-batterie-de-3","11":"product_tag-dji-de-3","12":"product_tag-mini-de-2","13":"product_tag-mini-2-de-2","14":"product_tag-sich","15":"product_tag-sicherheitstasche","16":"product_tag-sunnylife-de","17":"pa_type-ccw-de","18":"pa_type-cw-de","20":"first","21":"instock","22":"sale","23":"taxable","24":"shipping-taxable","25":"purchasable","26":"product-type-simple"},"_links":{"self":[{"href":"https:\/\/drone-parts-center.com\/de\/wp-json\/wp\/v2\/product\/96403","targetHints":{"allow":["GET"]}}],"collection":[{"href":"https:\/\/drone-parts-center.com\/de\/wp-json\/wp\/v2\/product"}],"about":[{"href":"https:\/\/drone-parts-center.com\/de\/wp-json\/wp\/v2\/types\/product"}],"replies":[{"embeddable":true,"href":"https:\/\/drone-parts-center.com\/de\/wp-json\/wp\/v2\/comments?post=96403"}],"wp:featuredmedia":[{"embeddable":true,"href":"https:\/\/drone-parts-center.com\/de\/wp-json\/wp\/v2\/media\/99880"}],"wp:attachment":[{"href":"https:\/\/drone-parts-center.com\/de\/wp-json\/wp\/v2\/media?parent=96403"}],"wp:term":[{"taxonomy":"product_brand","embeddable":true,"href":"https:\/\/drone-parts-center.com\/de\/wp-json\/wp\/v2\/product_brand?post=96403"},{"taxonomy":"product_cat","embeddable":true,"href":"https:\/\/drone-parts-center.com\/de\/wp-json\/wp\/v2\/product_cat?post=96403"},{"taxonomy":"product_tag","embeddable":true,"href":"https:\/\/drone-parts-center.com\/de\/wp-json\/wp\/v2\/product_tag?post=96403"}],"curies":[{"name":"wp","href":"https:\/\/api.w.org\/{rel}","templated":true}]}}